{"id":7398,"date":"2012-02-13T01:52:58","date_gmt":"2012-02-13T01:52:58","guid":{"rendered":"https:\/\/www.acasinhadamatematica.pt\/?page_id=7398"},"modified":"2012-02-13T01:52:58","modified_gmt":"2012-02-13T01:52:58","slug":"circunferencia-e-poligonos","status":"publish","type":"page","link":"https:\/\/www.acasinhadamatematica.pt\/?page_id=7398","title":{"rendered":"Circunfer\u00eancia e Pol\u00edgonos"},"content":{"rendered":"<ul class=\"lcp_catlist\" id=\"lcp_instance_0\"><li><a href=\"https:\/\/www.acasinhadamatematica.pt\/?p=13475\">Na figura est\u00e1 representada uma circunfer\u00eancia<\/a>  4 de Fevereiro de 2018<\/li><li><a href=\"https:\/\/www.acasinhadamatematica.pt\/?p=13472\">Uma circunfer\u00eancia, um tri\u00e2ngulo e um quadrado<\/a>  4 de Fevereiro de 2018<\/li><li><a href=\"https:\/\/www.acasinhadamatematica.pt\/?p=13465\">Uma circunfer\u00eancia e dois tri\u00e2ngulos<\/a>  4 de Fevereiro de 2018<\/li><li><a href=\"https:\/\/www.acasinhadamatematica.pt\/?p=13461\">Na figura est\u00e1 representada uma circunfer\u00eancia<\/a>  4 de Fevereiro de 2018<\/li><li><a href=\"https:\/\/www.acasinhadamatematica.pt\/?p=13458\">Um quadril\u00e1tero inscrito numa circunfer\u00eancia<\/a>  3 de Fevereiro de 2018<\/li><li><a href=\"https:\/\/www.acasinhadamatematica.pt\/?p=13453\">Um hex\u00e1gono regular inscrito numa circunfer\u00eancia<\/a>  3 de Fevereiro de 2018<\/li><li><a href=\"https:\/\/www.acasinhadamatematica.pt\/?p=13449\">Um pol\u00edgono regular tem 25 lados<\/a>  3 de Fevereiro de 2018<\/li><li><a href=\"https:\/\/www.acasinhadamatematica.pt\/?p=13444\">Numa circunfer\u00eancia com 12 cm de raio est\u00e1 inscrito um quadrado<\/a>  3 de Fevereiro de 2018<\/li><li><a href=\"https:\/\/www.acasinhadamatematica.pt\/?p=13440\">Um \u00e2ngulo de v\u00e9rtice no interior de um c\u00edrculo<\/a>  2 de Fevereiro de 2018<\/li><li><a href=\"https:\/\/www.acasinhadamatematica.pt\/?p=13435\">Um \u00e2ngulo de v\u00e9rtice exterior a um c\u00edrculo<\/a>  2 de Fevereiro de 2018<\/li><li><a href=\"https:\/\/www.acasinhadamatematica.pt\/?p=13427\">A reta BC \u00e9 tangente \u00e0 circunfer\u00eancia<\/a>  2 de Fevereiro de 2018<\/li><li><a href=\"https:\/\/www.acasinhadamatematica.pt\/?p=13423\">Determina o valor de x em cada caso<\/a>  1 de Fevereiro de 2018<\/li><li><a href=\"https:\/\/www.acasinhadamatematica.pt\/?p=13420\">\u00c1rea de um segmento de c\u00edrculo<\/a>  1 de Fevereiro de 2018<\/li><li><a href=\"https:\/\/www.acasinhadamatematica.pt\/?p=13416\">A \u00e1rea de um setor circular<\/a>  1 de Fevereiro de 2018<\/li><li><a href=\"https:\/\/www.acasinhadamatematica.pt\/?p=13412\">Um setor circular&#8230;<\/a>  1 de Fevereiro de 2018<\/li><li><a href=\"https:\/\/www.acasinhadamatematica.pt\/?p=13401\">Determina x e y, em cada caso<\/a>  31 de Janeiro de 2018<\/li><li><a href=\"https:\/\/www.acasinhadamatematica.pt\/?p=13398\">Desenha um dodec\u00e1gono regular<\/a>  30 de Janeiro de 2018<\/li><li><a href=\"https:\/\/www.acasinhadamatematica.pt\/?p=13395\">Qual \u00e9 a \u00e1rea da parte colorida da figura?<\/a>  29 de Janeiro de 2018<\/li><li><a href=\"https:\/\/www.acasinhadamatematica.pt\/?p=13392\">Quantos lados tem o pol\u00edgono regular?<\/a>  29 de Janeiro de 2018<\/li><li><a href=\"https:\/\/www.acasinhadamatematica.pt\/?p=13387\">Qual \u00e9 o pol\u00edgono regular?<\/a>  29 de Janeiro de 2018<\/li><li><a href=\"https:\/\/www.acasinhadamatematica.pt\/?p=13383\">Um dec\u00e1gono regular<\/a>  29 de Janeiro de 2018<\/li><li><a href=\"https:\/\/www.acasinhadamatematica.pt\/?p=13381\">Qual \u00e9 o pol\u00edgono regular?<\/a>  29 de Janeiro de 2018<\/li><li><a href=\"https:\/\/www.acasinhadamatematica.pt\/?p=13375\">Um pol\u00edgono regular de 15 lados<\/a>  29 de Janeiro de 2018<\/li><li><a href=\"https:\/\/www.acasinhadamatematica.pt\/?p=13368\">Determina o valor de $x$ e de $y$<\/a>  29 de Janeiro de 2018<\/li><li><a href=\"https:\/\/www.acasinhadamatematica.pt\/?p=13365\">Um pent\u00e1gono<\/a>  28 de Janeiro de 2018<\/li><li><a href=\"https:\/\/www.acasinhadamatematica.pt\/?p=13362\">Quantos lados tem o pol\u00edgono?<\/a>  28 de Janeiro de 2018<\/li><li><a href=\"https:\/\/www.acasinhadamatematica.pt\/?p=13354\">Um hept\u00e1gono e um icos\u00e1gono<\/a>  28 de Janeiro de 2018<\/li><li><a href=\"https:\/\/www.acasinhadamatematica.pt\/?p=13348\">Um \u00e2ngulo externo de um pent\u00e1gono<\/a>  28 de Janeiro de 2018<\/li><li><a href=\"https:\/\/www.acasinhadamatematica.pt\/?p=13342\">Um pol\u00edgono convexo tem 36 lados<\/a>  28 de Janeiro de 2018<\/li><li><a href=\"https:\/\/www.acasinhadamatematica.pt\/?p=13336\">Uma circunfer\u00eancia e duas semirretas tangentes<\/a>  25 de Janeiro de 2018<\/li><li><a href=\"https:\/\/www.acasinhadamatematica.pt\/?p=13329\">Uma circunfer\u00eancia e duas retas concorrentes<\/a>  25 de Janeiro de 2018<\/li><li><a href=\"https:\/\/www.acasinhadamatematica.pt\/?p=13326\">Determina a amplitude do \u00e2ngulo BAC<\/a>  25 de Janeiro de 2018<\/li><li><a href=\"https:\/\/www.acasinhadamatematica.pt\/?p=13322\">Observa a figura<\/a>  25 de Janeiro de 2018<\/li><li><a href=\"https:\/\/www.acasinhadamatematica.pt\/?p=13318\">Calcula a amplitude do \u00e2ngulo APB<\/a>  25 de Janeiro de 2018<\/li><li><a href=\"https:\/\/www.acasinhadamatematica.pt\/?p=13315\">Determina o valor de $x$<\/a>  24 de Janeiro de 2018<\/li><li><a href=\"https:\/\/www.acasinhadamatematica.pt\/?p=13310\">Um \u00e2ngulo de v\u00e9rtice exterior a um c\u00edrculo<\/a>  24 de Janeiro de 2018<\/li><li><a href=\"https:\/\/www.acasinhadamatematica.pt\/?p=13301\">Determina o valor de x em cada caso<\/a>  18 de Janeiro de 2018<\/li><li><a href=\"https:\/\/www.acasinhadamatematica.pt\/?p=13298\">Calcula a medida da amplitude dos \u00e2ngulos<\/a>  18 de Janeiro de 2018<\/li><li><a href=\"https:\/\/www.acasinhadamatematica.pt\/?p=13294\">Observa a figura<\/a>  17 de Janeiro de 2018<\/li><li><a href=\"https:\/\/www.acasinhadamatematica.pt\/?p=13290\">Considera a figura seguinte<\/a>  17 de Janeiro de 2018<\/li><li><a href=\"https:\/\/www.acasinhadamatematica.pt\/?p=13284\">Medida da amplitude do \u00e2ngulo de segmento<\/a>  17 de Janeiro de 2018<\/li><li><a href=\"https:\/\/www.acasinhadamatematica.pt\/?p=13272\">Quatro pontos de uma circunfer\u00eancia<\/a>  11 de Janeiro de 2018<\/li><li><a href=\"https:\/\/www.acasinhadamatematica.pt\/?p=13270\">A circunfer\u00eancia tem centro em P<\/a>  11 de Janeiro de 2018<\/li><li><a href=\"https:\/\/www.acasinhadamatematica.pt\/?p=13265\">O \u00e9 o centro da circunfer\u00eancia<\/a>  11 de Janeiro de 2018<\/li><li><a href=\"https:\/\/www.acasinhadamatematica.pt\/?p=13259\">O tri\u00e2ngulo [MAR] \u00e9 ret\u00e2ngulo<\/a>  11 de Janeiro de 2018<\/li><li><a href=\"https:\/\/www.acasinhadamatematica.pt\/?p=13255\">Tri\u00e2ngulo inscrito na circunfer\u00eancia<\/a>  11 de Janeiro de 2018<\/li><li><a href=\"https:\/\/www.acasinhadamatematica.pt\/?p=13250\">O \u00e9 centro da circunfer\u00eancia<\/a>  11 de Janeiro de 2018<\/li><li><a href=\"https:\/\/www.acasinhadamatematica.pt\/?p=13245\">Considera a circunfer\u00eancia de centro O<\/a>  11 de Janeiro de 2018<\/li><li><a href=\"https:\/\/www.acasinhadamatematica.pt\/?p=13238\">Duas circunfer\u00eancias conc\u00eantricas<\/a>  10 de Janeiro de 2018<\/li><li><a href=\"https:\/\/www.acasinhadamatematica.pt\/?p=13231\">Duas circunfer\u00eancias<\/a>  10 de Janeiro de 2018<\/li><li><a href=\"https:\/\/www.acasinhadamatematica.pt\/?p=13227\">Uma reta perpendicular a uma corda da circunfer\u00eancia<\/a>  10 de Janeiro de 2018<\/li><li><a href=\"https:\/\/www.acasinhadamatematica.pt\/?p=13224\">Duas retas tangentes a uma circunfer\u00eancia<\/a>  10 de Janeiro de 2018<\/li><li><a href=\"https:\/\/www.acasinhadamatematica.pt\/?p=13220\">Uma reta tangente \u00e0 circunfer\u00eancia<\/a>  10 de Janeiro de 2018<\/li><li><a href=\"https:\/\/www.acasinhadamatematica.pt\/?p=13217\">Calcula a amplitude do arco BD<\/a>  10 de Janeiro de 2018<\/li><li><a href=\"https:\/\/www.acasinhadamatematica.pt\/?p=13212\">Observa a figura<\/a>  10 de Janeiro de 2018<\/li><li><a href=\"https:\/\/www.acasinhadamatematica.pt\/?p=13208\">Observa a figura<\/a>  10 de Janeiro de 2018<\/li><li><a href=\"https:\/\/www.acasinhadamatematica.pt\/?p=13203\">A Marta a andar de baloi\u00e7o<\/a>  10 de Janeiro de 2018<\/li><li><a href=\"https:\/\/www.acasinhadamatematica.pt\/?p=13201\">A \u00e1rea de um setor circular<\/a>  10 de Janeiro de 2018<\/li><li><a href=\"https:\/\/www.acasinhadamatematica.pt\/?p=13188\">Sobre uma circunfer\u00eancia<\/a>  8 de Janeiro de 2018<\/li><li><a href=\"https:\/\/www.acasinhadamatematica.pt\/?p=13181\">\u00c1rea de um setor circular<\/a>  8 de Janeiro de 2018<\/li><li><a href=\"https:\/\/www.acasinhadamatematica.pt\/?p=13176\">O Patusco<\/a>  4 de Janeiro de 2018<\/li><li><a href=\"https:\/\/www.acasinhadamatematica.pt\/?p=7397\">\u00c1rea de um setor circular<\/a>  13 de Fevereiro de 2012<\/li><li><a href=\"https:\/\/www.acasinhadamatematica.pt\/?p=7395\">Completa a tabela<\/a>  13 de Fevereiro de 2012<\/li><li><a href=\"https:\/\/www.acasinhadamatematica.pt\/?p=7392\">Um hex\u00e1gono regular<\/a>  12 de Fevereiro de 2012<\/li><li><a href=\"https:\/\/www.acasinhadamatematica.pt\/?p=7390\">Determina a \u00e1rea de um oct\u00f3gono regular<\/a>  12 de Fevereiro de 2012<\/li><li><a href=\"https:\/\/www.acasinhadamatematica.pt\/?p=7388\">Calcula o valor de $x$<\/a>  12 de Fevereiro de 2012<\/li><li><a href=\"https:\/\/www.acasinhadamatematica.pt\/?p=7384\">Um rob\u00f4<\/a>  12 de Fevereiro de 2012<\/li><li><a href=\"https:\/\/www.acasinhadamatematica.pt\/?p=7383\">Um pol\u00edgono regular<\/a>  12 de Fevereiro de 2012<\/li><li><a href=\"https:\/\/www.acasinhadamatematica.pt\/?p=7381\">Um pent\u00e1gono regular<\/a>  12 de Fevereiro de 2012<\/li><li><a href=\"https:\/\/www.acasinhadamatematica.pt\/?p=7379\">Qual \u00e9 o pol\u00edgono?<\/a>  12 de Fevereiro de 2012<\/li><li><a href=\"https:\/\/www.acasinhadamatematica.pt\/?p=7373\">Observa as figuras e calcula<\/a>  12 de Fevereiro de 2012<\/li><li><a href=\"https:\/\/www.acasinhadamatematica.pt\/?p=7371\">Sabendo que r \u00e9 perpendicular a [AB]<\/a>  12 de Fevereiro de 2012<\/li><li><a href=\"https:\/\/www.acasinhadamatematica.pt\/?p=7369\">Quatro \u00e2ngulos internos de um quadril\u00e1tero<\/a>  11 de Fevereiro de 2012<\/li><li><a href=\"https:\/\/www.acasinhadamatematica.pt\/?p=7358\">Observa as figuras e determina os valores de x e de y<\/a>  11 de Fevereiro de 2012<\/li><li><a href=\"https:\/\/www.acasinhadamatematica.pt\/?p=7354\">Ficha de Trabalho<\/a>  28 de Janeiro de 2012<\/li><\/ul>\n","protected":false},"excerpt":{"rendered":"<p><a href=\"https:\/\/www.acasinhadamatematica.pt\/wp-content\/uploads\/2011\/10\/MB900232133.jpg\"><\/a>A presente Ficha de Trabalho aborda o tema <em>Circunfer\u00eancia e pol\u00edgonos; Rota\u00e7\u00f5es<\/em>.<\/p>\n<p>As dificuldades que encontres durante a sua resolu\u00e7\u00e3o deves tentar super\u00e1-las consultando o manual e o caderno di\u00e1rio; depois, poder\u00e1s tirar as d\u00favidas na aula ou na sala de estudo.<\/p>","protected":false},"author":1,"featured_media":0,"parent":6954,"menu_order":0,"comment_status":"open","ping_status":"open","template":"","meta":{"footnotes":""},"class_list":["post-7398","page","type-page","status-publish","hentry"],"jetpack_sharing_enabled":true,"jetpack_likes_enabled":true,"_links":{"self":[{"href":"https:\/\/www.acasinhadamatematica.pt\/index.php?rest_route=\/wp\/v2\/pages\/7398","targetHints":{"allow":["GET"]}}],"collection":[{"href":"https:\/\/www.acasinhadamatematica.pt\/index.php?rest_route=\/wp\/v2\/pages"}],"about":[{"href":"https:\/\/www.acasinhadamatematica.pt\/index.php?rest_route=\/wp\/v2\/types\/page"}],"author":[{"embeddable":true,"href":"https:\/\/www.acasinhadamatematica.pt\/index.php?rest_route=\/wp\/v2\/users\/1"}],"replies":[{"embeddable":true,"href":"https:\/\/www.acasinhadamatematica.pt\/index.php?rest_route=%2Fwp%2Fv2%2Fcomments&post=7398"}],"version-history":[{"count":0,"href":"https:\/\/www.acasinhadamatematica.pt\/index.php?rest_route=\/wp\/v2\/pages\/7398\/revisions"}],"up":[{"embeddable":true,"href":"https:\/\/www.acasinhadamatematica.pt\/index.php?rest_route=\/wp\/v2\/pages\/6954"}],"wp:attachment":[{"href":"https:\/\/www.acasinhadamatematica.pt\/index.php?rest_route=%2Fwp%2Fv2%2Fmedia&parent=7398"}],"curies":[{"name":"wp","href":"https:\/\/api.w.org\/{rel}","templated":true}]}}