{"id":7197,"date":"2011-11-23T00:20:50","date_gmt":"2011-11-23T00:20:50","guid":{"rendered":"https:\/\/www.acasinhadamatematica.pt\/?page_id=7197"},"modified":"2011-11-23T00:20:50","modified_gmt":"2011-11-23T00:20:50","slug":"os-numeros-reais","status":"publish","type":"page","link":"https:\/\/www.acasinhadamatematica.pt\/?page_id=7197","title":{"rendered":"Os n\u00fameros reais"},"content":{"rendered":"<ul class=\"lcp_catlist\" id=\"lcp_instance_0\"><li><a href=\"https:\/\/www.acasinhadamatematica.pt\/?p=23029\">Um ret\u00e2ngulo<\/a>  5 de Novembro de 2022<\/li><li><a href=\"https:\/\/www.acasinhadamatematica.pt\/?p=22951\">Das seguintes afirma\u00e7\u00f5es, uma \u00e9 falsa<\/a>  3 de Novembro de 2022<\/li><li><a href=\"https:\/\/www.acasinhadamatematica.pt\/?p=22637\">\u00c9 igual a<\/a>  22 de Outubro de 2022<\/li><li><a href=\"https:\/\/www.acasinhadamatematica.pt\/?p=12968\">Para uma festa, a Marta comprou quatro embalagens de p\u00e3o e duas embalagens de queijo<\/a>  1 de Novembro de 2017<\/li><li><a href=\"https:\/\/www.acasinhadamatematica.pt\/?p=12966\">Qual \u00e9 o maior n\u00famero positivo que&#8230;<\/a>  1 de Novembro de 2017<\/li><li><a href=\"https:\/\/www.acasinhadamatematica.pt\/?p=12963\">Sobre uma inequa\u00e7\u00e3o<\/a>  1 de Novembro de 2017<\/li><li><a href=\"https:\/\/www.acasinhadamatematica.pt\/?p=12961\">Determina a soma dos n\u00fameros inteiros maiores do que -6 que satisfazem a seguinte inequa\u00e7\u00e3o<\/a>  1 de Novembro de 2017<\/li><li><a href=\"https:\/\/www.acasinhadamatematica.pt\/?p=12957\">Tr\u00eas inequa\u00e7\u00f5es<\/a>  1 de Novembro de 2017<\/li><li><a href=\"https:\/\/www.acasinhadamatematica.pt\/?p=12954\">\u00c1rea e per\u00edmetro de um ret\u00e2ngulo<\/a>  1 de Novembro de 2017<\/li><li><a href=\"https:\/\/www.acasinhadamatematica.pt\/?p=12952\">Dois enquadramentos<\/a>  1 de Novembro de 2017<\/li><li><a href=\"https:\/\/www.acasinhadamatematica.pt\/?p=12951\">Resolve a inequa\u00e7\u00e3o seguinte<\/a>  1 de Novembro de 2017<\/li><li><a href=\"https:\/\/www.acasinhadamatematica.pt\/?p=12950\">Resolve a inequa\u00e7\u00e3o seguinte<\/a>  1 de Novembro de 2017<\/li><li><a href=\"https:\/\/www.acasinhadamatematica.pt\/?p=12948\">Escreve o conjunto A na forma de intervalo de n\u00fameros reais<\/a>  1 de Novembro de 2017<\/li><li><a href=\"https:\/\/www.acasinhadamatematica.pt\/?p=12946\">Escreve o conjunto B na forma de intervalo de n\u00fameros reais<\/a>  1 de Novembro de 2017<\/li><li><a href=\"https:\/\/www.acasinhadamatematica.pt\/?p=12935\">Um tri\u00e2ngulo [ABC]<\/a>  31 de Outubro de 2017<\/li><li><a href=\"https:\/\/www.acasinhadamatematica.pt\/?p=12929\">Quantas moedas tem o Raul?<\/a>  31 de Outubro de 2017<\/li><li><a href=\"https:\/\/www.acasinhadamatematica.pt\/?p=12924\">Uma caixa paralelepip\u00e9dica<\/a>  31 de Outubro de 2017<\/li><li><a href=\"https:\/\/www.acasinhadamatematica.pt\/?p=12921\">Determina o conjunto-solu\u00e7\u00e3o de cada uma das condi\u00e7\u00f5es<\/a>  31 de Outubro de 2017<\/li><li><a href=\"https:\/\/www.acasinhadamatematica.pt\/?p=12918\">Resolve as seguintes inequa\u00e7\u00f5es<\/a>  31 de Outubro de 2017<\/li><li><a href=\"https:\/\/www.acasinhadamatematica.pt\/?p=12912\">Um c\u00edrculo com determinada \u00e1rea<\/a>  31 de Outubro de 2017<\/li><li><a href=\"https:\/\/www.acasinhadamatematica.pt\/?p=12906\">Um trap\u00e9zio ret\u00e2ngulo<\/a>  31 de Outubro de 2017<\/li><li><a href=\"https:\/\/www.acasinhadamatematica.pt\/?p=12904\">Enquadra os seguintes n\u00fameros<\/a>  30 de Outubro de 2017<\/li><li><a href=\"https:\/\/www.acasinhadamatematica.pt\/?p=12897\">Considera o intervalo \\(\\left[ { &#8211; \\frac{7}{3},\\;3} \\right[\\)<\/a>  30 de Outubro de 2017<\/li><li><a href=\"https:\/\/www.acasinhadamatematica.pt\/?p=12890\">Observa o ret\u00e2ngulo [ABCD] da figura<\/a>  30 de Outubro de 2017<\/li><li><a href=\"https:\/\/www.acasinhadamatematica.pt\/?p=12885\">Indica os valores poss\u00edveis para o per\u00edmetro do tri\u00e2ngulo<\/a>  30 de Outubro de 2017<\/li><li><a href=\"https:\/\/www.acasinhadamatematica.pt\/?p=12882\">Quais os n\u00fameros inteiros que satisfazem a seguinte conjun\u00e7\u00e3o de condi\u00e7\u00f5es?<\/a>  30 de Outubro de 2017<\/li><li><a href=\"https:\/\/www.acasinhadamatematica.pt\/?p=12879\">Qual \u00e9 o conjunto-solu\u00e7\u00e3o de cada uma das seguintes condi\u00e7\u00f5es?<\/a>  30 de Outubro de 2017<\/li><li><a href=\"https:\/\/www.acasinhadamatematica.pt\/?p=12875\">Um terreno tem a forma de um tri\u00e2ngulo is\u00f3sceles<\/a>  30 de Outubro de 2017<\/li><li><a href=\"https:\/\/www.acasinhadamatematica.pt\/?p=12868\">A \u00e1rea da regi\u00e3o a branco<\/a>  29 de Outubro de 2017<\/li><li><a href=\"https:\/\/www.acasinhadamatematica.pt\/?p=12867\">Calcula o maior n\u00famero inteiro que n\u00e3o verifica a inequa\u00e7\u00e3o<\/a>  29 de Outubro de 2017<\/li><li><a href=\"https:\/\/www.acasinhadamatematica.pt\/?p=12865\">Calcula o menor n\u00famero inteiro que verifica a inequa\u00e7\u00e3o<\/a>  29 de Outubro de 2017<\/li><li><a href=\"https:\/\/www.acasinhadamatematica.pt\/?p=12862\">Qual \u00e9 o menor n\u00famero inteiro cujo qu\u00edntuplo adicionado com 2 \u00e9 maior do que 20?<\/a>  29 de Outubro de 2017<\/li><li><a href=\"https:\/\/www.acasinhadamatematica.pt\/?p=12846\">Resolve as inequa\u00e7\u00f5es seguintes<\/a>  29 de Outubro de 2017<\/li><li><a href=\"https:\/\/www.acasinhadamatematica.pt\/?p=12834\">Substituir pain\u00e9is retangulares<\/a>  29 de Outubro de 2017<\/li><li><a href=\"https:\/\/www.acasinhadamatematica.pt\/?p=12827\">Aproxima \\(\\sqrt[3]{5}\\) \u00e0s d\u00e9cimas<\/a>  29 de Outubro de 2017<\/li><li><a href=\"https:\/\/www.acasinhadamatematica.pt\/?p=12822\">Enquadra \\(\\sqrt 7 \\) por n\u00fameros racionais, com erro inferior a \\(r = 0,5\\)<\/a>  29 de Outubro de 2017<\/li><li><a href=\"https:\/\/www.acasinhadamatematica.pt\/?p=12817\">Aproxima por defeito \u00e0s unidades<\/a>  29 de Outubro de 2017<\/li><li><a href=\"https:\/\/www.acasinhadamatematica.pt\/?p=12807\">Escreve um valor aproximado<\/a>  29 de Outubro de 2017<\/li><li><a href=\"https:\/\/www.acasinhadamatematica.pt\/?p=12800\">Qual \u00e9 o erro m\u00e1ximo?<\/a>  29 de Outubro de 2017<\/li><li><a href=\"https:\/\/www.acasinhadamatematica.pt\/?p=12788\">Enquadra cada uma das seguintes express\u00f5es<\/a>  29 de Outubro de 2017<\/li><li><a href=\"https:\/\/www.acasinhadamatematica.pt\/?p=12762\">Tarefa 5 \u2013 Valores aproximados de n\u00fameros reais<\/a>  29 de Outubro de 2017<\/li><li><a href=\"https:\/\/www.acasinhadamatematica.pt\/?p=12722\">Tarefa 4 \u2013 Valores aproximados de n\u00fameros reais<\/a>  28 de Outubro de 2017<\/li><li><a href=\"https:\/\/www.acasinhadamatematica.pt\/?p=7320\">Determina a soma<\/a>  11 de Janeiro de 2012<\/li><li><a href=\"https:\/\/www.acasinhadamatematica.pt\/?p=7318\">Considera as seguintes inequa\u00e7\u00f5es<\/a>  10 de Janeiro de 2012<\/li><li><a href=\"https:\/\/www.acasinhadamatematica.pt\/?p=7317\">Um ret\u00e2ngulo<\/a>  10 de Janeiro de 2012<\/li><li><a href=\"https:\/\/www.acasinhadamatematica.pt\/?p=7315\">Traduz por uma condi\u00e7\u00e3o<\/a>  10 de Janeiro de 2012<\/li><li><a href=\"https:\/\/www.acasinhadamatematica.pt\/?p=7311\">Representa em extens\u00e3o os seguintes conjuntos<\/a>  10 de Janeiro de 2012<\/li><li><a href=\"https:\/\/www.acasinhadamatematica.pt\/?p=7309\">Resolve as inequa\u00e7\u00f5es<\/a>  8 de Janeiro de 2012<\/li><li><a href=\"https:\/\/www.acasinhadamatematica.pt\/?p=7307\">Aten\u00e7\u00e3o!<\/a>  8 de Janeiro de 2012<\/li><li><a href=\"https:\/\/www.acasinhadamatematica.pt\/?p=7306\">Sobre um n\u00famero real<\/a>  8 de Janeiro de 2012<\/li><li><a href=\"https:\/\/www.acasinhadamatematica.pt\/?p=7302\">Ficha de Trabalho<\/a>  8 de Janeiro de 2012<\/li><li><a href=\"https:\/\/www.acasinhadamatematica.pt\/?p=7275\">O resultado de cada express\u00e3o<\/a>  10 de Dezembro de 2011<\/li><li><a href=\"https:\/\/www.acasinhadamatematica.pt\/?p=7273\">Ordena de forma crescente os n\u00fameros reais<\/a>  10 de Dezembro de 2011<\/li><li><a href=\"https:\/\/www.acasinhadamatematica.pt\/?p=7271\">Indica qual \u00e9 o n\u00famero<\/a>  10 de Dezembro de 2011<\/li><li><a href=\"https:\/\/www.acasinhadamatematica.pt\/?p=7270\">Marca na reta real os pontos<\/a>  10 de Dezembro de 2011<\/li><li><a href=\"https:\/\/www.acasinhadamatematica.pt\/?p=7269\">Calcula o valor das express\u00f5es<\/a>  10 de Dezembro de 2011<\/li><li><a href=\"https:\/\/www.acasinhadamatematica.pt\/?p=7267\">Averigua quais os tipos de d\u00edzimas<\/a>  10 de Dezembro de 2011<\/li><li><a href=\"https:\/\/www.acasinhadamatematica.pt\/?p=7193\">Conhecer melhor as d\u00edzimas<\/a>  22 de Novembro de 2011<\/li><li><a href=\"https:\/\/www.acasinhadamatematica.pt\/?p=7192\">A irracionalidade de $\\sqrt{2}$<\/a>  22 de Novembro de 2011<\/li><\/ul>\n","protected":false},"excerpt":{"rendered":"<p>Como sabes, $\\sqrt{2}=\\text{1}\\text{,4142135623730950488016887242096980785696718}&#8230;$<\/p>\n<p>A d\u00edzima de $\\sqrt{2}$ \u00e9 infinita n\u00e3o peri\u00f3dica, por isso $\\sqrt{2}$ n\u00e3o \u00e9 um n\u00famero racional.<\/p>\n<p>A <a href=\"https:\/\/www.acasinhadamatematica.pt\/?page_id=5993\" target=\"_blank\" rel=\"noopener noreferrer\">Ficha de Trabalho<\/a> (vers\u00e3o html) vai permitir acompanhares a demonstra\u00e7\u00e3o da irracionalidade de $\\sqrt{2}$.<\/p>\n<p>L\u00ea tamb\u00e9m o di\u00e1logo &#8230;. M\u00e9non (utiliza a hiperliga\u00e7\u00e3o existente na Ficha de Trabalho).<\/p>\n<ul>\n<li><a href=\"https:\/\/www.acasinhadamatematica.pt\/cm\/af18\/t5\/FT-1.pdf\" target=\"_blank\" rel=\"noopener noreferrer\">Ficha de Trabalho<\/a> em formato pdf<\/li>\n<\/ul>","protected":false},"author":1,"featured_media":0,"parent":6954,"menu_order":0,"comment_status":"open","ping_status":"open","template":"","meta":{"footnotes":""},"class_list":["post-7197","page","type-page","status-publish","hentry"],"jetpack_sharing_enabled":true,"jetpack_likes_enabled":true,"_links":{"self":[{"href":"https:\/\/www.acasinhadamatematica.pt\/index.php?rest_route=\/wp\/v2\/pages\/7197","targetHints":{"allow":["GET"]}}],"collection":[{"href":"https:\/\/www.acasinhadamatematica.pt\/index.php?rest_route=\/wp\/v2\/pages"}],"about":[{"href":"https:\/\/www.acasinhadamatematica.pt\/index.php?rest_route=\/wp\/v2\/types\/page"}],"author":[{"embeddable":true,"href":"https:\/\/www.acasinhadamatematica.pt\/index.php?rest_route=\/wp\/v2\/users\/1"}],"replies":[{"embeddable":true,"href":"https:\/\/www.acasinhadamatematica.pt\/index.php?rest_route=%2Fwp%2Fv2%2Fcomments&post=7197"}],"version-history":[{"count":0,"href":"https:\/\/www.acasinhadamatematica.pt\/index.php?rest_route=\/wp\/v2\/pages\/7197\/revisions"}],"up":[{"embeddable":true,"href":"https:\/\/www.acasinhadamatematica.pt\/index.php?rest_route=\/wp\/v2\/pages\/6954"}],"wp:attachment":[{"href":"https:\/\/www.acasinhadamatematica.pt\/index.php?rest_route=%2Fwp%2Fv2%2Fmedia&parent=7197"}],"curies":[{"name":"wp","href":"https:\/\/api.w.org\/{rel}","templated":true}]}}