{"id":7194,"date":"2011-11-23T00:13:46","date_gmt":"2011-11-23T00:13:46","guid":{"rendered":"https:\/\/www.acasinhadamatematica.pt\/?page_id=7194"},"modified":"2018-04-16T15:04:30","modified_gmt":"2018-04-16T14:04:30","slug":"proporcionalidade-inversa","status":"publish","type":"page","link":"https:\/\/www.acasinhadamatematica.pt\/?page_id=7194","title":{"rendered":"Proporcionalidade inversa e Fun\u00e7\u00f5es alg\u00e9bricas"},"content":{"rendered":"<ul class=\"lcp_catlist\" id=\"lcp_instance_0\"><li><a href=\"https:\/\/www.acasinhadamatematica.pt\/?p=14872\">Partes dos gr\u00e1ficos de duas fun\u00e7\u00f5es e um ret\u00e2ngulo<\/a>  25 de Abril de 2018<\/li><li><a href=\"https:\/\/www.acasinhadamatematica.pt\/?p=14865\">Qual das representa\u00e7\u00f5es gr\u00e1ficas corresponde \u00e0 fun\u00e7\u00e3o?<\/a>  25 de Abril de 2018<\/li><li><a href=\"https:\/\/www.acasinhadamatematica.pt\/?p=14859\">Tr\u00eas torneiras enchem um tanque com \u00e1gua<\/a>  24 de Abril de 2018<\/li><li><a href=\"https:\/\/www.acasinhadamatematica.pt\/?p=14850\">Uma f\u00e1brica produz tapetes<\/a>  24 de Abril de 2018<\/li><li><a href=\"https:\/\/www.acasinhadamatematica.pt\/?p=14838\">Um tijolo sobre a areia<\/a>  24 de Abril de 2018<\/li><li><a href=\"https:\/\/www.acasinhadamatematica.pt\/?p=14832\">Partes dos gr\u00e1ficos de duas fun\u00e7\u00f5es e um trap\u00e9zio ret\u00e2ngulo<\/a>  24 de Abril de 2018<\/li><li><a href=\"https:\/\/www.acasinhadamatematica.pt\/?p=14827\">Quatro amigas v\u00e3o alugar um apartamento<\/a>  23 de Abril de 2018<\/li><li><a href=\"https:\/\/www.acasinhadamatematica.pt\/?p=14819\">Cuidado com o tempo de exposi\u00e7\u00e3o ao sol<\/a>  23 de Abril de 2018<\/li><li><a href=\"https:\/\/www.acasinhadamatematica.pt\/?p=14813\">Quando o Jorge se desloca a Lisboa<\/a>  22 de Abril de 2018<\/li><li><a href=\"https:\/\/www.acasinhadamatematica.pt\/?p=14807\">A Susana comprou lembran\u00e7as para os amigos<\/a>  22 de Abril de 2018<\/li><li><a href=\"https:\/\/www.acasinhadamatematica.pt\/?p=14799\">O Rui foi a Londres<\/a>  22 de Abril de 2018<\/li><li><a href=\"https:\/\/www.acasinhadamatematica.pt\/?p=14789\">Partes dos gr\u00e1ficos de duas fun\u00e7\u00f5es e um quadrado<\/a>  22 de Abril de 2018<\/li><li><a href=\"https:\/\/www.acasinhadamatematica.pt\/?p=14784\">Parte do gr\u00e1fico de uma fun\u00e7\u00e3o e um ret\u00e2ngulo<\/a>  22 de Abril de 2018<\/li><li><a href=\"https:\/\/www.acasinhadamatematica.pt\/?p=14778\">Partes dos gr\u00e1ficos de duas fun\u00e7\u00f5es, novamente<\/a>  22 de Abril de 2018<\/li><li><a href=\"https:\/\/www.acasinhadamatematica.pt\/?p=14771\">Partes dos gr\u00e1ficos de duas fun\u00e7\u00f5es<\/a>  22 de Abril de 2018<\/li><li><a href=\"https:\/\/www.acasinhadamatematica.pt\/?p=14762\">O tempo que demora a encher um tanque<\/a>  22 de Abril de 2018<\/li><li><a href=\"https:\/\/www.acasinhadamatematica.pt\/?p=14754\">A viagem aos Jogos Ol\u00edmpicos<\/a>  22 de Abril de 2018<\/li><li><a href=\"https:\/\/www.acasinhadamatematica.pt\/?p=14749\">O Daniel vai abastecer o dep\u00f3sito do seu autom\u00f3vel<\/a>  22 de Abril de 2018<\/li><li><a href=\"https:\/\/www.acasinhadamatematica.pt\/?p=14746\">Uma festa num recinto fechado<\/a>  22 de Abril de 2018<\/li><li><a href=\"https:\/\/www.acasinhadamatematica.pt\/?p=14739\">Press\u00e3o exercida sobre o \u00eambolo de uma seringa<\/a>  21 de Abril de 2018<\/li><li><a href=\"https:\/\/www.acasinhadamatematica.pt\/?p=14734\">O Sr. Ant\u00f3nio visita o irm\u00e3o<\/a>  21 de Abril de 2018<\/li><li><a href=\"https:\/\/www.acasinhadamatematica.pt\/?p=14728\">Copia e completa a tabela<\/a>  20 de Abril de 2018<\/li><li><a href=\"https:\/\/www.acasinhadamatematica.pt\/?p=14723\">Uma par\u00e1bola e um tri\u00e2ngulo<\/a>  20 de Abril de 2018<\/li><li><a href=\"https:\/\/www.acasinhadamatematica.pt\/?p=14718\">Resolve graficamente as equa\u00e7\u00f5es seguintes<\/a>  19 de Abril de 2018<\/li><li><a href=\"https:\/\/www.acasinhadamatematica.pt\/?p=14713\">Determina analiticamente as coordenadas dos pontos de interse\u00e7\u00e3o dos gr\u00e1ficos de <em>f<\/em> e <em>g<\/em><\/a>  19 de Abril de 2018<\/li><li><a href=\"https:\/\/www.acasinhadamatematica.pt\/?p=14704\">Determina uma express\u00e3o alg\u00e9brica para cada uma das fun\u00e7\u00f5es<\/a>  19 de Abril de 2018<\/li><li><a href=\"https:\/\/www.acasinhadamatematica.pt\/?p=14702\">Escreve uma express\u00e3o alg\u00e9brica da fun\u00e7\u00e3o <em>f<\/em><\/a>  19 de Abril de 2018<\/li><li><a href=\"https:\/\/www.acasinhadamatematica.pt\/?p=14698\">Uma par\u00e1bola de eixo vertical e v\u00e9rtice na origem<\/a>  19 de Abril de 2018<\/li><li><a href=\"https:\/\/www.acasinhadamatematica.pt\/?p=14689\">Uma representa\u00e7\u00e3o gr\u00e1fica de quatro fun\u00e7\u00f5es<\/a>  19 de Abril de 2018<\/li><li><a href=\"https:\/\/www.acasinhadamatematica.pt\/?p=14685\">Gr\u00e1ficos de duas fun\u00e7\u00f5es quadr\u00e1ticas<\/a>  19 de Abril de 2018<\/li><li><a href=\"https:\/\/www.acasinhadamatematica.pt\/?p=14680\">Uma fun\u00e7\u00e3o quadr\u00e1tica e outra afim<\/a>  19 de Abril de 2018<\/li><li><a href=\"https:\/\/www.acasinhadamatematica.pt\/?p=14675\">Uma fun\u00e7\u00e3o quadr\u00e1tica representada graficamente<\/a>  19 de Abril de 2018<\/li><li><a href=\"https:\/\/www.acasinhadamatematica.pt\/?p=14664\">O log\u00f3tipo<\/a>  18 de Abril de 2018<\/li><li><a href=\"https:\/\/www.acasinhadamatematica.pt\/?p=14654\">Gr\u00e1ficos de duas fun\u00e7\u00f5es<\/a>  18 de Abril de 2018<\/li><li><a href=\"https:\/\/www.acasinhadamatematica.pt\/?p=14647\">Uma fun\u00e7\u00e3o definida por \\(y = \\frac{{10}}{x}\\)<\/a>  18 de Abril de 2018<\/li><li><a href=\"https:\/\/www.acasinhadamatematica.pt\/?p=14640\">Observa o gr\u00e1fico da fun\u00e7\u00e3o <em>f<\/em><\/a>  18 de Abril de 2018<\/li><li><a href=\"https:\/\/www.acasinhadamatematica.pt\/?p=14632\">A divis\u00e3o de uma tablete de chocolate<\/a>  18 de Abril de 2018<\/li><li><a href=\"https:\/\/www.acasinhadamatematica.pt\/?p=14624\">Considera a fun\u00e7\u00e3o <em>f<\/em> de proporcionalidade inversa<\/a>  17 de Abril de 2018<\/li><li><a href=\"https:\/\/www.acasinhadamatematica.pt\/?p=14617\">Considera a fun\u00e7\u00e3o de proporcionalidade inversa<\/a>  17 de Abril de 2018<\/li><li><a href=\"https:\/\/www.acasinhadamatematica.pt\/?p=14615\">Duas grandezas inversamente proporcionais<\/a>  17 de Abril de 2018<\/li><li><a href=\"https:\/\/www.acasinhadamatematica.pt\/?p=14610\">Observa as tabelas<\/a>  17 de Abril de 2018<\/li><li><a href=\"https:\/\/www.acasinhadamatematica.pt\/?p=14604\">Um percurso de comboio<\/a>  17 de Abril de 2018<\/li><li><a href=\"https:\/\/www.acasinhadamatematica.pt\/?p=14597\">Produ\u00e7\u00e3o di\u00e1ria de ovos<\/a>  17 de Abril de 2018<\/li><li><a href=\"https:\/\/www.acasinhadamatematica.pt\/?p=14592\">Copia e completa a tabela<\/a>  16 de Abril de 2018<\/li><li><a href=\"https:\/\/www.acasinhadamatematica.pt\/?p=14588\">Valores de duas grandezas x e y<\/a>  16 de Abril de 2018<\/li><li><a href=\"https:\/\/www.acasinhadamatematica.pt\/?p=14582\">As viagens do Rui<\/a>  16 de Abril de 2018<\/li><li><a href=\"https:\/\/www.acasinhadamatematica.pt\/?p=7198\">Um rolo de fita<\/a>  23 de Novembro de 2011<\/li><li><a href=\"https:\/\/www.acasinhadamatematica.pt\/?p=7177\">Na quinta de Alzubar<\/a>  15 de Novembro de 2011<\/li><li><a href=\"https:\/\/www.acasinhadamatematica.pt\/?p=7174\">Um comboio<\/a>  15 de Novembro de 2011<\/li><li><a href=\"https:\/\/www.acasinhadamatematica.pt\/?p=7171\">Volume e press\u00e3o<\/a>  15 de Novembro de 2011<\/li><li><a href=\"https:\/\/www.acasinhadamatematica.pt\/?p=7166\">Proporcionalidade inversa<\/a>  13 de Novembro de 2011<\/li><li><a href=\"https:\/\/www.acasinhadamatematica.pt\/?p=7155\">Ficha de Trabalho<\/a>  11 de Novembro de 2011<\/li><\/ul>\n","protected":false},"excerpt":{"rendered":"<p><a href=\"https:\/\/www.acasinhadamatematica.pt\/wp-content\/uploads\/2011\/10\/MB900232133.jpg\"><\/a>A presente Ficha de Trabalho aborda o tema <em>Proporcionalidade inversa; Representa\u00e7\u00f5es gr\u00e1ficas<\/em>.<\/p>\n<p>As dificuldades que encontres durante a sua resolu\u00e7\u00e3o deves tentar super\u00e1-las consultando o manual e o caderno di\u00e1rio; depois, poder\u00e1s tirar as d\u00favidas na aula ou na sala de estudo.<\/p>","protected":false},"author":1,"featured_media":0,"parent":6954,"menu_order":0,"comment_status":"open","ping_status":"open","template":"","meta":{"footnotes":""},"class_list":["post-7194","page","type-page","status-publish","hentry"],"jetpack_sharing_enabled":true,"jetpack_likes_enabled":true,"_links":{"self":[{"href":"https:\/\/www.acasinhadamatematica.pt\/index.php?rest_route=\/wp\/v2\/pages\/7194","targetHints":{"allow":["GET"]}}],"collection":[{"href":"https:\/\/www.acasinhadamatematica.pt\/index.php?rest_route=\/wp\/v2\/pages"}],"about":[{"href":"https:\/\/www.acasinhadamatematica.pt\/index.php?rest_route=\/wp\/v2\/types\/page"}],"author":[{"embeddable":true,"href":"https:\/\/www.acasinhadamatematica.pt\/index.php?rest_route=\/wp\/v2\/users\/1"}],"replies":[{"embeddable":true,"href":"https:\/\/www.acasinhadamatematica.pt\/index.php?rest_route=%2Fwp%2Fv2%2Fcomments&post=7194"}],"version-history":[{"count":0,"href":"https:\/\/www.acasinhadamatematica.pt\/index.php?rest_route=\/wp\/v2\/pages\/7194\/revisions"}],"up":[{"embeddable":true,"href":"https:\/\/www.acasinhadamatematica.pt\/index.php?rest_route=\/wp\/v2\/pages\/6954"}],"wp:attachment":[{"href":"https:\/\/www.acasinhadamatematica.pt\/index.php?rest_route=%2Fwp%2Fv2%2Fmedia&parent=7194"}],"curies":[{"name":"wp","href":"https:\/\/api.w.org\/{rel}","templated":true}]}}