{"id":7098,"date":"2011-10-21T22:40:09","date_gmt":"2011-10-21T21:40:09","guid":{"rendered":"https:\/\/www.acasinhadamatematica.pt\/?page_id=7098"},"modified":"2011-10-21T22:40:09","modified_gmt":"2011-10-21T21:40:09","slug":"sistemas-de-equacoes","status":"publish","type":"page","link":"https:\/\/www.acasinhadamatematica.pt\/?page_id=7098","title":{"rendered":"Sistemas de equa\u00e7\u00f5es"},"content":{"rendered":"<ul class=\"lcp_catlist\" id=\"lcp_instance_0\"><li><a href=\"https:\/\/www.acasinhadamatematica.pt\/?p=7112\">Classifica os sistemas<\/a>  24 de Outubro de 2011<\/li><li><a href=\"https:\/\/www.acasinhadamatematica.pt\/?p=7110\">Viol\u00e3o e violino<\/a>  23 de Outubro de 2011<\/li><li><a href=\"https:\/\/www.acasinhadamatematica.pt\/?p=7108\">A idade do Diogo<\/a>  23 de Outubro de 2011<\/li><li><a href=\"https:\/\/www.acasinhadamatematica.pt\/?p=7106\">Uma caixa com tampa<\/a>  23 de Outubro de 2011<\/li><li><a href=\"https:\/\/www.acasinhadamatematica.pt\/?p=7105\">Os termos de uma fra\u00e7\u00e3o<\/a>  23 de Outubro de 2011<\/li><li><a href=\"https:\/\/www.acasinhadamatematica.pt\/?p=7103\">Trezentos e sessenta cromos<\/a>  23 de Outubro de 2011<\/li><li><a href=\"https:\/\/www.acasinhadamatematica.pt\/?p=7101\">Resolve os seguintes sistemas<\/a>  23 de Outubro de 2011<\/li><li><a href=\"https:\/\/www.acasinhadamatematica.pt\/?p=7100\">Tra\u00e7ar duas retas<\/a>  23 de Outubro de 2011<\/li><li><a href=\"https:\/\/www.acasinhadamatematica.pt\/?p=7099\">Tra\u00e7ar uma reta<\/a>  23 de Outubro de 2011<\/li><li><a href=\"https:\/\/www.acasinhadamatematica.pt\/?p=7095\">Ficha de Trabalho<\/a>  21 de Outubro de 2011<\/li><\/ul>\n","protected":false},"excerpt":{"rendered":"<p><a href=\"https:\/\/www.acasinhadamatematica.pt\/wp-content\/uploads\/2011\/10\/MB900232133.jpg\"><\/a>A presente Ficha de Trabalho aborda o tema <em>Sistemas de equa\u00e7\u00f5es<\/em>.<\/p>\n<p>As dificuldades que encontres durante a sua resolu\u00e7\u00e3o deves tentar super\u00e1-las consultando o manual e o caderno di\u00e1rio; depois, poder\u00e1s tirar as d\u00favidas na aula ou na sala de estudo.<\/p>","protected":false},"author":1,"featured_media":0,"parent":6954,"menu_order":0,"comment_status":"open","ping_status":"open","template":"","meta":{"footnotes":""},"class_list":["post-7098","page","type-page","status-publish","hentry"],"jetpack_sharing_enabled":true,"jetpack_likes_enabled":true,"_links":{"self":[{"href":"https:\/\/www.acasinhadamatematica.pt\/index.php?rest_route=\/wp\/v2\/pages\/7098","targetHints":{"allow":["GET"]}}],"collection":[{"href":"https:\/\/www.acasinhadamatematica.pt\/index.php?rest_route=\/wp\/v2\/pages"}],"about":[{"href":"https:\/\/www.acasinhadamatematica.pt\/index.php?rest_route=\/wp\/v2\/types\/page"}],"author":[{"embeddable":true,"href":"https:\/\/www.acasinhadamatematica.pt\/index.php?rest_route=\/wp\/v2\/users\/1"}],"replies":[{"embeddable":true,"href":"https:\/\/www.acasinhadamatematica.pt\/index.php?rest_route=%2Fwp%2Fv2%2Fcomments&post=7098"}],"version-history":[{"count":0,"href":"https:\/\/www.acasinhadamatematica.pt\/index.php?rest_route=\/wp\/v2\/pages\/7098\/revisions"}],"up":[{"embeddable":true,"href":"https:\/\/www.acasinhadamatematica.pt\/index.php?rest_route=\/wp\/v2\/pages\/6954"}],"wp:attachment":[{"href":"https:\/\/www.acasinhadamatematica.pt\/index.php?rest_route=%2Fwp%2Fv2%2Fmedia&parent=7098"}],"curies":[{"name":"wp","href":"https:\/\/api.w.org\/{rel}","templated":true}]}}