{"id":6993,"date":"2011-10-09T23:49:52","date_gmt":"2011-10-09T22:49:52","guid":{"rendered":"https:\/\/www.acasinhadamatematica.pt\/?page_id=6993"},"modified":"2011-10-09T23:49:52","modified_gmt":"2011-10-09T22:49:52","slug":"probabilidades-e-combinatoria","status":"publish","type":"page","link":"https:\/\/www.acasinhadamatematica.pt\/?page_id=6993","title":{"rendered":"Probabilidades e combinat\u00f3ria"},"content":{"rendered":"<ul class=\"lcp_catlist\" id=\"lcp_instance_0\"><li><a href=\"https:\/\/www.acasinhadamatematica.pt\/?p=7265\">Uma sala de espet\u00e1culos<\/a>  7 de Dezembro de 2011<\/li><li><a href=\"https:\/\/www.acasinhadamatematica.pt\/?p=7263\">Para um exame<\/a>  6 de Dezembro de 2011<\/li><li><a href=\"https:\/\/www.acasinhadamatematica.pt\/?p=7261\">Um sistema de alarme<\/a>  4 de Dezembro de 2011<\/li><li><a href=\"https:\/\/www.acasinhadamatematica.pt\/?p=7258\">Um fabricante de bolas de t\u00e9nis<\/a>  4 de Dezembro de 2011<\/li><li><a href=\"https:\/\/www.acasinhadamatematica.pt\/?p=7256\">Uma ag\u00eancia de publicidade<\/a>  4 de Dezembro de 2011<\/li><li><a href=\"https:\/\/www.acasinhadamatematica.pt\/?p=7254\">Dez m\u00e1quinas diferentes<\/a>  4 de Dezembro de 2011<\/li><li><a href=\"https:\/\/www.acasinhadamatematica.pt\/?p=7252\">No jogo do golfe<\/a>  4 de Dezembro de 2011<\/li><li><a href=\"https:\/\/www.acasinhadamatematica.pt\/?p=7248\">Caminho de ferro<\/a>  4 de Dezembro de 2011<\/li><li><a href=\"https:\/\/www.acasinhadamatematica.pt\/?p=7246\">Uma superf\u00edcie esf\u00e9rica<\/a>  4 de Dezembro de 2011<\/li><li><a href=\"https:\/\/www.acasinhadamatematica.pt\/?p=7244\">Atividade terap\u00eautica de um medicamento<\/a>  3 de Dezembro de 2011<\/li><li><a href=\"https:\/\/www.acasinhadamatematica.pt\/?p=7242\">Grupos sangu\u00edneos<\/a>  3 de Dezembro de 2011<\/li><li><a href=\"https:\/\/www.acasinhadamatematica.pt\/?p=7239\">Uma viagem a Paris<\/a>  3 de Dezembro de 2011<\/li><li><a href=\"https:\/\/www.acasinhadamatematica.pt\/?p=7237\">Um teste de escolha m\u00faltipla<\/a>  3 de Dezembro de 2011<\/li><li><a href=\"https:\/\/www.acasinhadamatematica.pt\/?p=7234\">Uma urna cont\u00e9m seis bolas<\/a>  3 de Dezembro de 2011<\/li><li><a href=\"https:\/\/www.acasinhadamatematica.pt\/?p=7232\">Latas de Coca-Cola e Ice Tea<\/a>  2 de Dezembro de 2011<\/li><li><a href=\"https:\/\/www.acasinhadamatematica.pt\/?p=7230\">N\u00fameros da TMN<\/a>  2 de Dezembro de 2011<\/li><li><a href=\"https:\/\/www.acasinhadamatematica.pt\/?p=7228\">Um poliedro de nove faces<\/a>  2 de Dezembro de 2011<\/li><li><a href=\"https:\/\/www.acasinhadamatematica.pt\/?p=7226\">Numerar as faces de um poliedro<\/a>  2 de Dezembro de 2011<\/li><li><a href=\"https:\/\/www.acasinhadamatematica.pt\/?p=7224\">O alfabeto Morse<\/a>  2 de Dezembro de 2011<\/li><li><a href=\"https:\/\/www.acasinhadamatematica.pt\/?p=7222\">Oito livros<\/a>  2 de Dezembro de 2011<\/li><li><a href=\"https:\/\/www.acasinhadamatematica.pt\/?p=7219\">Num saco existem doze cart\u00f5es<\/a>  28 de Novembro de 2011<\/li><li><a href=\"https:\/\/www.acasinhadamatematica.pt\/?p=7217\">Parque de estacionamento<\/a>  28 de Novembro de 2011<\/li><li><a href=\"https:\/\/www.acasinhadamatematica.pt\/?p=7216\">Escreva todos os subconjuntos<\/a>  27 de Novembro de 2011<\/li><li><a href=\"https:\/\/www.acasinhadamatematica.pt\/?p=7215\">Escreva sob a forma de polin\u00f3mio<\/a>  27 de Novembro de 2011<\/li><li><a href=\"https:\/\/www.acasinhadamatematica.pt\/?p=7213\">Um grupo de doze rapazes e oito raparigas<\/a>  27 de Novembro de 2011<\/li><li><a href=\"https:\/\/www.acasinhadamatematica.pt\/?p=7211\">Um autocarro chega \u00e0 fronteira<\/a>  27 de Novembro de 2011<\/li><li><a href=\"https:\/\/www.acasinhadamatematica.pt\/?p=7210\">Comiss\u00e3o da festa de finalistas<\/a>  27 de Novembro de 2011<\/li><li><a href=\"https:\/\/www.acasinhadamatematica.pt\/?p=7209\">Dire\u00e7\u00e3o de um clube<\/a>  27 de Novembro de 2011<\/li><li><a href=\"https:\/\/www.acasinhadamatematica.pt\/?p=7208\">Uma urna com 10 cart\u00f5es<\/a>  27 de Novembro de 2011<\/li><li><a href=\"https:\/\/www.acasinhadamatematica.pt\/?p=7205\">Uma m\u00e3o de 5 cartas<\/a>  26 de Novembro de 2011<\/li><li><a href=\"https:\/\/www.acasinhadamatematica.pt\/?p=7203\">Num baralho de 40 cartas<\/a>  26 de Novembro de 2011<\/li><li><a href=\"https:\/\/www.acasinhadamatematica.pt\/?p=7200\">Servi\u00e7o na Urg\u00eancia<\/a>  26 de Novembro de 2011<\/li><li><a href=\"https:\/\/www.acasinhadamatematica.pt\/?p=7190\">Ficha de Trabalho<\/a>  22 de Novembro de 2011<\/li><li><a href=\"https:\/\/www.acasinhadamatematica.pt\/?p=7187\">Num pelot\u00e3o h\u00e1 dezasseis soldados<\/a>  20 de Novembro de 2011<\/li><li><a href=\"https:\/\/www.acasinhadamatematica.pt\/?p=7185\">Um grupo de amigos<\/a>  20 de Novembro de 2011<\/li><li><a href=\"https:\/\/www.acasinhadamatematica.pt\/?p=7183\">Alguns autom\u00f3veis<\/a>  20 de Novembro de 2011<\/li><li><a href=\"https:\/\/www.acasinhadamatematica.pt\/?p=7181\">N\u00fameros com quatro algarismos<\/a>  20 de Novembro de 2011<\/li><li><a href=\"https:\/\/www.acasinhadamatematica.pt\/?p=7179\">Um fabricante de bicicletas<\/a>  20 de Novembro de 2011<\/li><li><a href=\"https:\/\/www.acasinhadamatematica.pt\/?p=7162\">Distribui\u00e7\u00e3o normal<\/a>  12 de Novembro de 2011<\/li><li><a href=\"https:\/\/www.acasinhadamatematica.pt\/?p=7158\">Distribui\u00e7\u00e3o binomial<\/a>  12 de Novembro de 2011<\/li><li><a href=\"https:\/\/www.acasinhadamatematica.pt\/?p=7152\">Resultados obtidos a uma certa disciplina<\/a>  9 de Novembro de 2011<\/li><li><a href=\"https:\/\/www.acasinhadamatematica.pt\/?p=7147\">Os pesos de 600 alunos do ensino secund\u00e1rio<\/a>  9 de Novembro de 2011<\/li><li><a href=\"https:\/\/www.acasinhadamatematica.pt\/?p=7142\">A distribui\u00e7\u00e3o de alturas de 2000 pessoas<\/a>  9 de Novembro de 2011<\/li><li><a href=\"https:\/\/www.acasinhadamatematica.pt\/?p=7138\">Numa f\u00e1brica de material el\u00e9trico<\/a>  8 de Novembro de 2011<\/li><li><a href=\"https:\/\/www.acasinhadamatematica.pt\/?p=7137\">A lei de probabilidade de uma vari\u00e1vel aleat\u00f3ria<\/a>  8 de Novembro de 2011<\/li><li><a href=\"https:\/\/www.acasinhadamatematica.pt\/?p=7135\">Um fabricante<\/a>  8 de Novembro de 2011<\/li><li><a href=\"https:\/\/www.acasinhadamatematica.pt\/?p=7134\">Ficha de Trabalho<\/a>  7 de Novembro de 2011<\/li><li><a href=\"https:\/\/www.acasinhadamatematica.pt\/?p=7133\">Ficha de Trabalho<\/a>  1 de Novembro de 2011<\/li><li><a href=\"https:\/\/www.acasinhadamatematica.pt\/?p=7130\">Um cofre o oito chaves<\/a>  1 de Novembro de 2011<\/li><li><a href=\"https:\/\/www.acasinhadamatematica.pt\/?p=7127\">\u00c0 custa de um dado<\/a>  1 de Novembro de 2011<\/li><li><a href=\"https:\/\/www.acasinhadamatematica.pt\/?p=7125\">Uma caixa com um recorte<\/a>  31 de Outubro de 2011<\/li><li><a href=\"https:\/\/www.acasinhadamatematica.pt\/?p=7117\">Uma vari\u00e1vel aleat\u00f3ria<\/a>  26 de Outubro de 2011<\/li><li><a href=\"https:\/\/www.acasinhadamatematica.pt\/?p=7093\">Iogurtes e sumos<\/a>  17 de Outubro de 2011<\/li><li><a href=\"https:\/\/www.acasinhadamatematica.pt\/?p=7091\">Pr\u00f3ximo de uma praia portuguesa<\/a>  17 de Outubro de 2011<\/li><li><a href=\"https:\/\/www.acasinhadamatematica.pt\/?p=7089\">De uma caixa com dez bolas brancas e algumas bolas pretas<\/a>  17 de Outubro de 2011<\/li><li><a href=\"https:\/\/www.acasinhadamatematica.pt\/?p=7088\">Lan\u00e7a-se um dado equilibrado<\/a>  17 de Outubro de 2011<\/li><li><a href=\"https:\/\/www.acasinhadamatematica.pt\/?p=7087\">Prove que<\/a>  17 de Outubro de 2011<\/li><li><a href=\"https:\/\/www.acasinhadamatematica.pt\/?p=7085\">Ida \u00e0 padaria<\/a>  17 de Outubro de 2011<\/li><li><a href=\"https:\/\/www.acasinhadamatematica.pt\/?p=7083\">Das raparigas que moram em Vale do Rei<\/a>  16 de Outubro de 2011<\/li><li><a href=\"https:\/\/www.acasinhadamatematica.pt\/?p=7078\">Duas caixas com bolas<\/a>  16 de Outubro de 2011<\/li><li><a href=\"https:\/\/www.acasinhadamatematica.pt\/?p=7076\">Uma turma do 12.\u00ba ano<\/a>  16 de Outubro de 2011<\/li><li><a href=\"https:\/\/www.acasinhadamatematica.pt\/?p=7075\">Calcule<\/a>  16 de Outubro de 2011<\/li><li><a href=\"https:\/\/www.acasinhadamatematica.pt\/?p=7074\">Determine o valor de<\/a>  16 de Outubro de 2011<\/li><li><a href=\"https:\/\/www.acasinhadamatematica.pt\/?p=7073\">Mostre que \u00e9 falsa a afirma\u00e7\u00e3o<\/a>  16 de Outubro de 2011<\/li><li><a href=\"https:\/\/www.acasinhadamatematica.pt\/?p=7067\">Ficha de Trabalho<\/a>  16 de Outubro de 2011<\/li><li><a href=\"https:\/\/www.acasinhadamatematica.pt\/?p=7066\">Ficha de Trabalho<\/a>  16 de Outubro de 2011<\/li><li><a href=\"https:\/\/www.acasinhadamatematica.pt\/?p=7064\">A probabilidade de amanh\u00e3 chover<\/a>  16 de Outubro de 2011<\/li><li><a href=\"https:\/\/www.acasinhadamatematica.pt\/?p=7060\">Infetado por um v\u00edrus<\/a>  15 de Outubro de 2011<\/li><li><a href=\"https:\/\/www.acasinhadamatematica.pt\/?p=7057\">Numa escola secund\u00e1ria<\/a>  15 de Outubro de 2011<\/li><li><a href=\"https:\/\/www.acasinhadamatematica.pt\/?p=7055\">Um quarto da popula\u00e7\u00e3o de uma vila foi vacinada<\/a>  15 de Outubro de 2011<\/li><li><a href=\"https:\/\/www.acasinhadamatematica.pt\/?p=7053\">Os habitantes de Vila Triste<\/a>  15 de Outubro de 2011<\/li><li><a href=\"https:\/\/www.acasinhadamatematica.pt\/?p=7051\">Prove que<\/a>  14 de Outubro de 2011<\/li><li><a href=\"https:\/\/www.acasinhadamatematica.pt\/?p=7048\">Os funcion\u00e1rios de uma empresa<\/a>  14 de Outubro de 2011<\/li><li><a href=\"https:\/\/www.acasinhadamatematica.pt\/?p=7046\">Jovens frequentadores de um gin\u00e1sio<\/a>  14 de Outubro de 2011<\/li><li><a href=\"https:\/\/www.acasinhadamatematica.pt\/?p=7045\">Estudo de l\u00ednguas estrangeiras (2)<\/a>  14 de Outubro de 2011<\/li><li><a href=\"https:\/\/www.acasinhadamatematica.pt\/?p=7043\">Estudo de l\u00ednguas estrangeiras (1)<\/a>  14 de Outubro de 2011<\/li><li><a href=\"https:\/\/www.acasinhadamatematica.pt\/?p=7040\">Prove que<\/a>  13 de Outubro de 2011<\/li><li><a href=\"https:\/\/www.acasinhadamatematica.pt\/?p=7038\">Um dado est\u00e1 viciado<\/a>  13 de Outubro de 2011<\/li><li><a href=\"https:\/\/www.acasinhadamatematica.pt\/?p=7033\">O jogo solit\u00e1rio da roleta russa<\/a>  13 de Outubro de 2011<\/li><li><a href=\"https:\/\/www.acasinhadamatematica.pt\/?p=7030\">Tr\u00eas emissoras de r\u00e1dio<\/a>  12 de Outubro de 2011<\/li><li><a href=\"https:\/\/www.acasinhadamatematica.pt\/?p=7027\">Lan\u00e7aram-se simultaneamente tr\u00eas dados<\/a>  12 de Outubro de 2011<\/li><li><a href=\"https:\/\/www.acasinhadamatematica.pt\/?p=7025\">De um baralho com 52 cartas<\/a>  12 de Outubro de 2011<\/li><li><a href=\"https:\/\/www.acasinhadamatematica.pt\/?p=7023\">Uma rapariga tem 10 blusas e 5 saias<\/a>  12 de Outubro de 2011<\/li><li><a href=\"https:\/\/www.acasinhadamatematica.pt\/?p=7021\">Uma urna cont\u00e9m seis bolas numeradas<\/a>  12 de Outubro de 2011<\/li><li><a href=\"https:\/\/www.acasinhadamatematica.pt\/?p=7016\">Jogam-se simultaneamente dois dados perfeitos<\/a>  11 de Outubro de 2011<\/li><li><a href=\"https:\/\/www.acasinhadamatematica.pt\/?p=7008\">Uma urna cont\u00e9m seis bolas<\/a>  11 de Outubro de 2011<\/li><li><a href=\"https:\/\/www.acasinhadamatematica.pt\/?p=7005\">O Paradoxo de Condorcet<\/a>  11 de Outubro de 2011<\/li><li><a href=\"https:\/\/www.acasinhadamatematica.pt\/?p=7003\">Um problema que se deve a Moivre<\/a>  11 de Outubro de 2011<\/li><li><a href=\"https:\/\/www.acasinhadamatematica.pt\/?p=6999\">Um portugu\u00eas, um franc\u00eas, um ingl\u00eas e um belga<\/a>  10 de Outubro de 2011<\/li><li><a href=\"https:\/\/www.acasinhadamatematica.pt\/?p=6996\">Uma fam\u00edlia com tr\u00eas filhos<\/a>  10 de Outubro de 2011<\/li><li><a href=\"https:\/\/www.acasinhadamatematica.pt\/?p=6994\">A ementa<\/a>  10 de Outubro de 2011<\/li><li><a href=\"https:\/\/www.acasinhadamatematica.pt\/?p=6989\">Para jogar no totobola<\/a>  9 de Outubro de 2011<\/li><li><a href=\"https:\/\/www.acasinhadamatematica.pt\/?p=6986\">Numa escola h\u00e1 alunos com olhos castanhos, verdes ou azuis<\/a>  9 de Outubro de 2011<\/li><li><a href=\"https:\/\/www.acasinhadamatematica.pt\/?p=6983\">Um dado tetra\u00e9drico<\/a>  9 de Outubro de 2011<\/li><li><a href=\"https:\/\/www.acasinhadamatematica.pt\/?p=6979\">A Ana e a Beatriz disputam um torneio de t\u00e9nis<\/a>  9 de Outubro de 2011<\/li><li><a href=\"https:\/\/www.acasinhadamatematica.pt\/?p=6976\">Indique o espa\u00e7o de resultados<\/a>  9 de Outubro de 2011<\/li><\/ul>\n","protected":false},"excerpt":{"rendered":"<p><ul id='GTTabs_ul_6993' class='GTTabs' style='display:none'>\n<li id='GTTabs_li_0_6993' class='GTTabs_curr'><a  id=\"6993_0\" onMouseOver=\"GTTabsShowLinks('Enunciado'); return true;\"  onMouseOut=\"GTTabsShowLinks();\"  class='GTTabsLinks'>Enunciado<\/a><\/li>\n<li id='GTTabs_li_1_6993'><a  id=\"6993_1\" onMouseOver=\"GTTabsShowLinks('Resolu\u00e7\u00e3o'); return true;\"  onMouseOut=\"GTTabsShowLinks();\"  class='GTTabsLinks'>Resolu\u00e7\u00e3o<\/a><\/li>\n<\/ul>\n\n\n<span class='GTTabs_titles'><b>Enunciado<\/b><\/span><\/p>\n<p>Indique o espa\u00e7o de resultados, S, associado a cada uma das seguintes experi\u00eancias aleat\u00f3rias. Se tiver poucos elementos, represente S em extens\u00e3o, se tiver muitos elementos, descreva-o e indique o n\u00famero de elementos de S.<\/p>\n<ol>\n<li>Extra\u00edmos uma carta de um baralho com 40 cartas e registamos o seu n\u00famero (ou figura).<\/li>\n<li>Extra\u00edmos uma carta de um baralho com 40 cartas e registamos o seu naipe.<\/li>\n<li>Extra\u00edmos duas carta de um baralho com 40 cartas e registamos o <\/li><\/ol>&hellip; <a href=\"https:\/\/www.acasinhadamatematica.pt\/?page_id=6993\" class=\"read-more\">Ler mais <\/a>","protected":false},"author":1,"featured_media":0,"parent":6992,"menu_order":0,"comment_status":"open","ping_status":"open","template":"","meta":{"footnotes":""},"class_list":["post-6993","page","type-page","status-publish","hentry"],"jetpack_sharing_enabled":true,"jetpack_likes_enabled":true,"_links":{"self":[{"href":"https:\/\/www.acasinhadamatematica.pt\/index.php?rest_route=\/wp\/v2\/pages\/6993","targetHints":{"allow":["GET"]}}],"collection":[{"href":"https:\/\/www.acasinhadamatematica.pt\/index.php?rest_route=\/wp\/v2\/pages"}],"about":[{"href":"https:\/\/www.acasinhadamatematica.pt\/index.php?rest_route=\/wp\/v2\/types\/page"}],"author":[{"embeddable":true,"href":"https:\/\/www.acasinhadamatematica.pt\/index.php?rest_route=\/wp\/v2\/users\/1"}],"replies":[{"embeddable":true,"href":"https:\/\/www.acasinhadamatematica.pt\/index.php?rest_route=%2Fwp%2Fv2%2Fcomments&post=6993"}],"version-history":[{"count":0,"href":"https:\/\/www.acasinhadamatematica.pt\/index.php?rest_route=\/wp\/v2\/pages\/6993\/revisions"}],"up":[{"embeddable":true,"href":"https:\/\/www.acasinhadamatematica.pt\/index.php?rest_route=\/wp\/v2\/pages\/6992"}],"wp:attachment":[{"href":"https:\/\/www.acasinhadamatematica.pt\/index.php?rest_route=%2Fwp%2Fv2%2Fmedia&parent=6993"}],"curies":[{"name":"wp","href":"https:\/\/api.w.org\/{rel}","templated":true}]}}