{"id":6891,"date":"2014-05-24T02:10:39","date_gmt":"2014-05-24T01:10:39","guid":{"rendered":"https:\/\/www.acasinhadamatematica.pt\/?page_id=6891"},"modified":"2014-05-24T02:10:39","modified_gmt":"2014-05-24T01:10:39","slug":"equacoes-de-grau-superior-ao-1-o","status":"publish","type":"page","link":"https:\/\/www.acasinhadamatematica.pt\/?page_id=6891","title":{"rendered":"Equa\u00e7\u00f5es de grau superior ao 1.\u00ba"},"content":{"rendered":"<ul class=\"lcp_catlist\" id=\"lcp_instance_0\"><li><a href=\"https:\/\/www.acasinhadamatematica.pt\/?p=6904\">Resolve as seguintes equa\u00e7\u00f5es<\/a>  8 de Junho de 2011<\/li><li><a href=\"https:\/\/www.acasinhadamatematica.pt\/?p=6903\">Determina o conjunto-solu\u00e7\u00e3o de cada uma das equa\u00e7\u00f5es<\/a>  8 de Junho de 2011<\/li><li><a href=\"https:\/\/www.acasinhadamatematica.pt\/?p=6901\">Resolve as equa\u00e7\u00f5es, utilizando a lei do anulamento do produto<\/a>  7 de Junho de 2011<\/li><li><a href=\"https:\/\/www.acasinhadamatematica.pt\/?p=6900\">Ser\u00e1 poss\u00edvel fatorizar o trin\u00f3mio $4{{x}^{2}}+10x+9$ ?<\/a>  6 de Junho de 2011<\/li><li><a href=\"https:\/\/www.acasinhadamatematica.pt\/?p=6899\">Decomp\u00f5e em fatores os polin\u00f3mios<\/a>  6 de Junho de 2011<\/li><li><a href=\"https:\/\/www.acasinhadamatematica.pt\/?p=6898\">Transforma as seguintes express\u00f5es em produtos<\/a>  6 de Junho de 2011<\/li><li><a href=\"https:\/\/www.acasinhadamatematica.pt\/?p=6897\">Calcula mentalmente<\/a>  31 de Maio de 2011<\/li><li><a href=\"https:\/\/www.acasinhadamatematica.pt\/?p=6896\">Desenvolve e simplifica<\/a>  31 de Maio de 2011<\/li><li><a href=\"https:\/\/www.acasinhadamatematica.pt\/?p=6895\">Completa<\/a>  31 de Maio de 2011<\/li><li><a href=\"https:\/\/www.acasinhadamatematica.pt\/?p=6894\">Calcula<\/a>  31 de Maio de 2011<\/li><li><a href=\"https:\/\/www.acasinhadamatematica.pt\/?p=6893\">Completa<\/a>  31 de Maio de 2011<\/li><li><a href=\"https:\/\/www.acasinhadamatematica.pt\/?p=6892\">Calcula<\/a>  25 de Maio de 2011<\/li><li><a href=\"https:\/\/www.acasinhadamatematica.pt\/?p=6888\">Um tri\u00e2ngulo ret\u00e2ngulo<\/a>  25 de Maio de 2011<\/li><li><a href=\"https:\/\/www.acasinhadamatematica.pt\/?p=6886\">O n\u00famero de azulejos<\/a>  24 de Maio de 2011<\/li><li><a href=\"https:\/\/www.acasinhadamatematica.pt\/?p=6885\">Dados os polin\u00f3mios<\/a>  24 de Maio de 2011<\/li><li><a href=\"https:\/\/www.acasinhadamatematica.pt\/?p=6883\">Observa os ret\u00e2ngulos<\/a>  22 de Maio de 2011<\/li><li><a href=\"https:\/\/www.acasinhadamatematica.pt\/?p=6882\">Indica pares de mon\u00f3mios semelhantes<\/a>  22 de Maio de 2011<\/li><li><a href=\"https:\/\/www.acasinhadamatematica.pt\/?p=6880\">Completa o seguinte quadro<\/a>  22 de Maio de 2011<\/li><li><a href=\"https:\/\/www.acasinhadamatematica.pt\/?p=6879\">Calcula e simplifica<\/a>  22 de Maio de 2011<\/li><li><a href=\"https:\/\/www.acasinhadamatematica.pt\/?p=6878\">Calcula e simplifica<\/a>  22 de Maio de 2011<\/li><li><a href=\"https:\/\/www.acasinhadamatematica.pt\/?p=6877\">Considera a express\u00e3o<\/a>  22 de Maio de 2011<\/li><li><a href=\"https:\/\/www.acasinhadamatematica.pt\/?p=6876\">Determina e indica o grau de cada polin\u00f3mio obtido<\/a>  22 de Maio de 2011<\/li><li><a href=\"https:\/\/www.acasinhadamatematica.pt\/?p=6875\">Considera as seguintes express\u00f5es<\/a>  22 de Maio de 2011<\/li><li><a href=\"https:\/\/www.acasinhadamatematica.pt\/?p=6874\">Copia e completa<\/a>  22 de Maio de 2011<\/li><\/ul>\n","protected":false},"excerpt":{"rendered":"<p><ul id='GTTabs_ul_6891' class='GTTabs' style='display:none'>\n<li id='GTTabs_li_0_6891' class='GTTabs_curr'><a  id=\"6891_0\" onMouseOver=\"GTTabsShowLinks('Enunciado'); return true;\"  onMouseOut=\"GTTabsShowLinks();\"  class='GTTabsLinks'>Enunciado<\/a><\/li>\n<li id='GTTabs_li_1_6891'><a  id=\"6891_1\" onMouseOver=\"GTTabsShowLinks('Resolu\u00e7\u00e3o'); return true;\"  onMouseOut=\"GTTabsShowLinks();\"  class='GTTabsLinks'>Resolu\u00e7\u00e3o<\/a><\/li>\n<\/ul>\n\n\n<span class='GTTabs_titles'><b>Enunciado<\/b><\/span><\/p>\n<p>Copia e completa:<\/p>\n<table class=\"aligncenter\" style=\"width: 60%;\" border=\"2\" cellspacing=\"4\" cellpadding=\"4\" align=\"center\">\n\n<tr>\n<td style=\"text-align: center;\"><strong>Mon\u00f3mio<\/strong><\/td>\n<td style=\"text-align: center;\"><strong>Parte literal<\/strong><\/td>\n<td style=\"text-align: center;\"><strong>Coeficiente<\/strong><\/td>\n<td style=\"text-align: center;\"><strong>Grau<\/strong><\/td>\n<\/tr>\n<tr>\n<td style=\"text-align: center;\"><strong>$3{{x}^{6}}$<\/strong><\/td>\n<td style=\"text-align: center;\"><\/td>\n<td style=\"text-align: center;\"><\/td>\n<td style=\"text-align: center;\"><\/td>\n<\/tr>\n<tr>\n<td style=\"text-align: center;\"><strong>$-a$<\/strong><\/td>\n<td style=\"text-align: center;\"><\/td>\n<td style=\"text-align: center;\"><\/td>\n<td style=\"text-align: center;\"><\/td>\n<\/tr>\n<tr>\n<td style=\"text-align: center;\"><strong>$\\frac{x}{2}$<\/strong><\/td>\n<td style=\"text-align: center;\"><\/td>\n<td style=\"text-align: center;\"><\/td>\n<td style=\"text-align: center;\"><\/td>\n<\/tr>\n<tr>\n<td style=\"text-align: center;\"><strong>$abc$<\/strong><\/td>\n<td style=\"text-align: center;\"><\/td>\n<td style=\"text-align: center;\"><\/td>\n<td style=\"text-align: center;\"><\/td>\n<\/tr>\n<tr>\n<td style=\"text-align: center;\"><strong>$-2$<\/strong><\/td>\n<td style=\"text-align: center;\"><\/td>\n<td style=\"text-align: center;\"><\/td>\n<td style=\"text-align: center;\"><\/td>\n<\/tr>\n<tr>\n<td style=\"text-align: center;\"><strong>$\\frac{-y}{3}$<\/strong><\/td>\n<td style=\"text-align: center;\"><\/td>\n<td style=\"text-align: center;\"><\/td>\n<td style=\"text-align: center;\"><\/td>\n<\/tr>\n\n<\/table>\n<p><span class='GTTabs_nav_next'><a href='#GTTabs_ul_6891' onClick='GTTabs_show(1,6891)'>Resolu\u00e7\u00e3o &gt;&gt;<\/a><\/span>\n\n\n<span class='GTTabs_titles'><b>Resolu\u00e7\u00e3o<\/b><\/span><\/p>\n<span class='GTTabs_nav_prev'><a href='#GTTabs_ul_6891' onClick='GTTabs_show(0,6891)'>&lt;&lt; Enunciado<\/a><\/span>&hellip; <a href=\"https:\/\/www.acasinhadamatematica.pt\/?page_id=6891\" class=\"read-more\">Ler mais <\/a>","protected":false},"author":1,"featured_media":0,"parent":3494,"menu_order":4,"comment_status":"open","ping_status":"open","template":"","meta":{"footnotes":""},"class_list":["post-6891","page","type-page","status-publish","hentry"],"jetpack_sharing_enabled":true,"jetpack_likes_enabled":true,"_links":{"self":[{"href":"https:\/\/www.acasinhadamatematica.pt\/index.php?rest_route=\/wp\/v2\/pages\/6891","targetHints":{"allow":["GET"]}}],"collection":[{"href":"https:\/\/www.acasinhadamatematica.pt\/index.php?rest_route=\/wp\/v2\/pages"}],"about":[{"href":"https:\/\/www.acasinhadamatematica.pt\/index.php?rest_route=\/wp\/v2\/types\/page"}],"author":[{"embeddable":true,"href":"https:\/\/www.acasinhadamatematica.pt\/index.php?rest_route=\/wp\/v2\/users\/1"}],"replies":[{"embeddable":true,"href":"https:\/\/www.acasinhadamatematica.pt\/index.php?rest_route=%2Fwp%2Fv2%2Fcomments&post=6891"}],"version-history":[{"count":0,"href":"https:\/\/www.acasinhadamatematica.pt\/index.php?rest_route=\/wp\/v2\/pages\/6891\/revisions"}],"up":[{"embeddable":true,"href":"https:\/\/www.acasinhadamatematica.pt\/index.php?rest_route=\/wp\/v2\/pages\/3494"}],"wp:attachment":[{"href":"https:\/\/www.acasinhadamatematica.pt\/index.php?rest_route=%2Fwp%2Fv2%2Fmedia&parent=6891"}],"curies":[{"name":"wp","href":"https:\/\/api.w.org\/{rel}","templated":true}]}}