{"id":6873,"date":"2011-05-19T02:03:15","date_gmt":"2011-05-19T01:03:15","guid":{"rendered":"https:\/\/www.acasinhadamatematica.pt\/?page_id=6873"},"modified":"2011-05-19T02:03:15","modified_gmt":"2011-05-19T01:03:15","slug":"lugares-geometricos","status":"publish","type":"page","link":"https:\/\/www.acasinhadamatematica.pt\/?page_id=6873","title":{"rendered":"Lugares geom\u00e9tricos"},"content":{"rendered":"<ul class=\"lcp_catlist\" id=\"lcp_instance_0\"><li><a href=\"https:\/\/www.acasinhadamatematica.pt\/?p=13160\">O ponto I \u00e9 o incentro do tri\u00e2ngulo [ABC]<\/a>  1 de Dezembro de 2017<\/li><li><a href=\"https:\/\/www.acasinhadamatematica.pt\/?p=13157\">As localidades Pintadas, Riscadas e Tracejadas<\/a>  30 de Novembro de 2017<\/li><li><a href=\"https:\/\/www.acasinhadamatematica.pt\/?p=13153\">Uma reta e dois pontos<\/a>  30 de Novembro de 2017<\/li><li><a href=\"https:\/\/www.acasinhadamatematica.pt\/?p=13150\">A planta de um campo<\/a>  30 de Novembro de 2017<\/li><li><a href=\"https:\/\/www.acasinhadamatematica.pt\/?p=13144\">Um sistema de rega<\/a>  30 de Novembro de 2017<\/li><li><a href=\"https:\/\/www.acasinhadamatematica.pt\/?p=13141\">Um jardim zool\u00f3gico<\/a>  30 de Novembro de 2017<\/li><li><a href=\"https:\/\/www.acasinhadamatematica.pt\/?p=13139\">Uma esta\u00e7\u00e3o de recolha de lixo<\/a>  29 de Novembro de 2017<\/li><li><a href=\"https:\/\/www.acasinhadamatematica.pt\/?p=13136\">Festa de encerramento das aulas de <em>ballet<\/em><\/a>  29 de Novembro de 2017<\/li><li><a href=\"https:\/\/www.acasinhadamatematica.pt\/?p=13132\">Um parque e\u00f3lico<\/a>  29 de Novembro de 2017<\/li><li><a href=\"https:\/\/www.acasinhadamatematica.pt\/?p=13127\">Uma zona de arraial<\/a>  29 de Novembro de 2017<\/li><li><a href=\"https:\/\/www.acasinhadamatematica.pt\/?p=13125\">Onde se encontra o barco?<\/a>  29 de Novembro de 2017<\/li><li><a href=\"https:\/\/www.acasinhadamatematica.pt\/?p=13121\">Um tri\u00e2ngulo equil\u00e1tero com 4 cm de lado<\/a>  29 de Novembro de 2017<\/li><li><a href=\"https:\/\/www.acasinhadamatematica.pt\/?p=13117\">Um cartaz triangular<\/a>  29 de Novembro de 2017<\/li><li><a href=\"https:\/\/www.acasinhadamatematica.pt\/?p=13115\">Planta\u00e7\u00e3o de \u00e1rvores de fruto<\/a>  29 de Novembro de 2017<\/li><li><a href=\"https:\/\/www.acasinhadamatematica.pt\/?p=13112\">O Nuno viu o Patusco a enterrar alguns ossos no quintal<\/a>  28 de Novembro de 2017<\/li><li><a href=\"https:\/\/www.acasinhadamatematica.pt\/?p=13105\">Um tri\u00e2ngulo ret\u00e2ngulo<\/a>  28 de Novembro de 2017<\/li><li><a href=\"https:\/\/www.acasinhadamatematica.pt\/?p=13101\">Desenha um ret\u00e2ngulo [ABCD]<\/a>  28 de Novembro de 2017<\/li><li><a href=\"https:\/\/www.acasinhadamatematica.pt\/?p=13097\">Observa o tri\u00e2ngulo [ABC]<\/a>  27 de Novembro de 2017<\/li><li><a href=\"https:\/\/www.acasinhadamatematica.pt\/?p=13073\">Considera um tri\u00e2ngulo [ABC]<\/a>  27 de Novembro de 2017<\/li><li><a href=\"https:\/\/www.acasinhadamatematica.pt\/?p=13062\">As medianas de um tri\u00e2ngulo<\/a>  26 de Novembro de 2017<\/li><li><a href=\"https:\/\/www.acasinhadamatematica.pt\/?p=13058\">As alturas de um tri\u00e2ngulo<\/a>  26 de Novembro de 2017<\/li><li><a href=\"https:\/\/www.acasinhadamatematica.pt\/?p=13056\">Tr\u00eas pontos n\u00e3o colineares<\/a>  26 de Novembro de 2017<\/li><li><a href=\"https:\/\/www.acasinhadamatematica.pt\/?p=13052\">Onde est\u00e1 o \u00e1rbitro?<\/a>  26 de Novembro de 2017<\/li><li><a href=\"https:\/\/www.acasinhadamatematica.pt\/?p=13048\">Em que propriedade deve ser colocado o po\u00e7o?<\/a>  26 de Novembro de 2017<\/li><li><a href=\"https:\/\/www.acasinhadamatematica.pt\/?p=13041\">Constr\u00f3i um tri\u00e2ngulo<\/a>  25 de Novembro de 2017<\/li><li><a href=\"https:\/\/www.acasinhadamatematica.pt\/?p=13035\">Circunfer\u00eancia inscrita num tri\u00e2ngulo<\/a>  25 de Novembro de 2017<\/li><li><a href=\"https:\/\/www.acasinhadamatematica.pt\/?p=13026\">Circunfer\u00eancia circunscrita a um tri\u00e2ngulo<\/a>  25 de Novembro de 2017<\/li><li><a href=\"https:\/\/www.acasinhadamatematica.pt\/?p=13022\">Candeeiros de duas ruas<\/a>  25 de Novembro de 2017<\/li><li><a href=\"https:\/\/www.acasinhadamatematica.pt\/?p=13013\">A ca\u00e7a ao tesouro!<\/a>  25 de Novembro de 2017<\/li><li><a href=\"https:\/\/www.acasinhadamatematica.pt\/?p=13006\">Conduta de rega<\/a>  25 de Novembro de 2017<\/li><li><a href=\"https:\/\/www.acasinhadamatematica.pt\/?p=13003\">Localiza\u00e7\u00e3o de uma bomba de gasolina<\/a>  24 de Novembro de 2017<\/li><li><a href=\"https:\/\/www.acasinhadamatematica.pt\/?p=12994\">Ap\u00f3tema de um hex\u00e1gono regular<\/a>  24 de Novembro de 2017<\/li><li><a href=\"https:\/\/www.acasinhadamatematica.pt\/?p=6863\">O filho da Rita partiu um prato<\/a>  18 de Maio de 2011<\/li><li><a href=\"https:\/\/www.acasinhadamatematica.pt\/?p=6862\">Dois pontos de uma circunfer\u00eancia<\/a>  18 de Maio de 2011<\/li><li><a href=\"https:\/\/www.acasinhadamatematica.pt\/?p=6861\">Um tri\u00e2ngulo rect\u00e2ngulo<\/a>  18 de Maio de 2011<\/li><li><a href=\"https:\/\/www.acasinhadamatematica.pt\/?p=6860\">Dois pontos, A e B<\/a>  18 de Maio de 2011<\/li><\/ul>\n","protected":false},"excerpt":{"rendered":"<p><ul id='GTTabs_ul_6873' class='GTTabs' style='display:none'>\n<li id='GTTabs_li_0_6873' class='GTTabs_curr'><a  id=\"6873_0\" onMouseOver=\"GTTabsShowLinks('Enunciado'); return true;\"  onMouseOut=\"GTTabsShowLinks();\"  class='GTTabsLinks'>Enunciado<\/a><\/li>\n<li id='GTTabs_li_1_6873'><a  id=\"6873_1\" onMouseOver=\"GTTabsShowLinks('Resolu\u00e7\u00e3o'); return true;\"  onMouseOut=\"GTTabsShowLinks();\"  class='GTTabsLinks'>Resolu\u00e7\u00e3o<\/a><\/li>\n<\/ul>\n\n\n<span class='GTTabs_titles'><b>Enunciado<\/b><\/span><\/p>\n<p>Escolhe dois pontos, A e B.<\/p>\n<p>Determina os pontos que distam, simultaneamente, 2 cm de A e 3 cm de B.<\/p>\n<p>Quantas solu\u00e7\u00f5es tem o problema?<br \/>\nDiscute os diferentes casos poss\u00edveis.<\/p>\n<p><span class='GTTabs_nav_next'><a href='#GTTabs_ul_6873' onClick='GTTabs_show(1,6873)'>Resolu\u00e7\u00e3o &gt;&gt;<\/a><\/span>\n\n\n<span class='GTTabs_titles'><b>Resolu\u00e7\u00e3o<\/b><\/span><\/p>\n<span class='GTTabs_nav_prev'><a href='#GTTabs_ul_6873' onClick='GTTabs_show(0,6873)'>&lt;&lt; Enunciado<\/a><\/span>&hellip; <a href=\"https:\/\/www.acasinhadamatematica.pt\/?page_id=6873\" class=\"read-more\">Ler mais <\/a>","protected":false},"author":1,"featured_media":0,"parent":3494,"menu_order":2,"comment_status":"open","ping_status":"open","template":"","meta":{"footnotes":""},"class_list":["post-6873","page","type-page","status-publish","hentry"],"jetpack_sharing_enabled":true,"jetpack_likes_enabled":true,"_links":{"self":[{"href":"https:\/\/www.acasinhadamatematica.pt\/index.php?rest_route=\/wp\/v2\/pages\/6873","targetHints":{"allow":["GET"]}}],"collection":[{"href":"https:\/\/www.acasinhadamatematica.pt\/index.php?rest_route=\/wp\/v2\/pages"}],"about":[{"href":"https:\/\/www.acasinhadamatematica.pt\/index.php?rest_route=\/wp\/v2\/types\/page"}],"author":[{"embeddable":true,"href":"https:\/\/www.acasinhadamatematica.pt\/index.php?rest_route=\/wp\/v2\/users\/1"}],"replies":[{"embeddable":true,"href":"https:\/\/www.acasinhadamatematica.pt\/index.php?rest_route=%2Fwp%2Fv2%2Fcomments&post=6873"}],"version-history":[{"count":0,"href":"https:\/\/www.acasinhadamatematica.pt\/index.php?rest_route=\/wp\/v2\/pages\/6873\/revisions"}],"up":[{"embeddable":true,"href":"https:\/\/www.acasinhadamatematica.pt\/index.php?rest_route=\/wp\/v2\/pages\/3494"}],"wp:attachment":[{"href":"https:\/\/www.acasinhadamatematica.pt\/index.php?rest_route=%2Fwp%2Fv2%2Fmedia&parent=6873"}],"curies":[{"name":"wp","href":"https:\/\/api.w.org\/{rel}","templated":true}]}}