{"id":6789,"date":"2011-04-17T02:28:28","date_gmt":"2011-04-17T01:28:28","guid":{"rendered":"https:\/\/www.acasinhadamatematica.pt\/?page_id=6789"},"modified":"2011-04-17T02:29:44","modified_gmt":"2011-04-17T01:29:44","slug":"equacoes-do-1-%c2%ba-grau","status":"publish","type":"page","link":"https:\/\/www.acasinhadamatematica.pt\/?page_id=6789","title":{"rendered":"Equa\u00e7\u00f5es do 1.\u00ba grau"},"content":{"rendered":"<ul class=\"lcp_catlist\" id=\"lcp_instance_0\"><li><a href=\"https:\/\/www.acasinhadamatematica.pt\/?p=6868\">Num circuito el\u00e9trico<\/a>  19 de Maio de 2011<\/li><li><a href=\"https:\/\/www.acasinhadamatematica.pt\/?p=6867\">Rela\u00e7\u00e3o entre graus Celsius e graus Fahrenheit<\/a>  19 de Maio de 2011<\/li><li><a href=\"https:\/\/www.acasinhadamatematica.pt\/?p=6865\">O per\u00edmetro de um tri\u00e2ngulo<\/a>  19 de Maio de 2011<\/li><li><a href=\"https:\/\/www.acasinhadamatematica.pt\/?p=6786\">As economias do Nuno<\/a>  14 de Abril de 2011<\/li><li><a href=\"https:\/\/www.acasinhadamatematica.pt\/?p=6784\">A idade da Rita<\/a>  14 de Abril de 2011<\/li><li><a href=\"https:\/\/www.acasinhadamatematica.pt\/?p=6781\">Uma equipa de futebol<\/a>  14 de Abril de 2011<\/li><li><a href=\"https:\/\/www.acasinhadamatematica.pt\/?p=6780\">Liga cada equa\u00e7\u00e3o \u00e0 sua solu\u00e7\u00e3o<\/a>  14 de Abril de 2011<\/li><li><a href=\"https:\/\/www.acasinhadamatematica.pt\/?p=6778\">Num cabaz<\/a>  14 de Abril de 2011<\/li><li><a href=\"https:\/\/www.acasinhadamatematica.pt\/?p=6776\">A um certo n\u00famero<\/a>  14 de Abril de 2011<\/li><li><a href=\"https:\/\/www.acasinhadamatematica.pt\/?p=6775\">Verifica se o n\u00famero indicado \u00e9 solu\u00e7\u00e3o da equa\u00e7\u00e3o<\/a>  14 de Abril de 2011<\/li><li><a href=\"https:\/\/www.acasinhadamatematica.pt\/?p=6772\">Quatro amigos fizeram uma viagem de autom\u00f3vel<\/a>  13 de Abril de 2011<\/li><li><a href=\"https:\/\/www.acasinhadamatematica.pt\/?p=6771\">Resolve as equa\u00e7\u00f5es<\/a>  13 de Abril de 2011<\/li><li><a href=\"https:\/\/www.acasinhadamatematica.pt\/?p=6770\">Equa\u00e7\u00f5es com denominadores<\/a>  13 de Abril de 2011<\/li><\/ul>\n","protected":false},"excerpt":{"rendered":"<p><ul id='GTTabs_ul_6789' class='GTTabs' style='display:none'>\n<li id='GTTabs_li_0_6789' class='GTTabs_curr'><a  id=\"6789_0\" onMouseOver=\"GTTabsShowLinks('Enunciado'); return true;\"  onMouseOut=\"GTTabsShowLinks();\"  class='GTTabsLinks'>Enunciado<\/a><\/li>\n<li id='GTTabs_li_1_6789'><a  id=\"6789_1\" onMouseOver=\"GTTabsShowLinks('Resolu\u00e7\u00e3o'); return true;\"  onMouseOut=\"GTTabsShowLinks();\"  class='GTTabsLinks'>Resolu\u00e7\u00e3o<\/a><\/li>\n<\/ul>\n\n\n<span class='GTTabs_titles'><b>Enunciado<\/b><\/span><\/p>\n<p>Resolve as equa\u00e7\u00f5es:<\/p>\n<ol>\n<li>$1+\\frac{x-3}{2}=1$<\/li>\n<li>$\\frac{x-2}{4}+\\frac{2x}{3}=1$<\/li>\n<li>$\\frac{y+1}{4}-\\frac{5+y}{2}=\\frac{3}{2}$<\/li>\n<\/ol>\n<p><span class='GTTabs_nav_next'><a href='#GTTabs_ul_6789' onClick='GTTabs_show(1,6789)'>Resolu\u00e7\u00e3o &gt;&gt;<\/a><\/span>\n\n\n<span class='GTTabs_titles'><b>Resolu\u00e7\u00e3o<\/b><\/span><\/p>\n<span class='GTTabs_nav_prev'><a href='#GTTabs_ul_6789' onClick='GTTabs_show(0,6789)'>&lt;&lt; Enunciado<\/a><\/span>&hellip; <a href=\"https:\/\/www.acasinhadamatematica.pt\/?page_id=6789\" class=\"read-more\">Ler mais <\/a>","protected":false},"author":1,"featured_media":0,"parent":3494,"menu_order":4,"comment_status":"open","ping_status":"open","template":"","meta":{"footnotes":""},"class_list":["post-6789","page","type-page","status-publish","hentry"],"jetpack_sharing_enabled":true,"jetpack_likes_enabled":true,"_links":{"self":[{"href":"https:\/\/www.acasinhadamatematica.pt\/index.php?rest_route=\/wp\/v2\/pages\/6789","targetHints":{"allow":["GET"]}}],"collection":[{"href":"https:\/\/www.acasinhadamatematica.pt\/index.php?rest_route=\/wp\/v2\/pages"}],"about":[{"href":"https:\/\/www.acasinhadamatematica.pt\/index.php?rest_route=\/wp\/v2\/types\/page"}],"author":[{"embeddable":true,"href":"https:\/\/www.acasinhadamatematica.pt\/index.php?rest_route=\/wp\/v2\/users\/1"}],"replies":[{"embeddable":true,"href":"https:\/\/www.acasinhadamatematica.pt\/index.php?rest_route=%2Fwp%2Fv2%2Fcomments&post=6789"}],"version-history":[{"count":0,"href":"https:\/\/www.acasinhadamatematica.pt\/index.php?rest_route=\/wp\/v2\/pages\/6789\/revisions"}],"up":[{"embeddable":true,"href":"https:\/\/www.acasinhadamatematica.pt\/index.php?rest_route=\/wp\/v2\/pages\/3494"}],"wp:attachment":[{"href":"https:\/\/www.acasinhadamatematica.pt\/index.php?rest_route=%2Fwp%2Fv2%2Fmedia&parent=6789"}],"curies":[{"name":"wp","href":"https:\/\/api.w.org\/{rel}","templated":true}]}}