{"id":6593,"date":"2011-03-10T00:19:08","date_gmt":"2011-03-10T00:19:08","guid":{"rendered":"https:\/\/www.acasinhadamatematica.pt\/?page_id=6593"},"modified":"2011-03-10T00:19:08","modified_gmt":"2011-03-10T00:19:08","slug":"derivadas","status":"publish","type":"page","link":"https:\/\/www.acasinhadamatematica.pt\/?page_id=6593","title":{"rendered":"Derivadas"},"content":{"rendered":"<ul class=\"lcp_catlist\" id=\"lcp_instance_0\"><li><a href=\"https:\/\/www.acasinhadamatematica.pt\/?p=11847\">Mostre que a fun\u00e7\u00e3o, apesar de cont\u00ednua, n\u00e3o tem derivada em $x = 0$<\/a>  19 de Mar\u00e7o de 2014<\/li><li><a href=\"https:\/\/www.acasinhadamatematica.pt\/?p=11845\">Mostre que a fun\u00e7\u00e3o n\u00e3o admite extremo em $x = 0$<\/a>  19 de Mar\u00e7o de 2014<\/li><li><a href=\"https:\/\/www.acasinhadamatematica.pt\/?p=11844\">Mostre que<\/a>  19 de Mar\u00e7o de 2014<\/li><li><a href=\"https:\/\/www.acasinhadamatematica.pt\/?p=11841\">Uma escultura em cimento<\/a>  17 de Mar\u00e7o de 2014<\/li><li><a href=\"https:\/\/www.acasinhadamatematica.pt\/?p=11839\">Uma col\u00f3nia de bact\u00e9rias<\/a>  17 de Mar\u00e7o de 2014<\/li><li><a href=\"https:\/\/www.acasinhadamatematica.pt\/?p=11837\">Uma part\u00edcula move-se sobre uma reta<\/a>  17 de Mar\u00e7o de 2014<\/li><li><a href=\"https:\/\/www.acasinhadamatematica.pt\/?p=11836\">Duas regras de deriva\u00e7\u00e3o<\/a>  17 de Mar\u00e7o de 2014<\/li><li><a href=\"https:\/\/www.acasinhadamatematica.pt\/?p=11783\">Uma bola desce um plano inclinado<\/a>  9 de Fevereiro de 2014<\/li><li><a href=\"https:\/\/www.acasinhadamatematica.pt\/?p=6675\">Mais sobre derivadas<\/a>  30 de Mar\u00e7o de 2011<\/li><li><a href=\"https:\/\/www.acasinhadamatematica.pt\/?p=6670\">SURF, Fresco e Natural<\/a>  30 de Mar\u00e7o de 2011<\/li><li><a href=\"https:\/\/www.acasinhadamatematica.pt\/?p=6654\">Um objecto move-se ao longo de uma reta<\/a>  22 de Mar\u00e7o de 2011<\/li><li><a href=\"https:\/\/www.acasinhadamatematica.pt\/?p=6646\">A \u00e1rea de um tri\u00e2ngulo<\/a>  22 de Mar\u00e7o de 2011<\/li><li><a href=\"https:\/\/www.acasinhadamatematica.pt\/?p=6643\">Como resultado de uma pesquisa de mercado<\/a>  22 de Mar\u00e7o de 2011<\/li><li><a href=\"https:\/\/www.acasinhadamatematica.pt\/?p=6640\">A densidade populacional<\/a>  22 de Mar\u00e7o de 2011<\/li><li><a href=\"https:\/\/www.acasinhadamatematica.pt\/?p=6636\">Uma folha retangular de metal<\/a>  21 de Mar\u00e7o de 2011<\/li><li><a href=\"https:\/\/www.acasinhadamatematica.pt\/?p=6633\">Considere a fun\u00e7\u00e3o quadr\u00e1tica<\/a>  21 de Mar\u00e7o de 2011<\/li><li><a href=\"https:\/\/www.acasinhadamatematica.pt\/?p=6630\">Lan\u00e7ou-se um foguete de fabrico artesanal<\/a>  19 de Mar\u00e7o de 2011<\/li><li><a href=\"https:\/\/www.acasinhadamatematica.pt\/?p=6622\">Desenhe os gr\u00e1ficos das fun\u00e7\u00f5es<\/a>  19 de Mar\u00e7o de 2011<\/li><li><a href=\"https:\/\/www.acasinhadamatematica.pt\/?p=6565\">Do terra\u00e7o de um pr\u00e9dio lan\u00e7ou-se uma bola<\/a>  1 de Mar\u00e7o de 2011<\/li><li><a href=\"https:\/\/www.acasinhadamatematica.pt\/?p=6557\">A lei de Boyle<\/a>  1 de Mar\u00e7o de 2011<\/li><li><a href=\"https:\/\/www.acasinhadamatematica.pt\/?p=6556\">Um bal\u00e3o esf\u00e9rico est\u00e1 a ser insuflado<\/a>  1 de Mar\u00e7o de 2011<\/li><li><a href=\"https:\/\/www.acasinhadamatematica.pt\/?p=6552\">Um atleta percorre uma pista de 100 metros<\/a>  1 de Mar\u00e7o de 2011<\/li><li><a href=\"https:\/\/www.acasinhadamatematica.pt\/?p=6551\">Um proj\u00e9til \u00e9 lan\u00e7ado do solo<\/a>  1 de Mar\u00e7o de 2011<\/li><li><a href=\"https:\/\/www.acasinhadamatematica.pt\/?p=6550\">O comprimento de uma circunfer\u00eancia<\/a>  1 de Mar\u00e7o de 2011<\/li><li><a href=\"https:\/\/www.acasinhadamatematica.pt\/?p=6546\">Um estudo sobre audi\u00eancias televisivas<\/a>  1 de Mar\u00e7o de 2011<\/li><li><a href=\"https:\/\/www.acasinhadamatematica.pt\/?p=6545\">Mais taxa m\u00e9dia de varia\u00e7\u00e3o<\/a>  1 de Mar\u00e7o de 2011<\/li><li><a href=\"https:\/\/www.acasinhadamatematica.pt\/?p=6544\">Calcule a taxa m\u00e9dia de varia\u00e7\u00e3o<\/a>  1 de Mar\u00e7o de 2011<\/li><\/ul>\n","protected":false},"excerpt":{"rendered":"<p><ul id='GTTabs_ul_6593' class='GTTabs' style='display:none'>\n<li id='GTTabs_li_0_6593' class='GTTabs_curr'><a  id=\"6593_0\" onMouseOver=\"GTTabsShowLinks('Enunciado'); return true;\"  onMouseOut=\"GTTabsShowLinks();\"  class='GTTabsLinks'>Enunciado<\/a><\/li>\n<li id='GTTabs_li_1_6593'><a  id=\"6593_1\" onMouseOver=\"GTTabsShowLinks('Resolu\u00e7\u00e3o'); return true;\"  onMouseOut=\"GTTabsShowLinks();\"  class='GTTabsLinks'>Resolu\u00e7\u00e3o<\/a><\/li>\n<\/ul>\n\n\n<span class='GTTabs_titles'><b>Enunciado<\/b><\/span><\/p>\n<ol>\n<li>Dada a fun\u00e7\u00e3o afim $f$: $x\\to 3x+5$, calcule a taxa m\u00e9dia de varia\u00e7\u00e3o nos intervalos $\\left[ -3,-2 \\right]$ e $\\left[ -1,3 \\right]$.<\/li>\n<li>Repita o exerc\u00edcio anterior para a fun\u00e7\u00e3o $g$: $x\\to {{x}^{2}}+2x$.<\/li>\n<\/ol>\n<p><span class='GTTabs_nav_next'><a href='#GTTabs_ul_6593' onClick='GTTabs_show(1,6593)'>Resolu\u00e7\u00e3o &gt;&gt;<\/a><\/span>\n\n\n<span class='GTTabs_titles'><b>Resolu\u00e7\u00e3o<\/b><\/span><\/p>\n<span class='GTTabs_nav_prev'><a href='#GTTabs_ul_6593' onClick='GTTabs_show(0,6593)'>&lt;&lt; Enunciado<\/a><\/span>&hellip; <a href=\"https:\/\/www.acasinhadamatematica.pt\/?page_id=6593\" class=\"read-more\">Ler mais <\/a>","protected":false},"author":1,"featured_media":0,"parent":3031,"menu_order":0,"comment_status":"open","ping_status":"open","template":"","meta":{"footnotes":""},"class_list":["post-6593","page","type-page","status-publish","hentry"],"jetpack_sharing_enabled":true,"jetpack_likes_enabled":true,"_links":{"self":[{"href":"https:\/\/www.acasinhadamatematica.pt\/index.php?rest_route=\/wp\/v2\/pages\/6593","targetHints":{"allow":["GET"]}}],"collection":[{"href":"https:\/\/www.acasinhadamatematica.pt\/index.php?rest_route=\/wp\/v2\/pages"}],"about":[{"href":"https:\/\/www.acasinhadamatematica.pt\/index.php?rest_route=\/wp\/v2\/types\/page"}],"author":[{"embeddable":true,"href":"https:\/\/www.acasinhadamatematica.pt\/index.php?rest_route=\/wp\/v2\/users\/1"}],"replies":[{"embeddable":true,"href":"https:\/\/www.acasinhadamatematica.pt\/index.php?rest_route=%2Fwp%2Fv2%2Fcomments&post=6593"}],"version-history":[{"count":0,"href":"https:\/\/www.acasinhadamatematica.pt\/index.php?rest_route=\/wp\/v2\/pages\/6593\/revisions"}],"up":[{"embeddable":true,"href":"https:\/\/www.acasinhadamatematica.pt\/index.php?rest_route=\/wp\/v2\/pages\/3031"}],"wp:attachment":[{"href":"https:\/\/www.acasinhadamatematica.pt\/index.php?rest_route=%2Fwp%2Fv2%2Fmedia&parent=6593"}],"curies":[{"name":"wp","href":"https:\/\/api.w.org\/{rel}","templated":true}]}}