{"id":6579,"date":"2011-03-02T02:56:07","date_gmt":"2011-03-02T02:56:07","guid":{"rendered":"https:\/\/www.acasinhadamatematica.pt\/?page_id=6579"},"modified":"2011-03-02T02:56:07","modified_gmt":"2011-03-02T02:56:07","slug":"ainda-os-numeros","status":"publish","type":"page","link":"https:\/\/www.acasinhadamatematica.pt\/?page_id=6579","title":{"rendered":"Ainda os n\u00fameros"},"content":{"rendered":"<ul class=\"lcp_catlist\" id=\"lcp_instance_0\"><li><a href=\"https:\/\/www.acasinhadamatematica.pt\/?p=6814\">Nature by Numbers<\/a>  22 de Abril de 2011<\/li><li><a href=\"https:\/\/www.acasinhadamatematica.pt\/?p=6664\">Ficha de Trabalho<\/a>  28 de Mar\u00e7o de 2011<\/li><li><a href=\"https:\/\/www.acasinhadamatematica.pt\/?p=6615\">Os navios possuem uma sonda sonora especial<\/a>  19 de Mar\u00e7o de 2011<\/li><li><a href=\"https:\/\/www.acasinhadamatematica.pt\/?p=6614\">Calcula, indicando o resultado em nota\u00e7\u00e3o cient\u00edfica<\/a>  18 de Mar\u00e7o de 2011<\/li><li><a href=\"https:\/\/www.acasinhadamatematica.pt\/?p=6612\">Um \u00e1tomo de hidrog\u00e9nio<\/a>  18 de Mar\u00e7o de 2011<\/li><li><a href=\"https:\/\/www.acasinhadamatematica.pt\/?p=6609\">Escreve em nota\u00e7\u00e3o cient\u00edfica<\/a>  18 de Mar\u00e7o de 2011<\/li><li><a href=\"https:\/\/www.acasinhadamatematica.pt\/?p=6608\">Escreve em nota\u00e7\u00e3o cient\u00edfica<\/a>  18 de Mar\u00e7o de 2011<\/li><li><a href=\"https:\/\/www.acasinhadamatematica.pt\/?p=6603\">Determina, usando a calculadora<\/a>  18 de Mar\u00e7o de 2011<\/li><li><a href=\"https:\/\/www.acasinhadamatematica.pt\/?p=6590\">Determina<\/a>  9 de Mar\u00e7o de 2011<\/li><li><a href=\"https:\/\/www.acasinhadamatematica.pt\/?p=6589\">Calcula o valor num\u00e9rico das express\u00f5es<\/a>  9 de Mar\u00e7o de 2011<\/li><li><a href=\"https:\/\/www.acasinhadamatematica.pt\/?p=6588\">Escreve como pot\u00eancia de expoente 2<\/a>  9 de Mar\u00e7o de 2011<\/li><li><a href=\"https:\/\/www.acasinhadamatematica.pt\/?p=6587\">Copia e completa a tabela<\/a>  9 de Mar\u00e7o de 2011<\/li><li><a href=\"https:\/\/www.acasinhadamatematica.pt\/?p=6586\">Calcula as pot\u00eancias<\/a>  9 de Mar\u00e7o de 2011<\/li><li><a href=\"https:\/\/www.acasinhadamatematica.pt\/?p=6584\">O maior n\u00famero de cestos<\/a>  9 de Mar\u00e7o de 2011<\/li><li><a href=\"https:\/\/www.acasinhadamatematica.pt\/?p=6582\">Um automobilista d\u00e1 a volta a uma pista circular<\/a>  9 de Mar\u00e7o de 2011<\/li><li><a href=\"https:\/\/www.acasinhadamatematica.pt\/?p=6581\">Sabendo que o $m.d.c.(75,45)=15$<\/a>  9 de Mar\u00e7o de 2011<\/li><li><a href=\"https:\/\/www.acasinhadamatematica.pt\/?p=6580\">Utilizando o m.m.c.<\/a>  9 de Mar\u00e7o de 2011<\/li><li><a href=\"https:\/\/www.acasinhadamatematica.pt\/?p=6578\">Utilizando a no\u00e7\u00e3o de m.d.c.<\/a>  2 de Mar\u00e7o de 2011<\/li><li><a href=\"https:\/\/www.acasinhadamatematica.pt\/?p=6576\">Considera a seguinte sequ\u00eancia<\/a>  2 de Mar\u00e7o de 2011<\/li><li><a href=\"https:\/\/www.acasinhadamatematica.pt\/?p=6575\">Observa o seguinte tri\u00e2ngulo formado por n\u00fameros<\/a>  2 de Mar\u00e7o de 2011<\/li><\/ul>\n","protected":false},"excerpt":{"rendered":"<p><ul id='GTTabs_ul_6579' class='GTTabs' style='display:none'>\n<li id='GTTabs_li_0_6579' class='GTTabs_curr'><a  id=\"6579_0\" onMouseOver=\"GTTabsShowLinks('Enunciado'); return true;\"  onMouseOut=\"GTTabsShowLinks();\"  class='GTTabsLinks'>Enunciado<\/a><\/li>\n<li id='GTTabs_li_1_6579'><a  id=\"6579_1\" onMouseOver=\"GTTabsShowLinks('Resolu\u00e7\u00e3o'); return true;\"  onMouseOut=\"GTTabsShowLinks();\"  class='GTTabsLinks'>Resolu\u00e7\u00e3o<\/a><\/li>\n<\/ul>\n\n\n<span class='GTTabs_titles'><b>Enunciado<\/b><\/span><\/p>\n<p>Observa o seguinte tri\u00e2ngulo formado por n\u00fameros.<\/p>\n<p>\\[\\begin{matrix} \u00a0\u00a0 \\text{Linha 1} &amp; {} &amp; {} &amp; {} &amp; {} &amp; 1 &amp; {} &amp; {} &amp; {} &amp; {} &amp; {}\u00a0 \\\\ \u00a0\u00a0 \\text{Linha 2} &amp; {} &amp; {} &amp; {} &amp; 1 &amp; 2 &amp; 1 &amp; {} &amp; {} &amp; {} &amp; {}\u00a0 \\\\ \u00a0\u00a0 \\text{Linha 3} &amp; {} &amp; {} &amp; 1 &amp; 2 &amp; 3 &amp; 2 &amp; 1 &amp; {} &amp; {} &amp; {}\u00a0 \\\\ \u00a0\u00a0 &hellip; <a href=\"https:\/\/www.acasinhadamatematica.pt\/?page_id=6579\" class=\"read-more\">Ler mais <\/a><\/p>","protected":false},"author":1,"featured_media":0,"parent":3494,"menu_order":0,"comment_status":"open","ping_status":"open","template":"","meta":{"footnotes":""},"class_list":["post-6579","page","type-page","status-publish","hentry"],"jetpack_sharing_enabled":true,"jetpack_likes_enabled":true,"_links":{"self":[{"href":"https:\/\/www.acasinhadamatematica.pt\/index.php?rest_route=\/wp\/v2\/pages\/6579","targetHints":{"allow":["GET"]}}],"collection":[{"href":"https:\/\/www.acasinhadamatematica.pt\/index.php?rest_route=\/wp\/v2\/pages"}],"about":[{"href":"https:\/\/www.acasinhadamatematica.pt\/index.php?rest_route=\/wp\/v2\/types\/page"}],"author":[{"embeddable":true,"href":"https:\/\/www.acasinhadamatematica.pt\/index.php?rest_route=\/wp\/v2\/users\/1"}],"replies":[{"embeddable":true,"href":"https:\/\/www.acasinhadamatematica.pt\/index.php?rest_route=%2Fwp%2Fv2%2Fcomments&post=6579"}],"version-history":[{"count":0,"href":"https:\/\/www.acasinhadamatematica.pt\/index.php?rest_route=\/wp\/v2\/pages\/6579\/revisions"}],"up":[{"embeddable":true,"href":"https:\/\/www.acasinhadamatematica.pt\/index.php?rest_route=\/wp\/v2\/pages\/3494"}],"wp:attachment":[{"href":"https:\/\/www.acasinhadamatematica.pt\/index.php?rest_route=%2Fwp%2Fv2%2Fmedia&parent=6579"}],"curies":[{"name":"wp","href":"https:\/\/api.w.org\/{rel}","templated":true}]}}