{"id":5643,"date":"2010-11-17T23:30:23","date_gmt":"2010-11-17T23:30:23","guid":{"rendered":"https:\/\/www.acasinhadamatematica.pt\/?page_id=5643"},"modified":"2010-11-17T23:30:23","modified_gmt":"2010-11-17T23:30:23","slug":"decomposicao-de-figuras-teorema-de-pitagoras","status":"publish","type":"page","link":"https:\/\/www.acasinhadamatematica.pt\/?page_id=5643","title":{"rendered":"Decomposi\u00e7\u00e3o de figuras &#8211; Teorema de Pit\u00e1goras"},"content":{"rendered":"<ul class=\"lcp_catlist\" id=\"lcp_instance_0\"><li><a href=\"https:\/\/www.acasinhadamatematica.pt\/?p=6664\">Ficha de Trabalho<\/a>  28 de Mar\u00e7o de 2011<\/li><li><a href=\"https:\/\/www.acasinhadamatematica.pt\/?p=6478\">Ficha de Trabalho<\/a>  5 de Fevereiro de 2011<\/li><li><a href=\"https:\/\/www.acasinhadamatematica.pt\/?p=6427\">Um copo<\/a>  25 de Dezembro de 2010<\/li><li><a href=\"https:\/\/www.acasinhadamatematica.pt\/?p=6425\">Um cone de revolu\u00e7\u00e3o<\/a>  25 de Dezembro de 2010<\/li><li><a href=\"https:\/\/www.acasinhadamatematica.pt\/?p=6423\">Um prisma<\/a>  25 de Dezembro de 2010<\/li><li><a href=\"https:\/\/www.acasinhadamatematica.pt\/?p=6420\">Cortou-se um cubo<\/a>  23 de Dezembro de 2010<\/li><li><a href=\"https:\/\/www.acasinhadamatematica.pt\/?p=6419\">O quarto do Fernando<\/a>  22 de Dezembro de 2010<\/li><li><a href=\"https:\/\/www.acasinhadamatematica.pt\/?p=6418\">O var\u00e3o de um cortinado<\/a>  22 de Dezembro de 2010<\/li><li><a href=\"https:\/\/www.acasinhadamatematica.pt\/?p=6260\">Ficha de Trabalho<\/a>  28 de Novembro de 2010<\/li><li><a href=\"https:\/\/www.acasinhadamatematica.pt\/?p=6240\">Um pent\u00e1gono<\/a>  28 de Novembro de 2010<\/li><li><a href=\"https:\/\/www.acasinhadamatematica.pt\/?p=6224\">A casa constru\u00edda pelo Sr. Ant\u00f3nio<\/a>  28 de Novembro de 2010<\/li><li><a href=\"https:\/\/www.acasinhadamatematica.pt\/?p=6210\">No ret\u00e2ngulo ao lado<\/a>  28 de Novembro de 2010<\/li><li><a href=\"https:\/\/www.acasinhadamatematica.pt\/?p=6191\">Determina o valor de y<\/a>  27 de Novembro de 2010<\/li><li><a href=\"https:\/\/www.acasinhadamatematica.pt\/?p=6175\">Um tri\u00e2ngulo ret\u00e2ngulo<\/a>  27 de Novembro de 2010<\/li><li><a href=\"https:\/\/www.acasinhadamatematica.pt\/?p=6165\">Um tri\u00e2ngulo equil\u00e1tero<\/a>  27 de Novembro de 2010<\/li><li><a href=\"https:\/\/www.acasinhadamatematica.pt\/?p=6159\">A diagonal de um quadrado<\/a>  27 de Novembro de 2010<\/li><li><a href=\"https:\/\/www.acasinhadamatematica.pt\/?p=6126\">Determina o per\u00edmetro e a \u00e1rea dos trap\u00e9zios<\/a>  26 de Novembro de 2010<\/li><li><a href=\"https:\/\/www.acasinhadamatematica.pt\/?p=6097\">Tr\u00eas semic\u00edrculos<\/a>  26 de Novembro de 2010<\/li><li><a href=\"https:\/\/www.acasinhadamatematica.pt\/?p=6085\">Uma espiral<\/a>  26 de Novembro de 2010<\/li><li><a href=\"https:\/\/www.acasinhadamatematica.pt\/?p=6071\">A vista frontal da casa<\/a>  26 de Novembro de 2010<\/li><li><a href=\"https:\/\/www.acasinhadamatematica.pt\/?p=6050\">Um bambu<\/a>  25 de Novembro de 2010<\/li><li><a href=\"https:\/\/www.acasinhadamatematica.pt\/?p=5946\">Teorema de Pit\u00e1goras<\/a>  23 de Novembro de 2010<\/li><li><a href=\"https:\/\/www.acasinhadamatematica.pt\/?p=5816\">Decomposi\u00e7\u00e3o de um tri\u00e2ngulo pela altura referente \u00e0 hipotenusa<\/a>  20 de Novembro de 2010<\/li><li><a href=\"https:\/\/www.acasinhadamatematica.pt\/?p=5793\">Decomposi\u00e7\u00e3o de um tri\u00e2ngulo por uma mediana<\/a>  20 de Novembro de 2010<\/li><li><a href=\"https:\/\/www.acasinhadamatematica.pt\/?p=5783\">Calcula o valor de x em cada tri\u00e2ngulo<\/a>  19 de Novembro de 2010<\/li><li><a href=\"https:\/\/www.acasinhadamatematica.pt\/?p=5759\">Dois insetos<\/a>  19 de Novembro de 2010<\/li><li><a href=\"https:\/\/www.acasinhadamatematica.pt\/?p=5749\">Desenha um rect\u00e2ngulo [ABCD]<\/a>  19 de Novembro de 2010<\/li><li><a href=\"https:\/\/www.acasinhadamatematica.pt\/?p=5740\">A \u00e1rea da casa<\/a>  19 de Novembro de 2010<\/li><li><a href=\"https:\/\/www.acasinhadamatematica.pt\/?p=5716\">Calcula a \u00e1rea das figuras<\/a>  19 de Novembro de 2010<\/li><li><a href=\"https:\/\/www.acasinhadamatematica.pt\/?p=5689\">Um telhado de quatro \u00e1guas<\/a>  19 de Novembro de 2010<\/li><li><a href=\"https:\/\/www.acasinhadamatematica.pt\/?p=5682\">Calcula a \u00e1rea do trap\u00e9zio<\/a>  19 de Novembro de 2010<\/li><li><a href=\"https:\/\/www.acasinhadamatematica.pt\/?p=5666\">Determina as \u00e1reas<\/a>  19 de Novembro de 2010<\/li><li><a href=\"https:\/\/www.acasinhadamatematica.pt\/?p=5641\">Os tri\u00e2ngulos do Pedro<\/a>  17 de Novembro de 2010<\/li><li><a href=\"https:\/\/www.acasinhadamatematica.pt\/?p=5632\">\u00c1rea do trap\u00e9zio<\/a>  17 de Novembro de 2010<\/li><li><a href=\"https:\/\/www.acasinhadamatematica.pt\/?p=5612\">\u00c1rea do paralelogramo<\/a>  17 de Novembro de 2010<\/li><\/ul>\n","protected":false},"excerpt":{"rendered":"<p style=\"text-align: left;\"><strong>Qual ser\u00e1 a f\u00f3rmula da \u00e1rea do paralelogramo?<\/strong><\/p>\n<ol>\n<li>\nSem ativar as op\u00e7\u00f5es e manipulando a figura, tenta descobrir como calcular a \u00e1rea do paralelogramo.\n<\/li>\n<li>\nAtiva a op\u00e7\u00e3o &#8220;Mostrar decomposi\u00e7\u00e3o&#8221;. J\u00e1 est\u00e1s mais seguro da tua suposi\u00e7\u00e3o?\n<\/li>\n<li>\nAtiva a op\u00e7\u00e3o &#8220;Mostrar F\u00f3rmula&#8221; e verifica se a tua suposi\u00e7\u00e3o estava correta.\n<\/li>\n<li>\nProva, agora, a f\u00f3rmula apresentada.\n<\/li>\n<\/ol>","protected":false},"author":1,"featured_media":0,"parent":3494,"menu_order":4,"comment_status":"open","ping_status":"open","template":"","meta":{"footnotes":""},"class_list":["post-5643","page","type-page","status-publish","hentry"],"jetpack_sharing_enabled":true,"jetpack_likes_enabled":true,"_links":{"self":[{"href":"https:\/\/www.acasinhadamatematica.pt\/index.php?rest_route=\/wp\/v2\/pages\/5643","targetHints":{"allow":["GET"]}}],"collection":[{"href":"https:\/\/www.acasinhadamatematica.pt\/index.php?rest_route=\/wp\/v2\/pages"}],"about":[{"href":"https:\/\/www.acasinhadamatematica.pt\/index.php?rest_route=\/wp\/v2\/types\/page"}],"author":[{"embeddable":true,"href":"https:\/\/www.acasinhadamatematica.pt\/index.php?rest_route=\/wp\/v2\/users\/1"}],"replies":[{"embeddable":true,"href":"https:\/\/www.acasinhadamatematica.pt\/index.php?rest_route=%2Fwp%2Fv2%2Fcomments&post=5643"}],"version-history":[{"count":0,"href":"https:\/\/www.acasinhadamatematica.pt\/index.php?rest_route=\/wp\/v2\/pages\/5643\/revisions"}],"up":[{"embeddable":true,"href":"https:\/\/www.acasinhadamatematica.pt\/index.php?rest_route=\/wp\/v2\/pages\/3494"}],"wp:attachment":[{"href":"https:\/\/www.acasinhadamatematica.pt\/index.php?rest_route=%2Fwp%2Fv2%2Fmedia&parent=5643"}],"curies":[{"name":"wp","href":"https:\/\/api.w.org\/{rel}","templated":true}]}}