{"id":3033,"date":"2010-09-27T20:10:38","date_gmt":"2010-09-27T19:10:38","guid":{"rendered":"https:\/\/www.acasinhadamatematica.pt\/?page_id=3033"},"modified":"2010-10-04T00:27:32","modified_gmt":"2010-10-03T23:27:32","slug":"trigonometria","status":"publish","type":"page","link":"https:\/\/www.acasinhadamatematica.pt\/?page_id=3033","title":{"rendered":"Trigonometria"},"content":{"rendered":"<ul class=\"lcp_catlist\" id=\"lcp_instance_0\"><li><a href=\"https:\/\/www.acasinhadamatematica.pt\/?p=5134\">Duas fun\u00e7\u00f5es trigonom\u00e9tricas<\/a>  4 de Novembro de 2010<\/li><li><a href=\"https:\/\/www.acasinhadamatematica.pt\/?p=5112\">Duas condi\u00e7\u00f5es trigonom\u00e9tricas<\/a>  2 de Novembro de 2010<\/li><li><a href=\"https:\/\/www.acasinhadamatematica.pt\/?p=4845\">Fun\u00e7\u00f5es trigonom\u00e9tricas<\/a>  28 de Outubro de 2010<\/li><li><a href=\"https:\/\/www.acasinhadamatematica.pt\/?p=4677\">Um pol\u00edgono [ABEG]<\/a>  25 de Outubro de 2010<\/li><li><a href=\"https:\/\/www.acasinhadamatematica.pt\/?p=4666\">Equa\u00e7\u00f5es trigonom\u00e9tricas 5<\/a>  25 de Outubro de 2010<\/li><li><a href=\"https:\/\/www.acasinhadamatematica.pt\/?p=4663\">Mostre que<\/a>  25 de Outubro de 2010<\/li><li><a href=\"https:\/\/www.acasinhadamatematica.pt\/?p=4660\">Calcule o valor exato da express\u00e3o<\/a>  25 de Outubro de 2010<\/li><li><a href=\"https:\/\/www.acasinhadamatematica.pt\/?p=4656\">Simplifique a express\u00e3o<\/a>  25 de Outubro de 2010<\/li><li><a href=\"https:\/\/www.acasinhadamatematica.pt\/?p=4652\">Sabe-se que&#8230;<\/a>  25 de Outubro de 2010<\/li><li><a href=\"https:\/\/www.acasinhadamatematica.pt\/?p=4554\">Equa\u00e7\u00f5es trigonom\u00e9tricas 4<\/a>  25 de Outubro de 2010<\/li><li><a href=\"https:\/\/www.acasinhadamatematica.pt\/?p=4519\">Equa\u00e7\u00f5es trigonom\u00e9tricas 3<\/a>  22 de Outubro de 2010<\/li><li><a href=\"https:\/\/www.acasinhadamatematica.pt\/?p=4484\">Equa\u00e7\u00f5es trigonom\u00e9tricas 2<\/a>  22 de Outubro de 2010<\/li><li><a href=\"https:\/\/www.acasinhadamatematica.pt\/?p=4443\">Equa\u00e7\u00f5es trigonom\u00e9tricas 1<\/a>  21 de Outubro de 2010<\/li><li><a href=\"https:\/\/www.acasinhadamatematica.pt\/?p=4422\">Com a ajuda da calculadora<\/a>  20 de Outubro de 2010<\/li><li><a href=\"https:\/\/www.acasinhadamatematica.pt\/?p=4402\">Um c\u00edrculo trigonom\u00e9trico<\/a>  20 de Outubro de 2010<\/li><li><a href=\"https:\/\/www.acasinhadamatematica.pt\/?p=4391\">Varia\u00e7\u00e3o do seno e do cosseno<\/a>  20 de Outubro de 2010<\/li><li><a href=\"https:\/\/www.acasinhadamatematica.pt\/?p=4384\">\u00c2ngulos compreendidos entre 0 e 2\u03c0<\/a>  20 de Outubro de 2010<\/li><li><a href=\"https:\/\/www.acasinhadamatematica.pt\/?p=4369\">Express\u00e3o geral dos \u00e2ngulos<\/a>  20 de Outubro de 2010<\/li><li><a href=\"https:\/\/www.acasinhadamatematica.pt\/?p=4349\">Um tri\u00e2ngulo equil\u00e1tero<\/a>  20 de Outubro de 2010<\/li><li><a href=\"https:\/\/www.acasinhadamatematica.pt\/?p=4330\">Calcule o cosseno de&#8230;<\/a>  19 de Outubro de 2010<\/li><li><a href=\"https:\/\/www.acasinhadamatematica.pt\/?p=4321\">Calcule o valor num\u00e9rico<\/a>  19 de Outubro de 2010<\/li><li><a href=\"https:\/\/www.acasinhadamatematica.pt\/?p=4313\">Calcule o valor exato<\/a>  19 de Outubro de 2010<\/li><li><a href=\"https:\/\/www.acasinhadamatematica.pt\/?p=4306\">Exprima A(x) em fun\u00e7\u00e3o de senx e cos x<\/a>  19 de Outubro de 2010<\/li><li><a href=\"https:\/\/www.acasinhadamatematica.pt\/?p=4301\">Exprima em fun\u00e7\u00e3o de sen b e cos b<\/a>  19 de Outubro de 2010<\/li><li><a href=\"https:\/\/www.acasinhadamatematica.pt\/?p=4278\">Exprime em fun\u00e7\u00e3o de sen \u03b1 e de cos \u03b1<\/a>  19 de Outubro de 2010<\/li><li><a href=\"https:\/\/www.acasinhadamatematica.pt\/?p=4263\">Sabe-se que&#8230;<\/a>  19 de Outubro de 2010<\/li><li><a href=\"https:\/\/www.acasinhadamatematica.pt\/?p=4009\">Um trap\u00e9zio ret\u00e2ngulo<\/a>  10 de Outubro de 2010<\/li><li><a href=\"https:\/\/www.acasinhadamatematica.pt\/?p=3981\">Outro hex\u00e1gono regular<\/a>  10 de Outubro de 2010<\/li><li><a href=\"https:\/\/www.acasinhadamatematica.pt\/?p=3954\">Senos, co-senos e tangentes de alguns \u00e2ngulos<\/a>  10 de Outubro de 2010<\/li><li><a href=\"https:\/\/www.acasinhadamatematica.pt\/?p=3938\">Num certo pist\u00e3o<\/a>  9 de Outubro de 2010<\/li><li><a href=\"https:\/\/www.acasinhadamatematica.pt\/?p=3884\">Um plano inclinado<\/a>  9 de Outubro de 2010<\/li><li><a href=\"https:\/\/www.acasinhadamatematica.pt\/?p=3860\">Um hex\u00e1gono regular<\/a>  9 de Outubro de 2010<\/li><li><a href=\"https:\/\/www.acasinhadamatematica.pt\/?p=3845\">Prove que\u2026<\/a>  9 de Outubro de 2010<\/li><li><a href=\"https:\/\/www.acasinhadamatematica.pt\/?p=3826\">Sabendo que&#8230;<\/a>  9 de Outubro de 2010<\/li><li><a href=\"https:\/\/www.acasinhadamatematica.pt\/?p=3809\">Sabe-se que&#8230;<\/a>  8 de Outubro de 2010<\/li><li><a href=\"https:\/\/www.acasinhadamatematica.pt\/?p=3756\">Um pol\u00edgono regular<\/a>  8 de Outubro de 2010<\/li><li><a href=\"https:\/\/www.acasinhadamatematica.pt\/?p=3701\">Um pent\u00e1gono<\/a>  7 de Outubro de 2010<\/li><li><a href=\"https:\/\/www.acasinhadamatematica.pt\/?p=3667\">O Rui, a Sara e a In\u00eas<\/a>  7 de Outubro de 2010<\/li><li><a href=\"https:\/\/www.acasinhadamatematica.pt\/?p=3499\">Dois \u00e2ngulos: 2.\u00ba e 4.\u00ba quadrantes<\/a>  3 de Outubro de 2010<\/li><li><a href=\"https:\/\/www.acasinhadamatematica.pt\/?p=3222\">A dist\u00e2ncia da porta \u00e0 est\u00e1tua<\/a>  29 de Setembro de 2010<\/li><li><a href=\"https:\/\/www.acasinhadamatematica.pt\/?p=3164\">Num disco de papel<\/a>  28 de Setembro de 2010<\/li><li><a href=\"https:\/\/www.acasinhadamatematica.pt\/?p=3038\">Um recipiente c\u00f3nico<\/a>  27 de Setembro de 2010<\/li><li><a href=\"https:\/\/www.acasinhadamatematica.pt\/?p=2957\">Uma chamin\u00e9 de cozinha<\/a>  27 de Setembro de 2010<\/li><\/ul>\n","protected":false},"excerpt":{"rendered":"<p><ul id='GTTabs_ul_3033' class='GTTabs' style='display:none'>\n<li id='GTTabs_li_0_3033' class='GTTabs_curr'><a  id=\"3033_0\" onMouseOver=\"GTTabsShowLinks('Enunciado'); return true;\"  onMouseOut=\"GTTabsShowLinks();\"  class='GTTabsLinks'>Enunciado<\/a><\/li>\n<li id='GTTabs_li_1_3033'><a  id=\"3033_1\" onMouseOver=\"GTTabsShowLinks('Resolu\u00e7\u00e3o'); return true;\"  onMouseOut=\"GTTabsShowLinks();\"  class='GTTabsLinks'>Resolu\u00e7\u00e3o<\/a><\/li>\n<\/ul>\n\n\n<span class='GTTabs_titles'><b>Enunciado<\/b><\/span><\/p>\n<p><a href=\"https:\/\/www.acasinhadamatematica.pt\/wp-content\/uploads\/2010\/09\/chamine.jpg\"><\/a>Uma chamin\u00e9 de cozinha tem a forma de um tronco de pir\u00e2mide com bases retangulares.<\/p>\n<p>As faces [ADHE] e [ABFE] s\u00e3o perpendiculares \u00e0s duas bases.<\/p>\n<p>Na figura, as dimens\u00f5es est\u00e3o expressas em mil\u00edmetros.<\/p>\n<p>Calcule:<\/p>\n<ol>\n<li>as alturas de [BF] e de [DH] dos trap\u00e9zios [BCGF] e [CDHG], com aproxima\u00e7\u00e3o ao mil\u00edmetro;<\/li>\n<li>a \u00e1rea de cada uma das faces [BCGF] e [CDHG], com aproxima\u00e7\u00e3o ao cm<sup>2<\/sup>;<\/li>\n<li>as medidas dos \u00e2ngulos \u03b1 e \u03b2, com aproxima\u00e7\u00e3o \u00e0 d\u00e9cima <\/li><\/ol>&hellip; <a href=\"https:\/\/www.acasinhadamatematica.pt\/?page_id=3033\" class=\"read-more\">Ler mais <\/a>","protected":false},"author":1,"featured_media":0,"parent":3031,"menu_order":0,"comment_status":"open","ping_status":"open","template":"","meta":{"footnotes":""},"class_list":["post-3033","page","type-page","status-publish","hentry"],"jetpack_sharing_enabled":true,"jetpack_likes_enabled":true,"_links":{"self":[{"href":"https:\/\/www.acasinhadamatematica.pt\/index.php?rest_route=\/wp\/v2\/pages\/3033","targetHints":{"allow":["GET"]}}],"collection":[{"href":"https:\/\/www.acasinhadamatematica.pt\/index.php?rest_route=\/wp\/v2\/pages"}],"about":[{"href":"https:\/\/www.acasinhadamatematica.pt\/index.php?rest_route=\/wp\/v2\/types\/page"}],"author":[{"embeddable":true,"href":"https:\/\/www.acasinhadamatematica.pt\/index.php?rest_route=\/wp\/v2\/users\/1"}],"replies":[{"embeddable":true,"href":"https:\/\/www.acasinhadamatematica.pt\/index.php?rest_route=%2Fwp%2Fv2%2Fcomments&post=3033"}],"version-history":[{"count":0,"href":"https:\/\/www.acasinhadamatematica.pt\/index.php?rest_route=\/wp\/v2\/pages\/3033\/revisions"}],"up":[{"embeddable":true,"href":"https:\/\/www.acasinhadamatematica.pt\/index.php?rest_route=\/wp\/v2\/pages\/3031"}],"wp:attachment":[{"href":"https:\/\/www.acasinhadamatematica.pt\/index.php?rest_route=%2Fwp%2Fv2%2Fmedia&parent=3033"}],"curies":[{"name":"wp","href":"https:\/\/api.w.org\/{rel}","templated":true}]}}