{"id":26877,"date":"2023-11-01T14:48:57","date_gmt":"2023-11-01T14:48:57","guid":{"rendered":"https:\/\/www.acasinhadamatematica.pt\/?page_id=26877"},"modified":"2023-11-01T15:54:10","modified_gmt":"2023-11-01T15:54:10","slug":"macs-10-o-resolucoes","status":"publish","type":"page","link":"https:\/\/www.acasinhadamatematica.pt\/?page_id=26877","title":{"rendered":"MACS 10.\u00ba &#8211; Resolu\u00e7\u00f5es"},"content":{"rendered":"\n<h6><a href=\"https:\/\/www.acasinhadamatematica.pt\/?page_id=26878\">MACS 10.\u00ba \u2013 RESOLU\u00c7\u00d5ES DO TEMA 1 &gt; M\u00e9todos de apoio \u00e0 decis\u00e3o<\/a><\/h6>\n<h6><a href=\"https:\/\/www.acasinhadamatematica.pt\/?page_id=26879\">MACS 10.\u00ba \u2013 RESOLU\u00c7\u00d5ES DO TEMA 2 &gt; Estat\u00edstica<\/a><\/h6>\n<h6><a href=\"https:\/\/www.acasinhadamatematica.pt\/?page_id=26880\">MACS 10.\u00ba \u2013 RESOLU\u00c7\u00d5ES DO TEMA 3 &gt; Modelos Matem\u00e1ticos<\/a><\/h6>\n\n\n\n<p><\/p>\n","protected":false},"excerpt":{"rendered":"<p>MACS 10.\u00ba \u2013 RESOLU\u00c7\u00d5ES DO TEMA 1 &gt; M\u00e9todos de apoio \u00e0 decis\u00e3o MACS 10.\u00ba \u2013 RESOLU\u00c7\u00d5ES DO TEMA 2 &gt; Estat\u00edstica MACS 10.\u00ba \u2013 RESOLU\u00c7\u00d5ES DO TEMA 3 &gt; Modelos Matem\u00e1ticos<\/p>\n","protected":false},"author":1,"featured_media":0,"parent":16958,"menu_order":0,"comment_status":"closed","ping_status":"closed","template":"","meta":{"footnotes":""},"class_list":["post-26877","page","type-page","status-publish","hentry"],"jetpack_sharing_enabled":true,"jetpack_likes_enabled":true,"_links":{"self":[{"href":"https:\/\/www.acasinhadamatematica.pt\/index.php?rest_route=\/wp\/v2\/pages\/26877","targetHints":{"allow":["GET"]}}],"collection":[{"href":"https:\/\/www.acasinhadamatematica.pt\/index.php?rest_route=\/wp\/v2\/pages"}],"about":[{"href":"https:\/\/www.acasinhadamatematica.pt\/index.php?rest_route=\/wp\/v2\/types\/page"}],"author":[{"embeddable":true,"href":"https:\/\/www.acasinhadamatematica.pt\/index.php?rest_route=\/wp\/v2\/users\/1"}],"replies":[{"embeddable":true,"href":"https:\/\/www.acasinhadamatematica.pt\/index.php?rest_route=%2Fwp%2Fv2%2Fcomments&post=26877"}],"version-history":[{"count":0,"href":"https:\/\/www.acasinhadamatematica.pt\/index.php?rest_route=\/wp\/v2\/pages\/26877\/revisions"}],"up":[{"embeddable":true,"href":"https:\/\/www.acasinhadamatematica.pt\/index.php?rest_route=\/wp\/v2\/pages\/16958"}],"wp:attachment":[{"href":"https:\/\/www.acasinhadamatematica.pt\/index.php?rest_route=%2Fwp%2Fv2%2Fmedia&parent=26877"}],"curies":[{"name":"wp","href":"https:\/\/api.w.org\/{rel}","templated":true}]}}