{"id":25516,"date":"2023-05-05T11:52:25","date_gmt":"2023-05-05T10:52:25","guid":{"rendered":"https:\/\/www.acasinhadamatematica.pt\/?page_id=25516"},"modified":"2023-05-05T11:52:29","modified_gmt":"2023-05-05T10:52:29","slug":"equacoes-literais-e-sistemas","status":"publish","type":"page","link":"https:\/\/www.acasinhadamatematica.pt\/?page_id=25516","title":{"rendered":"Equa\u00e7\u00f5es literais e sistemas"},"content":{"rendered":"\n<ul class=\"lcp_catlist\" id=\"lcp_instance_0\"><li><a href=\"https:\/\/www.acasinhadamatematica.pt\/?p=26276\">O valor de cada s\u00edmbolo<\/a>  6 de Junho de 2023<\/li><li><a href=\"https:\/\/www.acasinhadamatematica.pt\/?p=26270\">Qual \u00e9 o n\u00famero da rifa?<\/a>  6 de Junho de 2023<\/li><li><a href=\"https:\/\/www.acasinhadamatematica.pt\/?p=26259\">Caminhando<\/a>  6 de Junho de 2023<\/li><li><a href=\"https:\/\/www.acasinhadamatematica.pt\/?p=26253\">Caixas com bolos tradicionais<\/a>  5 de Junho de 2023<\/li><li><a href=\"https:\/\/www.acasinhadamatematica.pt\/?p=26239\">Duas retas representadas num referencial cartesiano<\/a>  5 de Junho de 2023<\/li><li><a href=\"https:\/\/www.acasinhadamatematica.pt\/?p=26236\">A solu\u00e7\u00e3o de outro sistema de equa\u00e7\u00f5es<\/a>  5 de Junho de 2023<\/li><li><a href=\"https:\/\/www.acasinhadamatematica.pt\/?p=26230\">A solu\u00e7\u00e3o de um sistema de equa\u00e7\u00f5es<\/a>  5 de Junho de 2023<\/li><li><a href=\"https:\/\/www.acasinhadamatematica.pt\/?p=26211\">Graus Celsius e graus Fahrenheit<\/a>  5 de Junho de 2023<\/li><li><a href=\"https:\/\/www.acasinhadamatematica.pt\/?p=26208\">Um ret\u00e2ngulo com 28 cm de per\u00edmetro<\/a>  5 de Junho de 2023<\/li><li><a href=\"https:\/\/www.acasinhadamatematica.pt\/?p=26207\">Dois n\u00fameros<\/a>  4 de Junho de 2023<\/li><li><a href=\"https:\/\/www.acasinhadamatematica.pt\/?p=26202\">Mais um sistema de equa\u00e7\u00f5es<\/a>  4 de Junho de 2023<\/li><li><a href=\"https:\/\/www.acasinhadamatematica.pt\/?p=26197\">Um problema sobre os termos de uma fra\u00e7\u00e3o<\/a>  4 de Junho de 2023<\/li><li><a href=\"https:\/\/www.acasinhadamatematica.pt\/?p=26190\">Os cromos da Joana e da Maria<\/a>  4 de Junho de 2023<\/li><li><a href=\"https:\/\/www.acasinhadamatematica.pt\/?p=26183\">Qual dos gr\u00e1ficos representa o sistema de equa\u00e7\u00f5es?<\/a>  4 de Junho de 2023<\/li><li><a href=\"https:\/\/www.acasinhadamatematica.pt\/?p=26176\">Qual \u00e9 o sistema que corresponde \u00e0 representa\u00e7\u00e3o gr\u00e1fica?<\/a>  4 de Junho de 2023<\/li><li><a href=\"https:\/\/www.acasinhadamatematica.pt\/?p=26171\">A solu\u00e7\u00e3o de um sistema de equa\u00e7\u00f5es<\/a>  4 de Junho de 2023<\/li><li><a href=\"https:\/\/www.acasinhadamatematica.pt\/?p=26156\">A festa de final de ano<\/a>  4 de Junho de 2023<\/li><li><a href=\"https:\/\/www.acasinhadamatematica.pt\/?p=26153\">A solu\u00e7\u00e3o de uma equa\u00e7\u00e3o<\/a>  1 de Junho de 2023<\/li><li><a href=\"https:\/\/www.acasinhadamatematica.pt\/?p=26149\">Uma equa\u00e7\u00e3o literal<\/a>  1 de Junho de 2023<\/li><li><a href=\"https:\/\/www.acasinhadamatematica.pt\/?p=26141\">A altura de um tri\u00e2ngulo<\/a>  31 de Maio de 2023<\/li><li><a href=\"https:\/\/www.acasinhadamatematica.pt\/?p=26131\">Sabe-se que a soma de dois n\u00fameros naturais \u00e9 12<\/a>  27 de Maio de 2023<\/li><li><a href=\"https:\/\/www.acasinhadamatematica.pt\/?p=26130\">Quais os dois n\u00fameros inteiros?<\/a>  27 de Maio de 2023<\/li><li><a href=\"https:\/\/www.acasinhadamatematica.pt\/?p=26122\">Quantos viol\u00f5es e quantos violinos estar\u00e3o em palco?<\/a>  27 de Maio de 2023<\/li><li><a href=\"https:\/\/www.acasinhadamatematica.pt\/?p=26119\">A idade do Diogo<\/a>  26 de Maio de 2023<\/li><li><a href=\"https:\/\/www.acasinhadamatematica.pt\/?p=26114\">Uma caixa com tampa<\/a>  26 de Maio de 2023<\/li><li><a href=\"https:\/\/www.acasinhadamatematica.pt\/?p=26110\">Um problema de \u00e2ngulos<\/a>  26 de Maio de 2023<\/li><li><a href=\"https:\/\/www.acasinhadamatematica.pt\/?p=26102\">Uma figura pentagonal<\/a>  26 de Maio de 2023<\/li><li><a href=\"https:\/\/www.acasinhadamatematica.pt\/?p=26078\">Um automobilista<\/a>  25 de Maio de 2023<\/li><li><a href=\"https:\/\/www.acasinhadamatematica.pt\/?p=26069\">Um tri\u00e2ngulo [ABC]<\/a>  25 de Maio de 2023<\/li><li><a href=\"https:\/\/www.acasinhadamatematica.pt\/?p=26062\">Escreve o enunciado de um problema&#8230;<\/a>  25 de Maio de 2023<\/li><li><a href=\"https:\/\/www.acasinhadamatematica.pt\/?p=26058\">A diferen\u00e7a entre dois n\u00fameros&#8230;<\/a>  25 de Maio de 2023<\/li><li><a href=\"https:\/\/www.acasinhadamatematica.pt\/?p=26049\">Iguanas e araras<\/a>  25 de Maio de 2023<\/li><li><a href=\"https:\/\/www.acasinhadamatematica.pt\/?p=26043\">Uma f\u00e1brica produz triciclos e bicicletas<\/a>  24 de Maio de 2023<\/li><li><a href=\"https:\/\/www.acasinhadamatematica.pt\/?p=26037\">Uma conversa sobre cromos<\/a>  24 de Maio de 2023<\/li><li><a href=\"https:\/\/www.acasinhadamatematica.pt\/?p=26022\">A Rita resolveu graficamente um sistema<\/a>  24 de Maio de 2023<\/li><li><a href=\"https:\/\/www.acasinhadamatematica.pt\/?p=26018\">Completa o sistema de equa\u00e7\u00f5es<\/a>  24 de Maio de 2023<\/li><li><a href=\"https:\/\/www.acasinhadamatematica.pt\/?p=26010\">Um sistema de equa\u00e7\u00f5es<\/a>  24 de Maio de 2023<\/li><li><a href=\"https:\/\/www.acasinhadamatematica.pt\/?p=26005\">Resolve os seguintes sistemas de equa\u00e7\u00f5es<\/a>  24 de Maio de 2023<\/li><li><a href=\"https:\/\/www.acasinhadamatematica.pt\/?p=25999\">Representa\u00e7\u00e3o gr\u00e1fica de um sistema de equa\u00e7\u00f5es<\/a>  23 de Maio de 2023<\/li><li><a href=\"https:\/\/www.acasinhadamatematica.pt\/?p=25988\">Representa graficamente e classifica os sistemas de equa\u00e7\u00f5es<\/a>  23 de Maio de 2023<\/li><li><a href=\"https:\/\/www.acasinhadamatematica.pt\/?p=25981\">A press\u00e3o sangu\u00ednea normal<\/a>  23 de Maio de 2023<\/li><li><a href=\"https:\/\/www.acasinhadamatematica.pt\/?p=25974\">Num livro antigo de medicina<\/a>  23 de Maio de 2023<\/li><li><a href=\"https:\/\/www.acasinhadamatematica.pt\/?p=25971\">A equa\u00e7\u00e3o \\(e = vt\\)<\/a>  23 de Maio de 2023<\/li><li><a href=\"https:\/\/www.acasinhadamatematica.pt\/?p=25960\">Um ret\u00e2ngulo tem de per\u00edmetro 10 cm<\/a>  23 de Maio de 2023<\/li><li><a href=\"https:\/\/www.acasinhadamatematica.pt\/?p=25944\">Considera a equa\u00e7\u00e3o<\/a>  22 de Maio de 2023<\/li><li><a href=\"https:\/\/www.acasinhadamatematica.pt\/?p=25933\">Escreve na forma can\u00f3nica<\/a>  21 de Maio de 2023<\/li><li><a href=\"https:\/\/www.acasinhadamatematica.pt\/?p=25925\">Uma substitui\u00e7\u00e3o especial<\/a>  21 de Maio de 2023<\/li><li><a href=\"https:\/\/www.acasinhadamatematica.pt\/?p=25915\">A Ana comprou sandu\u00edches para alguns colegas<\/a>  21 de Maio de 2023<\/li><li><a href=\"https:\/\/www.acasinhadamatematica.pt\/?p=25909\">Qual dos pares ordenados \u00e9 solu\u00e7\u00e3o do sistema?<\/a>  21 de Maio de 2023<\/li><li><a href=\"https:\/\/www.acasinhadamatematica.pt\/?p=25881\">A solu\u00e7\u00e3o do sistema<\/a>  21 de Maio de 2023<\/li><li><a href=\"https:\/\/www.acasinhadamatematica.pt\/?p=25852\">Classifica\u00e7\u00e3o de sistemas de equa\u00e7\u00f5es<\/a>  21 de Maio de 2023<\/li><li><a href=\"https:\/\/www.acasinhadamatematica.pt\/?p=25843\">O mealheiro da Rita<\/a>  21 de Maio de 2023<\/li><li><a href=\"https:\/\/www.acasinhadamatematica.pt\/?p=25820\">Um sistema de equa\u00e7\u00f5es escrito no caderno da Joana<\/a>  21 de Maio de 2023<\/li><li><a href=\"https:\/\/www.acasinhadamatematica.pt\/?p=25800\">Observa as imagens<\/a>  20 de Maio de 2023<\/li><li><a href=\"https:\/\/www.acasinhadamatematica.pt\/?p=25781\">Um sistema de equa\u00e7\u00f5es<\/a>  20 de Maio de 2023<\/li><li><a href=\"https:\/\/www.acasinhadamatematica.pt\/?p=25769\">Resolve graficamente os sistemas<\/a>  20 de Maio de 2023<\/li><li><a href=\"https:\/\/www.acasinhadamatematica.pt\/?p=25758\">Dois sistemas de equa\u00e7\u00f5es<\/a>  20 de Maio de 2023<\/li><li><a href=\"https:\/\/www.acasinhadamatematica.pt\/?p=25749\">Considera o sistema de equa\u00e7\u00f5es<\/a>  17 de Maio de 2023<\/li><li><a href=\"https:\/\/www.acasinhadamatematica.pt\/?p=25727\">Escreve um sistema de equa\u00e7\u00f5es<\/a>  17 de Maio de 2023<\/li><li><a href=\"https:\/\/www.acasinhadamatematica.pt\/?p=25717\">O par indicado \u00e9 solu\u00e7\u00e3o do sistema?<\/a>  16 de Maio de 2023<\/li><li><a href=\"https:\/\/www.acasinhadamatematica.pt\/?p=25705\">No cinema<\/a>  16 de Maio de 2023<\/li><li><a href=\"https:\/\/www.acasinhadamatematica.pt\/?p=25676\">O dinheiro da Salom\u00e9 e da In\u00eas<\/a>  15 de Maio de 2023<\/li><li><a href=\"https:\/\/www.acasinhadamatematica.pt\/?p=25647\">Os pesos do Paulo e da Teresa<\/a>  9 de Maio de 2023<\/li><li><a href=\"https:\/\/www.acasinhadamatematica.pt\/?p=25637\">Resolve as equa\u00e7\u00f5es<\/a>  9 de Maio de 2023<\/li><li><a href=\"https:\/\/www.acasinhadamatematica.pt\/?p=25628\">Num circuito el\u00e9trico<\/a>  9 de Maio de 2023<\/li><li><a href=\"https:\/\/www.acasinhadamatematica.pt\/?p=25619\">Considera o tri\u00e2ngulo<\/a>  9 de Maio de 2023<\/li><li><a href=\"https:\/\/www.acasinhadamatematica.pt\/?p=25610\">Um quadrado<\/a>  6 de Maio de 2023<\/li><li><a href=\"https:\/\/www.acasinhadamatematica.pt\/?p=25576\">Escala t\u00e9rmica<\/a>  6 de Maio de 2023<\/li><li><a href=\"https:\/\/www.acasinhadamatematica.pt\/?p=25568\">Posi\u00e7\u00e3o relativa de retas<\/a>  5 de Maio de 2023<\/li><li><a href=\"https:\/\/www.acasinhadamatematica.pt\/?p=25556\">\u00c0 procura das palavras<\/a>  5 de Maio de 2023<\/li><li><a href=\"https:\/\/www.acasinhadamatematica.pt\/?p=25548\">Quadrado m\u00e1gico<\/a>  5 de Maio de 2023<\/li><li><a href=\"https:\/\/www.acasinhadamatematica.pt\/?p=25528\">Paralelep\u00edpedos com n\u00fameros<\/a>  5 de Maio de 2023<\/li><\/ul>\n\n\n\n<p><\/p>\n","protected":false},"excerpt":{"rendered":"<p><ul id='GTTabs_ul_25516' class='GTTabs' style='display:none'>\n<li id='GTTabs_li_0_25516' class='GTTabs_curr'><a  id=\"25516_0\" onMouseOver=\"GTTabsShowLinks('Enunciado'); return true;\"  onMouseOut=\"GTTabsShowLinks();\"  class='GTTabsLinks'>Enunciado<\/a><\/li>\n<li id='GTTabs_li_1_25516'><a  id=\"25516_1\" onMouseOver=\"GTTabsShowLinks('Resolu\u00e7\u00e3o'); return true;\"  onMouseOut=\"GTTabsShowLinks();\"  class='GTTabsLinks'>Resolu\u00e7\u00e3o<\/a><\/li>\n<\/ul>\n\n\n<span class='GTTabs_titles'><b>Enunciado<\/b><\/span><\/p>\n<p>Na constru\u00e7\u00e3o seguinte, cada n\u00famero \u00e9 a soma dos dois n\u00fameros que est\u00e3o nas casas imediatamente abaixo.<\/p>\n<p><a href=\"https:\/\/www.acasinhadamatematica.pt\/wp-content\/uploads\/2023\/05\/8_Pag186-T1.png\"><\/a><\/p>\n<ol>\n<li>Escreve uma equa\u00e7\u00e3o que te permita determinar o valor de <em>x<\/em>.<\/li>\n<li>Qual \u00e9 o primeiro membro desta equa\u00e7\u00e3o? E o 2.\u00ba?<\/li>\n<li>Que termos constituem o 1.\u00ba membro? E o 2.\u00ba?<\/li>\n<li>Determina o valor de x.<\/li>\n<li>Classifica a equa\u00e7\u00e3o obtida em 1.<\/li>\n<li>Qual \u00e9 o n\u00famero que est\u00e1 no cimo da constru\u00e7\u00e3o?<\/li>\n<\/ol>\n<p><span class='GTTabs_nav_next'><a href='#GTTabs_ul_25516' onClick='GTTabs_show(1,25516)'>Resolu\u00e7\u00e3o &gt;&gt;<\/a><\/span>\n\n\n<span class='GTTabs_titles'><b>Resolu\u00e7\u00e3o<\/b><\/span><\/p><span class='GTTabs_nav_prev'><a href='#GTTabs_ul_25516' onClick='GTTabs_show(0,25516)'>&lt;&lt; Enunciado<\/a><\/span>&hellip; <a href=\"https:\/\/www.acasinhadamatematica.pt\/?page_id=25516\" class=\"read-more\">Ler mais <\/a>","protected":false},"author":1,"featured_media":0,"parent":3494,"menu_order":0,"comment_status":"closed","ping_status":"closed","template":"","meta":{"footnotes":""},"class_list":["post-25516","page","type-page","status-publish","hentry"],"jetpack_sharing_enabled":true,"jetpack_likes_enabled":true,"_links":{"self":[{"href":"https:\/\/www.acasinhadamatematica.pt\/index.php?rest_route=\/wp\/v2\/pages\/25516","targetHints":{"allow":["GET"]}}],"collection":[{"href":"https:\/\/www.acasinhadamatematica.pt\/index.php?rest_route=\/wp\/v2\/pages"}],"about":[{"href":"https:\/\/www.acasinhadamatematica.pt\/index.php?rest_route=\/wp\/v2\/types\/page"}],"author":[{"embeddable":true,"href":"https:\/\/www.acasinhadamatematica.pt\/index.php?rest_route=\/wp\/v2\/users\/1"}],"replies":[{"embeddable":true,"href":"https:\/\/www.acasinhadamatematica.pt\/index.php?rest_route=%2Fwp%2Fv2%2Fcomments&post=25516"}],"version-history":[{"count":0,"href":"https:\/\/www.acasinhadamatematica.pt\/index.php?rest_route=\/wp\/v2\/pages\/25516\/revisions"}],"up":[{"embeddable":true,"href":"https:\/\/www.acasinhadamatematica.pt\/index.php?rest_route=\/wp\/v2\/pages\/3494"}],"wp:attachment":[{"href":"https:\/\/www.acasinhadamatematica.pt\/index.php?rest_route=%2Fwp%2Fv2%2Fmedia&parent=25516"}],"curies":[{"name":"wp","href":"https:\/\/api.w.org\/{rel}","templated":true}]}}