{"id":24968,"date":"2023-04-11T12:20:56","date_gmt":"2023-04-11T11:20:56","guid":{"rendered":"https:\/\/www.acasinhadamatematica.pt\/?page_id=24968"},"modified":"2023-04-11T12:21:00","modified_gmt":"2023-04-11T11:21:00","slug":"graficos-de-funcoes-afins","status":"publish","type":"page","link":"https:\/\/www.acasinhadamatematica.pt\/?page_id=24968","title":{"rendered":"Gr\u00e1ficos de fun\u00e7\u00f5es afins"},"content":{"rendered":"\n<ul class=\"lcp_catlist\" id=\"lcp_instance_0\"><li><a href=\"https:\/\/www.acasinhadamatematica.pt\/?p=25502\">Quatro fun\u00e7\u00f5es<\/a>  29 de Abril de 2023<\/li><li><a href=\"https:\/\/www.acasinhadamatematica.pt\/?p=25494\">Associa cada reta \u00e0 equa\u00e7\u00e3o que lhe corresponde<\/a>  29 de Abril de 2023<\/li><li><a href=\"https:\/\/www.acasinhadamatematica.pt\/?p=25480\">Um modelo de computadores<\/a>  29 de Abril de 2023<\/li><li><a href=\"https:\/\/www.acasinhadamatematica.pt\/?p=25466\">Dois bal\u00f5es de S. Jo\u00e3o<\/a>  29 de Abril de 2023<\/li><li><a href=\"https:\/\/www.acasinhadamatematica.pt\/?p=25447\">Um fabricante de motas<\/a>  28 de Abril de 2023<\/li><li><a href=\"https:\/\/www.acasinhadamatematica.pt\/?p=25441\">A reta AB \u00e9 uma reta vertical<\/a>  28 de Abril de 2023<\/li><li><a href=\"https:\/\/www.acasinhadamatematica.pt\/?p=25428\">Qual \u00e9 outro ponto do gr\u00e1fico?<\/a>  23 de Abril de 2023<\/li><li><a href=\"https:\/\/www.acasinhadamatematica.pt\/?p=25415\">Observa os gr\u00e1ficos das fun\u00e7\u00f5es<\/a>  23 de Abril de 2023<\/li><li><a href=\"https:\/\/www.acasinhadamatematica.pt\/?p=25412\">Qual \u00e9 a afirma\u00e7\u00e3o errada?<\/a>  22 de Abril de 2023<\/li><li><a href=\"https:\/\/www.acasinhadamatematica.pt\/?p=25403\">Retas paralelas<\/a>  22 de Abril de 2023<\/li><li><a href=\"https:\/\/www.acasinhadamatematica.pt\/?p=25395\">Ponto de interse\u00e7\u00e3o com o eixo das ordenadas<\/a>  22 de Abril de 2023<\/li><li><a href=\"https:\/\/www.acasinhadamatematica.pt\/?p=25390\">Qual \u00e9 o gr\u00e1fico?<\/a>  22 de Abril de 2023<\/li><li><a href=\"https:\/\/www.acasinhadamatematica.pt\/?p=25383\">Qual \u00e9 a afirma\u00e7\u00e3o errada?<\/a>  22 de Abril de 2023<\/li><li><a href=\"https:\/\/www.acasinhadamatematica.pt\/?p=25375\">Qual \u00e9 o gr\u00e1fico?<\/a>  22 de Abril de 2023<\/li><li><a href=\"https:\/\/www.acasinhadamatematica.pt\/?p=25365\">Estabelece a correspond\u00eancia<\/a>  22 de Abril de 2023<\/li><li><a href=\"https:\/\/www.acasinhadamatematica.pt\/?p=25349\">Um tanque cheio de \u00e1gua<\/a>  22 de Abril de 2023<\/li><li><a href=\"https:\/\/www.acasinhadamatematica.pt\/?p=25337\">Um gr\u00e1fico incompleto<\/a>  22 de Abril de 2023<\/li><li><a href=\"https:\/\/www.acasinhadamatematica.pt\/?p=25325\">Escreve uma equa\u00e7\u00e3o da reta<\/a>  21 de Abril de 2023<\/li><li><a href=\"https:\/\/www.acasinhadamatematica.pt\/?p=25313\">Tr\u00eas fun\u00e7\u00f5es afins<\/a>  21 de Abril de 2023<\/li><li><a href=\"https:\/\/www.acasinhadamatematica.pt\/?p=25304\">Observa os seguintes gr\u00e1ficos<\/a>  21 de Abril de 2023<\/li><li><a href=\"https:\/\/www.acasinhadamatematica.pt\/?p=25294\">Cinco retas<\/a>  21 de Abril de 2023<\/li><li><a href=\"https:\/\/www.acasinhadamatematica.pt\/?p=25291\">Quatro retas<\/a>  21 de Abril de 2023<\/li><li><a href=\"https:\/\/www.acasinhadamatematica.pt\/?p=25285\">Considera os pontos A e B<\/a>  21 de Abril de 2023<\/li><li><a href=\"https:\/\/www.acasinhadamatematica.pt\/?p=25279\">Sobre a reta de equa\u00e7\u00e3o y=3x\u22121<\/a>  20 de Abril de 2023<\/li><li><a href=\"https:\/\/www.acasinhadamatematica.pt\/?p=25268\">Determina a express\u00e3o alg\u00e9brica da fun\u00e7\u00e3o afim<\/a>  20 de Abril de 2023<\/li><li><a href=\"https:\/\/www.acasinhadamatematica.pt\/?p=25255\">Escreve uma equa\u00e7\u00e3o da reta<\/a>  20 de Abril de 2023<\/li><li><a href=\"https:\/\/www.acasinhadamatematica.pt\/?p=25249\">Fun\u00e7\u00f5es afins<\/a>  19 de Abril de 2023<\/li><li><a href=\"https:\/\/www.acasinhadamatematica.pt\/?p=25232\">Pot\u00eancia de um motor<\/a>  19 de Abril de 2023<\/li><li><a href=\"https:\/\/www.acasinhadamatematica.pt\/?p=25223\">Duas grandezas diretamente proporcionais<\/a>  19 de Abril de 2023<\/li><li><a href=\"https:\/\/www.acasinhadamatematica.pt\/?p=25211\">A turma da Marta vai a Lisboa<\/a>  19 de Abril de 2023<\/li><li><a href=\"https:\/\/www.acasinhadamatematica.pt\/?p=25206\">Escreve uma equa\u00e7\u00e3o da reta OA<\/a>  19 de Abril de 2023<\/li><li><a href=\"https:\/\/www.acasinhadamatematica.pt\/?p=25191\">Os pontos M, N, O, P e Q<\/a>  19 de Abril de 2023<\/li><li><a href=\"https:\/\/www.acasinhadamatematica.pt\/?p=25178\">Determina as equa\u00e7\u00f5es das retas<\/a>  18 de Abril de 2023<\/li><li><a href=\"https:\/\/www.acasinhadamatematica.pt\/?p=25173\">Considera os pontos A, B e C<\/a>  18 de Abril de 2023<\/li><li><a href=\"https:\/\/www.acasinhadamatematica.pt\/?p=25166\">Determina o declive da reta<\/a>  18 de Abril de 2023<\/li><li><a href=\"https:\/\/www.acasinhadamatematica.pt\/?p=25164\">Outra reta n\u00e3o vertical<\/a>  18 de Abril de 2023<\/li><li><a href=\"https:\/\/www.acasinhadamatematica.pt\/?p=25163\">Uma reta n\u00e3o vertical<\/a>  18 de Abril de 2023<\/li><li><a href=\"https:\/\/www.acasinhadamatematica.pt\/?p=25156\">Escreve uma equa\u00e7\u00e3o da reta<\/a>  17 de Abril de 2023<\/li><li><a href=\"https:\/\/www.acasinhadamatematica.pt\/?p=25149\">Escreve as equa\u00e7\u00f5es das retas<\/a>  17 de Abril de 2023<\/li><li><a href=\"https:\/\/www.acasinhadamatematica.pt\/?p=25143\">Desenha as retas<\/a>  17 de Abril de 2023<\/li><li><a href=\"https:\/\/www.acasinhadamatematica.pt\/?p=25129\">Duas retas e dois referenciais cartesianos<\/a>  17 de Abril de 2023<\/li><li><a href=\"https:\/\/www.acasinhadamatematica.pt\/?p=25115\">Mais quatro retas<\/a>  15 de Abril de 2023<\/li><li><a href=\"https:\/\/www.acasinhadamatematica.pt\/?p=25101\">Considera as equa\u00e7\u00f5es<\/a>  14 de Abril de 2023<\/li><li><a href=\"https:\/\/www.acasinhadamatematica.pt\/?p=25093\">Quatro retas dadas pelas respetivas equa\u00e7\u00f5es<\/a>  14 de Abril de 2023<\/li><li><a href=\"https:\/\/www.acasinhadamatematica.pt\/?p=25080\">Express\u00f5es alg\u00e9bricas de tr\u00eas fun\u00e7\u00f5es<\/a>  14 de Abril de 2023<\/li><li><a href=\"https:\/\/www.acasinhadamatematica.pt\/?p=25070\">Gr\u00e1ficos de quatro fun\u00e7\u00f5es<\/a>  14 de Abril de 2023<\/li><li><a href=\"https:\/\/www.acasinhadamatematica.pt\/?p=25057\">Duas fun\u00e7\u00f5es<\/a>  14 de Abril de 2023<\/li><li><a href=\"https:\/\/www.acasinhadamatematica.pt\/?p=25050\">Uma express\u00e3o alg\u00e9brica da fun\u00e7\u00e3o <i>f<\/a>  14 de Abril de 2023<\/li><li><a href=\"https:\/\/www.acasinhadamatematica.pt\/?p=25044\">Tr\u00eas retas paralelas<\/a>  14 de Abril de 2023<\/li><li><a href=\"https:\/\/www.acasinhadamatematica.pt\/?p=25041\">Duas retas paralelas<\/a>  14 de Abril de 2023<\/li><li><a href=\"https:\/\/www.acasinhadamatematica.pt\/?p=25031\">Num cibercaf\u00e9<\/a>  14 de Abril de 2023<\/li><li><a href=\"https:\/\/www.acasinhadamatematica.pt\/?p=25017\">Caixas de CD<\/a>  13 de Abril de 2023<\/li><li><a href=\"https:\/\/www.acasinhadamatematica.pt\/?p=25009\">Determina as equa\u00e7\u00f5es das retas<\/a>  13 de Abril de 2023<\/li><li><a href=\"https:\/\/www.acasinhadamatematica.pt\/?p=24998\">A dist\u00e2ncia de rea\u00e7\u00e3o<\/a>  13 de Abril de 2023<\/li><li><a href=\"https:\/\/www.acasinhadamatematica.pt\/?p=24989\">Determina uma equa\u00e7\u00e3o da reta <i>r<\/i><\/a>  13 de Abril de 2023<\/li><li><a href=\"https:\/\/www.acasinhadamatematica.pt\/?p=24969\">Cinco fun\u00e7\u00f5es afins<\/a>  11 de Abril de 2023<\/li><\/ul>\n","protected":false},"excerpt":{"rendered":"<p><ul id='GTTabs_ul_24968' class='GTTabs' style='display:none'>\n<li id='GTTabs_li_0_24968' class='GTTabs_curr'><a  id=\"24968_0\" onMouseOver=\"GTTabsShowLinks('Enunciado'); return true;\"  onMouseOut=\"GTTabsShowLinks();\"  class='GTTabsLinks'>Enunciado<\/a><\/li>\n<li id='GTTabs_li_1_24968'><a  id=\"24968_1\" onMouseOver=\"GTTabsShowLinks('Resolu\u00e7\u00e3o'); return true;\"  onMouseOut=\"GTTabsShowLinks();\"  class='GTTabsLinks'>Resolu\u00e7\u00e3o<\/a><\/li>\n<\/ul>\n\n\n<span class='GTTabs_titles'><b>Enunciado<\/b><\/span><\/p>\n<p>Considera as fun\u00e7\u00f5es, definidas em \\(\\mathbb{Q}\\), por:<\/p>\n<table style=\"border-collapse: collapse; width: 100%;\">\n\n<tr>\n<td style=\"width: 20%;\">\\(f\\left( x \\right) = &#8211; 4x\\)<\/td>\n<td style=\"width: 20%;\">\\(g\\left( x \\right) = &#8211; 3\\)<\/td>\n<td style=\"width: 20%;\">\\(h\\left( x \\right) = x + 2\\)<\/td>\n<td style=\"width: 20%;\">\\(i\\left( x \\right) = &#8211; x &#8211; \\frac{2}{3}\\)<\/td>\n<td style=\"width: 20%;\">\\(j\\left( x \\right) = \\frac{x}{4}\\)<\/td>\n<\/tr>\n\n<\/table>\n<ol>\n<li>Quais das fun\u00e7\u00f5es s\u00e3o fun\u00e7\u00f5es constantes? E quais s\u00e3o fun\u00e7\u00f5es lineares? E quais s\u00e3o fun\u00e7\u00f5es afins?<\/li>\n<li>Indica o coeficiente de cada fun\u00e7\u00e3o linear.<\/li>\n<li>Considerando a forma can\u00f3nica de cada uma das fun\u00e7\u00f5es afins que n\u00e3o s\u00e3o constantes, nem <\/li><\/ol>&hellip; <a href=\"https:\/\/www.acasinhadamatematica.pt\/?page_id=24968\" class=\"read-more\">Ler mais <\/a>","protected":false},"author":1,"featured_media":0,"parent":3494,"menu_order":0,"comment_status":"closed","ping_status":"closed","template":"","meta":{"footnotes":""},"class_list":["post-24968","page","type-page","status-publish","hentry"],"jetpack_sharing_enabled":true,"jetpack_likes_enabled":true,"_links":{"self":[{"href":"https:\/\/www.acasinhadamatematica.pt\/index.php?rest_route=\/wp\/v2\/pages\/24968","targetHints":{"allow":["GET"]}}],"collection":[{"href":"https:\/\/www.acasinhadamatematica.pt\/index.php?rest_route=\/wp\/v2\/pages"}],"about":[{"href":"https:\/\/www.acasinhadamatematica.pt\/index.php?rest_route=\/wp\/v2\/types\/page"}],"author":[{"embeddable":true,"href":"https:\/\/www.acasinhadamatematica.pt\/index.php?rest_route=\/wp\/v2\/users\/1"}],"replies":[{"embeddable":true,"href":"https:\/\/www.acasinhadamatematica.pt\/index.php?rest_route=%2Fwp%2Fv2%2Fcomments&post=24968"}],"version-history":[{"count":0,"href":"https:\/\/www.acasinhadamatematica.pt\/index.php?rest_route=\/wp\/v2\/pages\/24968\/revisions"}],"up":[{"embeddable":true,"href":"https:\/\/www.acasinhadamatematica.pt\/index.php?rest_route=\/wp\/v2\/pages\/3494"}],"wp:attachment":[{"href":"https:\/\/www.acasinhadamatematica.pt\/index.php?rest_route=%2Fwp%2Fv2%2Fmedia&parent=24968"}],"curies":[{"name":"wp","href":"https:\/\/api.w.org\/{rel}","templated":true}]}}