{"id":23799,"date":"2022-12-22T22:46:14","date_gmt":"2022-12-22T22:46:14","guid":{"rendered":"https:\/\/www.acasinhadamatematica.pt\/?page_id=23799"},"modified":"2022-12-22T22:46:18","modified_gmt":"2022-12-22T22:46:18","slug":"isometrias","status":"publish","type":"page","link":"https:\/\/www.acasinhadamatematica.pt\/?page_id=23799","title":{"rendered":"Isometrias"},"content":{"rendered":"\n<ul class=\"lcp_catlist\" id=\"lcp_instance_0\"><li><a href=\"https:\/\/www.acasinhadamatematica.pt\/?p=24328\">Pontos marcados num referencial<\/a>  8 de Janeiro de 2023<\/li><li><a href=\"https:\/\/www.acasinhadamatematica.pt\/?p=24320\">Cinco tri\u00e2ngulos equil\u00e1teros iguais<\/a>  8 de Janeiro de 2023<\/li><li><a href=\"https:\/\/www.acasinhadamatematica.pt\/?p=24309\">Um tri\u00e2ngulo ret\u00e2ngulo is\u00f3sceles<\/a>  8 de Janeiro de 2023<\/li><li><a href=\"https:\/\/www.acasinhadamatematica.pt\/?p=24300\">O ch\u00e3o da cozinha da escola da Maria<\/a>  8 de Janeiro de 2023<\/li><li><a href=\"https:\/\/www.acasinhadamatematica.pt\/?p=24294\">Reproduz no teu caderno<\/a>  8 de Janeiro de 2023<\/li><li><a href=\"https:\/\/www.acasinhadamatematica.pt\/?p=24286\">A Ana imaginou um friso<\/a>  8 de Janeiro de 2023<\/li><li><a href=\"https:\/\/www.acasinhadamatematica.pt\/?p=24281\">Uma transla\u00e7\u00e3o<\/a>  8 de Janeiro de 2023<\/li><li><a href=\"https:\/\/www.acasinhadamatematica.pt\/?p=24274\">Observa as figuras<\/a>  7 de Janeiro de 2023<\/li><li><a href=\"https:\/\/www.acasinhadamatematica.pt\/?p=24270\">A isometria est\u00e1 bem identificada?<\/a>  7 de Janeiro de 2023<\/li><li><a href=\"https:\/\/www.acasinhadamatematica.pt\/?p=24263\">Considera os vetores<\/a>  7 de Janeiro de 2023<\/li><li><a href=\"https:\/\/www.acasinhadamatematica.pt\/?p=24256\">Observa a figura<\/a>  7 de Janeiro de 2023<\/li><li><a href=\"https:\/\/www.acasinhadamatematica.pt\/?p=24248\">Considera a figura que se segue<\/a>  7 de Janeiro de 2023<\/li><li><a href=\"https:\/\/www.acasinhadamatematica.pt\/?p=24243\">Indica o tipo de simetria<\/a>  7 de Janeiro de 2023<\/li><li><a href=\"https:\/\/www.acasinhadamatematica.pt\/?p=24233\">As figuras desenhadas pelo Jo\u00e3o<\/a>  7 de Janeiro de 2023<\/li><li><a href=\"https:\/\/www.acasinhadamatematica.pt\/?p=24222\">Reproduz o desenho em papel ponteado<\/a>  6 de Janeiro de 2023<\/li><li><a href=\"https:\/\/www.acasinhadamatematica.pt\/?p=24213\">Observa os frisos seguintes<\/a>  6 de Janeiro de 2023<\/li><li><a href=\"https:\/\/www.acasinhadamatematica.pt\/?p=24207\">Reflex\u00e3o de eixo <em>r<\/em><\/a>  6 de Janeiro de 2023<\/li><li><a href=\"https:\/\/www.acasinhadamatematica.pt\/?p=24202\">Qual \u00e9 o eixo de reflex\u00e3o da figura?<\/a>  6 de Janeiro de 2023<\/li><li><a href=\"https:\/\/www.acasinhadamatematica.pt\/?p=24197\">Que figuras foram obtidas por uma isometria?<\/a>  5 de Janeiro de 2023<\/li><li><a href=\"https:\/\/www.acasinhadamatematica.pt\/?p=24190\">Identifica a isometria<\/a>  5 de Janeiro de 2023<\/li><li><a href=\"https:\/\/www.acasinhadamatematica.pt\/?p=24186\">Identifica a isometria<\/a>  5 de Janeiro de 2023<\/li><li><a href=\"https:\/\/www.acasinhadamatematica.pt\/?p=24180\">Um pent\u00e1gono sombreado<\/a>  4 de Janeiro de 2023<\/li><li><a href=\"https:\/\/www.acasinhadamatematica.pt\/?p=24174\">Seis rota\u00e7\u00f5es<\/a>  4 de Janeiro de 2023<\/li><li><a href=\"https:\/\/www.acasinhadamatematica.pt\/?p=24170\">A bandeira sofreu uma rota\u00e7\u00e3o<\/a>  4 de Janeiro de 2023<\/li><li><a href=\"https:\/\/www.acasinhadamatematica.pt\/?p=24164\">O mostrador de um rel\u00f3gio<\/a>  3 de Janeiro de 2023<\/li><li><a href=\"https:\/\/www.acasinhadamatematica.pt\/?p=24156\">Descreve a transla\u00e7\u00e3o<\/a>  3 de Janeiro de 2023<\/li><li><a href=\"https:\/\/www.acasinhadamatematica.pt\/?p=24150\">Constru\u00e7\u00e3o de um tri\u00e2ngulo<\/a>  2 de Janeiro de 2023<\/li><li><a href=\"https:\/\/www.acasinhadamatematica.pt\/?p=24144\">Observa o desenho<\/a>  2 de Janeiro de 2023<\/li><li><a href=\"https:\/\/www.acasinhadamatematica.pt\/?p=24135\">Seis tri\u00e2ngulos equil\u00e1teros geometricamente iguais<\/a>  2 de Janeiro de 2023<\/li><li><a href=\"https:\/\/www.acasinhadamatematica.pt\/?p=24131\">Considera os vetores seguintes<\/a>  2 de Janeiro de 2023<\/li><li><a href=\"https:\/\/www.acasinhadamatematica.pt\/?p=24120\">Um hex\u00e1gono regular<\/a>  2 de Janeiro de 2023<\/li><li><a href=\"https:\/\/www.acasinhadamatematica.pt\/?p=24112\">Dois c\u00edrculos conc\u00eantricos<\/a>  2 de Janeiro de 2023<\/li><li><a href=\"https:\/\/www.acasinhadamatematica.pt\/?p=24107\">Reproduz as figuras seguintes<\/a>  1 de Janeiro de 2023<\/li><li><a href=\"https:\/\/www.acasinhadamatematica.pt\/?p=24101\">Figuras que se correspondem por uma transla\u00e7\u00e3o<\/a>  1 de Janeiro de 2023<\/li><li><a href=\"https:\/\/www.acasinhadamatematica.pt\/?p=24085\">Frisos com instrumentos musicais<\/a>  1 de Janeiro de 2023<\/li><li><a href=\"https:\/\/www.acasinhadamatematica.pt\/?p=24079\">Observa as seguintes figuras<\/a>  31 de Dezembro de 2022<\/li><li><a href=\"https:\/\/www.acasinhadamatematica.pt\/?p=24074\">Ros\u00e1cea de um port\u00e3o de ferro<\/a>  31 de Dezembro de 2022<\/li><li><a href=\"https:\/\/www.acasinhadamatematica.pt\/?p=24064\">A linha a tracejado \u00e9 eixo de simetria da figura<\/a>  31 de Dezembro de 2022<\/li><li><a href=\"https:\/\/www.acasinhadamatematica.pt\/?p=24057\">Basta pintar duas quadr\u00edculas<\/a>  31 de Dezembro de 2022<\/li><li><a href=\"https:\/\/www.acasinhadamatematica.pt\/?p=24040\">Quatro frisos<\/a>  30 de Dezembro de 2022<\/li><li><a href=\"https:\/\/www.acasinhadamatematica.pt\/?p=24036\">Duas ros\u00e1ceas<\/a>  30 de Dezembro de 2022<\/li><li><a href=\"https:\/\/www.acasinhadamatematica.pt\/?p=24030\">A nova estrada<\/a>  30 de Dezembro de 2022<\/li><li><a href=\"https:\/\/www.acasinhadamatematica.pt\/?p=24023\">Quais das seguintes afirma\u00e7\u00f5es s\u00e3o falsas?<\/a>  29 de Dezembro de 2022<\/li><li><a href=\"https:\/\/www.acasinhadamatematica.pt\/?p=24016\">Na aula de Matem\u00e1tica<\/a>  29 de Dezembro de 2022<\/li><li><a href=\"https:\/\/www.acasinhadamatematica.pt\/?p=24014\">Dois c\u00edrculos<\/a>  29 de Dezembro de 2022<\/li><li><a href=\"https:\/\/www.acasinhadamatematica.pt\/?p=24007\">As figuras X e Y<\/a>  29 de Dezembro de 2022<\/li><li><a href=\"https:\/\/www.acasinhadamatematica.pt\/?p=23991\">Tr\u00eas pares de tri\u00e2ngulos<\/a>  29 de Dezembro de 2022<\/li><li><a href=\"https:\/\/www.acasinhadamatematica.pt\/?p=23983\">Considera o hex\u00e1gono regular<\/a>  29 de Dezembro de 2022<\/li><li><a href=\"https:\/\/www.acasinhadamatematica.pt\/?p=23978\">Observa as figuras<\/a>  29 de Dezembro de 2022<\/li><li><a href=\"https:\/\/www.acasinhadamatematica.pt\/?p=23969\">Os tri\u00e2ngulos s\u00e3o todos iguais e equil\u00e1teros<\/a>  29 de Dezembro de 2022<\/li><li><a href=\"https:\/\/www.acasinhadamatematica.pt\/?p=23964\">Qual ser\u00e1 a hora marcada?<\/a>  29 de Dezembro de 2022<\/li><li><a href=\"https:\/\/www.acasinhadamatematica.pt\/?p=23954\">Os mosaicos e os vetores<\/a>  28 de Dezembro de 2022<\/li><li><a href=\"https:\/\/www.acasinhadamatematica.pt\/?p=23946\">Dois pent\u00e1gonos iguais<\/a>  28 de Dezembro de 2022<\/li><li><a href=\"https:\/\/www.acasinhadamatematica.pt\/?p=23936\">O cacho de uvas<\/a>  28 de Dezembro de 2022<\/li><li><a href=\"https:\/\/www.acasinhadamatematica.pt\/?p=23931\">Seis trap\u00e9zios iguais<\/a>  28 de Dezembro de 2022<\/li><li><a href=\"https:\/\/www.acasinhadamatematica.pt\/?p=23925\">Observa as figuras<\/a>  28 de Dezembro de 2022<\/li><li><a href=\"https:\/\/www.acasinhadamatematica.pt\/?p=23917\">A figura, a reta e o vetor<\/a>  28 de Dezembro de 2022<\/li><li><a href=\"https:\/\/www.acasinhadamatematica.pt\/?p=23910\">Motivos de decora\u00e7\u00e3o de um tapete<\/a>  28 de Dezembro de 2022<\/li><li><a href=\"https:\/\/www.acasinhadamatematica.pt\/?p=23901\">Nove paralelogramos iguais<\/a>  28 de Dezembro de 2022<\/li><li><a href=\"https:\/\/www.acasinhadamatematica.pt\/?p=23891\">Considera os vetores \\(\\vec u\\), \\(\\vec v\\) e \\(\\vec w\\)<\/a>  27 de Dezembro de 2022<\/li><li><a href=\"https:\/\/www.acasinhadamatematica.pt\/?p=23884\">Um hex\u00e1gono regular<\/a>  26 de Dezembro de 2022<\/li><li><a href=\"https:\/\/www.acasinhadamatematica.pt\/?p=23879\">Determina \\(\\vec a + \\vec b\\)<\/a>  26 de Dezembro de 2022<\/li><li><a href=\"https:\/\/www.acasinhadamatematica.pt\/?p=23877\">Considera o tri\u00e2ngulo [TRI]<\/a>  26 de Dezembro de 2022<\/li><li><a href=\"https:\/\/www.acasinhadamatematica.pt\/?p=23872\">Copia a figura para o teu caderno<\/a>  26 de Dezembro de 2022<\/li><li><a href=\"https:\/\/www.acasinhadamatematica.pt\/?p=23865\">Composi\u00e7\u00e3o de transla\u00e7\u00f5es<\/a>  26 de Dezembro de 2022<\/li><li><a href=\"https:\/\/www.acasinhadamatematica.pt\/?p=23854\">Observa os pontos marcados no referencial<\/a>  24 de Dezembro de 2022<\/li><li><a href=\"https:\/\/www.acasinhadamatematica.pt\/?p=23848\">Observa as figuras seguintes<\/a>  24 de Dezembro de 2022<\/li><li><a href=\"https:\/\/www.acasinhadamatematica.pt\/?p=23844\">A imagem do barco<\/a>  24 de Dezembro de 2022<\/li><li><a href=\"https:\/\/www.acasinhadamatematica.pt\/?p=23838\">Doze paralelogramos<\/a>  23 de Dezembro de 2022<\/li><li><a href=\"https:\/\/www.acasinhadamatematica.pt\/?p=23832\">Considera o ret\u00e2ngulo<\/a>  23 de Dezembro de 2022<\/li><li><a href=\"https:\/\/www.acasinhadamatematica.pt\/?p=23826\">Transla\u00e7\u00f5es<\/a>  23 de Dezembro de 2022<\/li><li><a href=\"https:\/\/www.acasinhadamatematica.pt\/?p=23818\">Observa a figura seguinte<\/a>  23 de Dezembro de 2022<\/li><li><a href=\"https:\/\/www.acasinhadamatematica.pt\/?p=23810\">O mesmo vetor<\/a>  23 de Dezembro de 2022<\/li><li><a href=\"https:\/\/www.acasinhadamatematica.pt\/?p=23803\">Tr\u00eas tri\u00e2ngulos iguais<\/a>  22 de Dezembro de 2022<\/li><li><a href=\"https:\/\/www.acasinhadamatematica.pt\/?p=23793\">A figura e a rosa dos ventos<\/a>  22 de Dezembro de 2022<\/li><li><a href=\"https:\/\/www.acasinhadamatematica.pt\/?p=23789\">Observa o tri\u00e2ngulo e a reta<\/a>  22 de Dezembro de 2022<\/li><li><a href=\"https:\/\/www.acasinhadamatematica.pt\/?p=23783\">Qual \u00e9 a isometria?<\/a>  22 de Dezembro de 2022<\/li><li><a href=\"https:\/\/www.acasinhadamatematica.pt\/?p=23774\">Observa outra figura<\/a>  22 de Dezembro de 2022<\/li><li><a href=\"https:\/\/www.acasinhadamatematica.pt\/?p=23764\">Observa a figura<\/a>  22 de Dezembro de 2022<\/li><\/ul>\n","protected":false},"excerpt":{"rendered":"<p><ul id='GTTabs_ul_23799' class='GTTabs' style='display:none'>\n<li id='GTTabs_li_0_23799' class='GTTabs_curr'><a  id=\"23799_0\" onMouseOver=\"GTTabsShowLinks('Enunciado'); return true;\"  onMouseOut=\"GTTabsShowLinks();\"  class='GTTabsLinks'>Enunciado<\/a><\/li>\n<li id='GTTabs_li_1_23799'><a  id=\"23799_1\" onMouseOver=\"GTTabsShowLinks('Resolu\u00e7\u00e3o'); return true;\"  onMouseOut=\"GTTabsShowLinks();\"  class='GTTabsLinks'>Resolu\u00e7\u00e3o<\/a><\/li>\n<\/ul>\n\n\n<span class='GTTabs_titles'><b>Enunciado<\/b><\/span><\/p>\n<p>Observa a figura.<\/p>\n<p><a href=\"https:\/\/www.acasinhadamatematica.pt\/wp-content\/uploads\/2022\/12\/8_Pag078-T1.png\"><\/a><\/p>\n<ol>\n<li>Indica, pela respetiva nota\u00e7\u00e3o e usando as letras da figura:<br \/>a) tr\u00eas segmentos de reta contidos na reta IE.<br \/>b) tr\u00eas semirretas com a mesma origem.<\/li>\n<li>Na figura, quantas retas est\u00e3o representadas?<\/li>\n<li>Na figura, quantas semirretas com origem em F est\u00e3o representadas?<\/li>\n<li>Escreve os segmentos de reta que t\u00eam em comum apenas o ponto H.<\/li>\n<li>Indica duas semirretas diretamente paralelas.<\/li>\n<\/ol>\n<p><span class='GTTabs_nav_next'><a href='#GTTabs_ul_23799' onClick='GTTabs_show(1,23799)'>Resolu\u00e7\u00e3o &gt;&gt;<\/a><\/span>\n\n\n<span class='GTTabs_titles'><b>Resolu\u00e7\u00e3o<\/b><\/span><\/p><span class='GTTabs_nav_prev'><a href='#GTTabs_ul_23799' onClick='GTTabs_show(0,23799)'>&lt;&lt; Enunciado<\/a><\/span>&hellip; <a href=\"https:\/\/www.acasinhadamatematica.pt\/?page_id=23799\" class=\"read-more\">Ler mais <\/a>","protected":false},"author":1,"featured_media":0,"parent":3494,"menu_order":4,"comment_status":"closed","ping_status":"closed","template":"","meta":{"footnotes":""},"class_list":["post-23799","page","type-page","status-publish","hentry"],"jetpack_sharing_enabled":true,"jetpack_likes_enabled":true,"_links":{"self":[{"href":"https:\/\/www.acasinhadamatematica.pt\/index.php?rest_route=\/wp\/v2\/pages\/23799","targetHints":{"allow":["GET"]}}],"collection":[{"href":"https:\/\/www.acasinhadamatematica.pt\/index.php?rest_route=\/wp\/v2\/pages"}],"about":[{"href":"https:\/\/www.acasinhadamatematica.pt\/index.php?rest_route=\/wp\/v2\/types\/page"}],"author":[{"embeddable":true,"href":"https:\/\/www.acasinhadamatematica.pt\/index.php?rest_route=\/wp\/v2\/users\/1"}],"replies":[{"embeddable":true,"href":"https:\/\/www.acasinhadamatematica.pt\/index.php?rest_route=%2Fwp%2Fv2%2Fcomments&post=23799"}],"version-history":[{"count":0,"href":"https:\/\/www.acasinhadamatematica.pt\/index.php?rest_route=\/wp\/v2\/pages\/23799\/revisions"}],"up":[{"embeddable":true,"href":"https:\/\/www.acasinhadamatematica.pt\/index.php?rest_route=\/wp\/v2\/pages\/3494"}],"wp:attachment":[{"href":"https:\/\/www.acasinhadamatematica.pt\/index.php?rest_route=%2Fwp%2Fv2%2Fmedia&parent=23799"}],"curies":[{"name":"wp","href":"https:\/\/api.w.org\/{rel}","templated":true}]}}