{"id":2247,"date":"2010-07-20T15:12:49","date_gmt":"2010-07-20T14:12:49","guid":{"rendered":"https:\/\/www.acasinhadamatematica.pt\/?page_id=2247"},"modified":"2010-10-04T00:32:32","modified_gmt":"2010-10-03T23:32:32","slug":"matematica","status":"publish","type":"page","link":"https:\/\/www.acasinhadamatematica.pt\/?page_id=2247","title":{"rendered":"Matem\u00e1tica"},"content":{"rendered":"<ul class=\"lcp_catlist\" id=\"lcp_instance_0\"><li><a href=\"https:\/\/www.acasinhadamatematica.pt\/?p=15120\"><em>Project MATHEMATICS!<\/em><\/a><\/li><li><a href=\"https:\/\/www.acasinhadamatematica.pt\/?p=6816\">A Arte de Resolver Problemas<\/a><\/li><li><a href=\"https:\/\/www.acasinhadamatematica.pt\/?p=2594\">A Brilliant Madness<\/a><\/li><li><a href=\"https:\/\/www.acasinhadamatematica.pt\/?p=1621\">A Hist\u00f3ria da Matem\u00e1tica<\/a><\/li><li><a href=\"https:\/\/www.acasinhadamatematica.pt\/?p=1743\">A Hist\u00f3ria do N\u00famero 1<\/a><\/li><li><a href=\"https:\/\/www.acasinhadamatematica.pt\/?p=16715\">A Mathematical Mystery Tour<\/a><\/li><li><a href=\"https:\/\/www.acasinhadamatematica.pt\/?p=12557\">A mec\u00e2nica de Galileu<\/a><\/li><li><a href=\"https:\/\/www.acasinhadamatematica.pt\/?p=26649\">A sequ\u00eancia de Fibonacci nasceu numa coelheira imagin\u00e1ria<\/a><\/li><li><a href=\"https:\/\/www.acasinhadamatematica.pt\/?p=18896\">A teoria aristot\u00e9lica do movimento<\/a><\/li><li><a href=\"https:\/\/www.acasinhadamatematica.pt\/?p=2824\">A Vida Secreta do Caos<\/a><\/li><li><a href=\"https:\/\/www.acasinhadamatematica.pt\/?p=15423\">Abdus Salam &#8211; O Sonho da Simetria<\/a><\/li><li><a href=\"https:\/\/www.acasinhadamatematica.pt\/?p=21460\">Adventures of a Mathematician<\/a><\/li><li><a href=\"https:\/\/www.acasinhadamatematica.pt\/?p=12381\">Al-Biruni e a medida da circunfer\u00eancia da Terra<\/a><\/li><li><a href=\"https:\/\/www.acasinhadamatematica.pt\/?p=6791\">Alan and Marcus Go Forth and Multiply<\/a><\/li><li><a href=\"https:\/\/www.acasinhadamatematica.pt\/?p=15131\">Alternative MATH<\/a><\/li><li><a href=\"https:\/\/www.acasinhadamatematica.pt\/?p=26668\">An\u00e1lise retr\u00f3grada: as contas de um roubo<\/a><\/li><li><a href=\"https:\/\/www.acasinhadamatematica.pt\/?p=12397\">Aristarco de Samos: Sobre os tamanhos e dist\u00e2ncias entre o Sol e a Lua<\/a><\/li><li><a href=\"https:\/\/www.acasinhadamatematica.pt\/?p=2635\">Arte &#038; Matem\u00e1tica<\/a><\/li><li><a href=\"https:\/\/www.acasinhadamatematica.pt\/?p=12318\">Beautiful Equations<\/a><\/li><li><a href=\"https:\/\/www.acasinhadamatematica.pt\/?p=18613\">Beautiful Young Minds<\/a><\/li><li><a href=\"https:\/\/www.acasinhadamatematica.pt\/?p=2805\">Benoit Mandelbrot: Fractais e a arte da rugosidade<\/a><\/li><li><a href=\"https:\/\/www.acasinhadamatematica.pt\/?p=13624\">Bento de Jesus Cara\u00e7a &#8211; Matem\u00e1tico e Cidad\u00e3o<\/a><\/li><li><a href=\"https:\/\/www.acasinhadamatematica.pt\/?p=18505\">Bletchley Park: Code-breaking&#8217;s Forgotten Genius<\/a><\/li><li><a href=\"https:\/\/www.acasinhadamatematica.pt\/?p=12340\">Breaking the Code<\/a><\/li><li><a href=\"https:\/\/www.acasinhadamatematica.pt\/?p=11920\">CAOS \u2013 Uma Aventura Matem\u00e1tica<\/a><\/li><li><a href=\"https:\/\/www.acasinhadamatematica.pt\/?p=18494\">Code-Breakers: Bletchley Park&#8217;s Lost Heroes<\/a><\/li><li><a href=\"https:\/\/www.acasinhadamatematica.pt\/?p=12342\">CODEBREAKER<\/a><\/li><li><a href=\"https:\/\/www.acasinhadamatematica.pt\/?p=2489\">Conjectura de Poincar\u00e9 &#8211; Geometria para Entender o Universo<\/a><\/li><li><a href=\"https:\/\/www.acasinhadamatematica.pt\/?p=18457\">Cosmic Eye<\/a><\/li><li><a href=\"https:\/\/www.acasinhadamatematica.pt\/?p=18404\">Cosmic View: The Universe in 40 Jumps<\/a><\/li><li><a href=\"https:\/\/www.acasinhadamatematica.pt\/?p=18443\">Cosmic Voyage<\/a><\/li><li><a href=\"https:\/\/www.acasinhadamatematica.pt\/?p=18430\">Cosmic Zoom<\/a><\/li><li><a href=\"https:\/\/www.acasinhadamatematica.pt\/?p=21473\">Counting from Infinity: Yitang Zhang and the Twin Prime Conjecture<\/a><\/li><li><a href=\"https:\/\/www.acasinhadamatematica.pt\/?p=26587\">De quantas maneiras pode organizar um baralho de cartas?<\/a><\/li><li><a href=\"https:\/\/www.acasinhadamatematica.pt\/?p=6921\">Descartes<\/a><\/li><li><a href=\"https:\/\/www.acasinhadamatematica.pt\/?p=1793\">Dimensions \u2013 Um passeio matem\u00e1tico\u2026<\/a><\/li><li><a href=\"https:\/\/www.acasinhadamatematica.pt\/?p=1837\">Donald no Pa\u00eds da Matem\u00e1gica<\/a><\/li><li><a href=\"https:\/\/www.acasinhadamatematica.pt\/?p=13649\">Einstein et la Relativit\u00e9 G\u00e9n\u00e9rale, une histoire singuli\u00e8re<\/a><\/li><li><a href=\"https:\/\/www.acasinhadamatematica.pt\/?p=12359\">Erat\u00f3stenes e a medida da circunfer\u00eancia da Terra<\/a><\/li><li><a href=\"https:\/\/www.acasinhadamatematica.pt\/?p=15513\">Escher&#8217;s Infinite Perspective<\/a><\/li><li><a href=\"https:\/\/www.acasinhadamatematica.pt\/?p=17144\">\u00c9variste Galois (Alexandre Astruc, 1965)<\/a><\/li><li><a href=\"https:\/\/www.acasinhadamatematica.pt\/?p=2416\">Fractals &#8211; Hunting the Hidden Dimension<\/a><\/li><li><a href=\"https:\/\/www.acasinhadamatematica.pt\/?p=13659\">From K\u00f6nigsberg bridges to genome sequencing<\/a><\/li><li><a href=\"https:\/\/www.acasinhadamatematica.pt\/?p=18897\">Galileu descreve o movimento<\/a><\/li><li><a href=\"https:\/\/www.acasinhadamatematica.pt\/?p=13638\">Gottfried Wilhelm Leibniz &#8211; In search of a universal formula<\/a><\/li><li><a href=\"https:\/\/www.acasinhadamatematica.pt\/?p=15555\">Gravity and Me: The Force that Shapes our Lives<\/a><\/li><li><a href=\"https:\/\/www.acasinhadamatematica.pt\/?p=7439\">Happy Pi Day<\/a><\/li><li><a href=\"https:\/\/www.acasinhadamatematica.pt\/?p=2566\">High Anxieties: The Mathematics of Chaos<\/a><\/li><li><a href=\"https:\/\/www.acasinhadamatematica.pt\/?p=12430\">Hiparco e a dist\u00e2ncia \u00e0 Lua<\/a><\/li><li><a href=\"https:\/\/www.acasinhadamatematica.pt\/?p=17587\">Horizon: The Midas Formula<\/a><\/li><li><a href=\"https:\/\/www.acasinhadamatematica.pt\/?p=6788\">How Long is a Piece of String?<\/a><\/li><li><a href=\"https:\/\/www.acasinhadamatematica.pt\/?p=11916\">INSPIRATIONS<\/a><\/li><li><a href=\"https:\/\/www.acasinhadamatematica.pt\/?p=18890\">Introdu\u00e7\u00e3o \u00e0 mec\u00e2nica de Galileu<\/a><\/li><li><a href=\"https:\/\/www.acasinhadamatematica.pt\/?p=21841\">Isto \u00e9 Matem\u00e1tica<\/a><\/li><li><a href=\"https:\/\/www.acasinhadamatematica.pt\/?p=11705\">Isto \u00e9 Matem\u00e1tica &#8211; Temporadas<\/a><\/li><li><a href=\"https:\/\/www.acasinhadamatematica.pt\/?p=26708\">Joaninha voa, voa, que n\u00f3s fazemos contas<\/a><\/li><li><a href=\"https:\/\/www.acasinhadamatematica.pt\/?p=13717\">John von Neumann, proph\u00e8te du 21\u00e8me si\u00e8cle<\/a><\/li><li><a href=\"https:\/\/www.acasinhadamatematica.pt\/?p=13643\">Lagrange<\/a><\/li><li><a href=\"https:\/\/www.acasinhadamatematica.pt\/?p=15534\">Life By The Numbers<\/a><\/li><li><a href=\"https:\/\/www.acasinhadamatematica.pt\/?p=6599\">Lose Yourself (In The Digits)<\/a><\/li><li><a href=\"https:\/\/www.acasinhadamatematica.pt\/?p=6820\">M. C. Escher &#8211; Metamorphose<\/a><\/li><li><a href=\"https:\/\/www.acasinhadamatematica.pt\/?p=26997\">M.C. Escher: Journey To Infinity<\/a><\/li><li><a href=\"https:\/\/www.acasinhadamatematica.pt\/?p=26810\">M82589933<\/a><\/li><li><a href=\"https:\/\/www.acasinhadamatematica.pt\/?p=15498\">Magic Numbers: Hannah Fry&#8217;s Mysterious World of Maths<\/a><\/li><li><a href=\"https:\/\/www.acasinhadamatematica.pt\/?p=12549\">Marcus du Sautoy \u2013 The Secret Rules of Modern Living: Algorithms<\/a><\/li><li><a href=\"https:\/\/www.acasinhadamatematica.pt\/?p=6807\">Marcus du Sautoy: Finding Moonshine<\/a><\/li><li><a href=\"https:\/\/www.acasinhadamatematica.pt\/?p=6805\">Marcus du Sautoy: Simetria, enigma da realidade<\/a><\/li><li><a href=\"https:\/\/www.acasinhadamatematica.pt\/?p=11710\">Marcus du Sautoy: The Code<\/a><\/li><li><a href=\"https:\/\/www.acasinhadamatematica.pt\/?p=15521\">Martin Gardner: Mathemagician<\/a><\/li><li><a href=\"https:\/\/www.acasinhadamatematica.pt\/?p=11922\">M\u00e1s por menos<\/a><\/li><li><a href=\"https:\/\/www.acasinhadamatematica.pt\/?p=26616\">Matem\u00e1tica do imposs\u00edvel<\/a><\/li><li><a href=\"https:\/\/www.acasinhadamatematica.pt\/?p=26600\">Matem\u00e1tica na vida real<\/a><\/li><li><a href=\"https:\/\/www.acasinhadamatematica.pt\/?p=6818\">Matem\u00e1ticos na Universidade de Coimbra<\/a><\/li><li><a href=\"https:\/\/www.acasinhadamatematica.pt\/?p=12522\">Math and the Rise of Civilization<\/a><\/li><li><a href=\"https:\/\/www.acasinhadamatematica.pt\/?p=12539\">Mathematical Impressions<\/a><\/li><li><a href=\"https:\/\/www.acasinhadamatematica.pt\/?p=2440\">N is a Number: A Portrait of Paul Erd\u00f6s<\/a><\/li><li><a href=\"https:\/\/www.acasinhadamatematica.pt\/?p=26679\">Nas pontes de K\u00f6nigsberg nasceu a teoria dos grafos<\/a><\/li><li><a href=\"https:\/\/www.acasinhadamatematica.pt\/?p=6814\">Nature by Numbers<\/a><\/li><li><a href=\"https:\/\/www.acasinhadamatematica.pt\/?p=16175\">Nature&#8217;s Mathematics<\/a><\/li><li><a href=\"https:\/\/www.acasinhadamatematica.pt\/?p=13632\">O Homem que Viu o Infinito<\/a><\/li><li><a href=\"https:\/\/www.acasinhadamatematica.pt\/?p=12344\">O Jogo da Imita\u00e7\u00e3o<\/a><\/li><li><a href=\"https:\/\/www.acasinhadamatematica.pt\/?p=6924\">O Legado de Pit\u00e1goras<\/a><\/li><li><a href=\"https:\/\/www.acasinhadamatematica.pt\/?p=18892\">O Museu Galileu<\/a><\/li><li><a href=\"https:\/\/www.acasinhadamatematica.pt\/?p=15184\">O que est\u00e1 errado neste rel\u00f3gio de sol?<\/a><\/li><li><a href=\"https:\/\/www.acasinhadamatematica.pt\/?p=1853\">O \u00daltimo Teorema de Fermat<\/a><\/li><li><a href=\"https:\/\/www.acasinhadamatematica.pt\/?p=13653\">PATRICE JEENER &#8211; Le graveur de math\u00e9matiques<\/a><\/li><li><a href=\"https:\/\/www.acasinhadamatematica.pt\/?p=26624\">Pedro Nunes, o matem\u00e1tico do n\u00f3nio<\/a><\/li><li><a href=\"https:\/\/www.acasinhadamatematica.pt\/?p=6601\">Pi Day and&#8230; Albert Einstein&#8217;s Birthday<\/a><\/li><li><a href=\"https:\/\/www.acasinhadamatematica.pt\/?p=18899\">Poema para Galileu<\/a><\/li><li><a href=\"https:\/\/www.acasinhadamatematica.pt\/?p=26670\">Porque Arquimedes gritou \u201cEureka\u201d<\/a><\/li><li><a href=\"https:\/\/www.acasinhadamatematica.pt\/?p=12370\">Possid\u00f3nio e a medida da circunfer\u00eancia da Terra<\/a><\/li><li><a href=\"https:\/\/www.acasinhadamatematica.pt\/?p=15669\">POWERS OF TEN<\/a><\/li><li><a href=\"https:\/\/www.acasinhadamatematica.pt\/?p=15659\">Prediction by the Numbers<\/a><\/li><li><a href=\"https:\/\/www.acasinhadamatematica.pt\/?p=2849\">Pythagoras<\/a><\/li><li><a href=\"https:\/\/www.acasinhadamatematica.pt\/?p=26693\">Quanto avan\u00e7a uma carga montada sobre cilindros?<\/a><\/li><li><a href=\"https:\/\/www.acasinhadamatematica.pt\/?p=12331\">RAMANUJAN<\/a><\/li><li><a href=\"https:\/\/www.acasinhadamatematica.pt\/?p=12336\">RAMANUJAN: Letters from an Indian Clerk<\/a><\/li><li><a href=\"https:\/\/www.acasinhadamatematica.pt\/?p=6917\">Robert Lang dobra um origami completamente novo<\/a><\/li><li><a href=\"https:\/\/www.acasinhadamatematica.pt\/?p=2817\">Ron Eglash: Fractais Africanos<\/a><\/li><li><a href=\"https:\/\/www.acasinhadamatematica.pt\/?p=27007\">Sal e Matem\u00e1tica em Alc\u00e1cer<\/a><\/li><li><a href=\"https:\/\/www.acasinhadamatematica.pt\/?p=2534\">Science and Islam<\/a><\/li><li><a href=\"https:\/\/www.acasinhadamatematica.pt\/?p=12533\">Science in a Golden Age<\/a><\/li><li><a href=\"https:\/\/www.acasinhadamatematica.pt\/?p=16375\">Secrets and lies: The hidden power of maths<\/a><\/li><li><a href=\"https:\/\/www.acasinhadamatematica.pt\/?p=21508\">Secrets of the Surface: The Mathematical Vision of Maryam Mirzakhani<\/a><\/li><li><a href=\"https:\/\/www.acasinhadamatematica.pt\/?p=26697\">Ser\u00e1 poss\u00edvel dobrar um papel cinquenta vezes?<\/a><\/li><li><a href=\"https:\/\/www.acasinhadamatematica.pt\/?p=7422\">Sing the melody of Pi Symphony<\/a><\/li><li><a href=\"https:\/\/www.acasinhadamatematica.pt\/?p=18898\">Solu\u00e7\u00f5es dos Desafios<\/a><\/li><li><a href=\"https:\/\/www.acasinhadamatematica.pt\/?p=12554\">Tails You Win: The Science of Chance<\/a><\/li><li><a href=\"https:\/\/www.acasinhadamatematica.pt\/?p=15518\">The Art of the Impossible: MC Escher and Me<\/a><\/li><li><a href=\"https:\/\/www.acasinhadamatematica.pt\/?p=6795\">The Beauty of Diagrams<\/a><\/li><li><a href=\"https:\/\/www.acasinhadamatematica.pt\/?p=21517\">The Colours of Infinity<\/a><\/li><li><a href=\"https:\/\/www.acasinhadamatematica.pt\/?p=1822\">The Fantastic World of M. C. Escher<\/a><\/li><li><a href=\"https:\/\/www.acasinhadamatematica.pt\/?p=12334\">The genius of Srinivasa Ramanujan<\/a><\/li><li><a href=\"https:\/\/www.acasinhadamatematica.pt\/?p=12327\">The Great Math Mystery<\/a><\/li><li><a href=\"https:\/\/www.acasinhadamatematica.pt\/?p=15547\">The Joy of Data<\/a><\/li><li><a href=\"https:\/\/www.acasinhadamatematica.pt\/?p=15544\">The Joy of Logic<\/a><\/li><li><a href=\"https:\/\/www.acasinhadamatematica.pt\/?p=12552\">The Joy of Stats<\/a><\/li><li><a href=\"https:\/\/www.acasinhadamatematica.pt\/?p=16150\">The Joy of Winning<\/a><\/li><li><a href=\"https:\/\/www.acasinhadamatematica.pt\/?p=15602\">The Majesty of Music and Math<\/a><\/li><li><a href=\"https:\/\/www.acasinhadamatematica.pt\/?p=12329\">The Man Who Walks Differently: Perelman&#8217;s Lesson<\/a><\/li><li><a href=\"https:\/\/www.acasinhadamatematica.pt\/?p=2523\">The Music of the Primes<\/a><\/li><li><a href=\"https:\/\/www.acasinhadamatematica.pt\/?p=15639\">The Origami Revolution<\/a><\/li><li><a href=\"https:\/\/www.acasinhadamatematica.pt\/?p=16356\">The Royal Institution: Talks all about mathematics<\/a><\/li><li><a href=\"https:\/\/www.acasinhadamatematica.pt\/?p=12338\">The Strange Life and Death of Dr. Turing<\/a><\/li><li><a href=\"https:\/\/www.acasinhadamatematica.pt\/?p=16197\">To Infinity and Beyond<\/a><\/li><li><a href=\"https:\/\/www.acasinhadamatematica.pt\/?p=12305\">Topics in the History of Mathematics<\/a><\/li><li><a href=\"https:\/\/www.acasinhadamatematica.pt\/?p=17604\">Trillion Dollar Bet<\/a><\/li><li><a href=\"https:\/\/www.acasinhadamatematica.pt\/?p=6600\">Um Bom Dia, $\\pi $<\/a><\/li><li><a href=\"https:\/\/www.acasinhadamatematica.pt\/?p=6811\">Uma Breve Hist\u00f3ria da Matem\u00e1tica<\/a><\/li><li><a href=\"https:\/\/www.acasinhadamatematica.pt\/?p=26700\">Uma quest\u00e3o de probabilidades<\/a><\/li><li><a href=\"https:\/\/www.acasinhadamatematica.pt\/?p=26659\">Uma tira de papel criada por um matem\u00e1tico<\/a><\/li><li><a href=\"https:\/\/www.acasinhadamatematica.pt\/?p=2050\">Universo Matem\u00e1tico<\/a><\/li><li><a href=\"https:\/\/www.acasinhadamatematica.pt\/?p=15174\">VideoMath Festival<\/a><\/li><li><a href=\"https:\/\/www.acasinhadamatematica.pt\/?p=21399\">Voyages au pays des maths<\/a><\/li><li><a href=\"https:\/\/www.acasinhadamatematica.pt\/?p=6597\">What $\\pi $ Sounds Like<\/a><\/li><li><a href=\"https:\/\/www.acasinhadamatematica.pt\/?p=12531\">When the Moors Ruled in Europe<\/a><\/li><li><a href=\"https:\/\/www.acasinhadamatematica.pt\/?p=12307\">Why U<\/a><\/li><\/ul>\n","protected":false},"excerpt":{"rendered":"<p><a href=\"https:\/\/www.acasinhadamatematica.pt\/wp-content\/uploads\/2015\/03\/WhyU_logo.jpg\"><\/a><a href=\"https:\/\/www.whyu.org\/\" target=\"_blank\" rel=\"noopener\">Why U<\/a> animated videos are designed as collateral material for mathematics courses on the K-12 and college levels, and as a resource for informal independent study. Rather than focusing on procedural problem solving, the objective is to give insight into the <b>concepts<\/b> on which the rules of mathematics are based.<\/p>\n<p>Why U creators are currently working on the series of animated lectures entitled &#8220;Algebra&#8221;. This series examines the concepts on which Algebra, as well as higher mathematics, is based. The &hellip; <a href=\"https:\/\/www.acasinhadamatematica.pt\/?page_id=2247\" class=\"read-more\">Ler mais <\/a><\/p>","protected":false},"author":1,"featured_media":0,"parent":2245,"menu_order":0,"comment_status":"open","ping_status":"closed","template":"","meta":{"footnotes":""},"class_list":["post-2247","page","type-page","status-publish","hentry"],"jetpack_sharing_enabled":true,"jetpack_likes_enabled":true,"_links":{"self":[{"href":"https:\/\/www.acasinhadamatematica.pt\/index.php?rest_route=\/wp\/v2\/pages\/2247","targetHints":{"allow":["GET"]}}],"collection":[{"href":"https:\/\/www.acasinhadamatematica.pt\/index.php?rest_route=\/wp\/v2\/pages"}],"about":[{"href":"https:\/\/www.acasinhadamatematica.pt\/index.php?rest_route=\/wp\/v2\/types\/page"}],"author":[{"embeddable":true,"href":"https:\/\/www.acasinhadamatematica.pt\/index.php?rest_route=\/wp\/v2\/users\/1"}],"replies":[{"embeddable":true,"href":"https:\/\/www.acasinhadamatematica.pt\/index.php?rest_route=%2Fwp%2Fv2%2Fcomments&post=2247"}],"version-history":[{"count":0,"href":"https:\/\/www.acasinhadamatematica.pt\/index.php?rest_route=\/wp\/v2\/pages\/2247\/revisions"}],"up":[{"embeddable":true,"href":"https:\/\/www.acasinhadamatematica.pt\/index.php?rest_route=\/wp\/v2\/pages\/2245"}],"wp:attachment":[{"href":"https:\/\/www.acasinhadamatematica.pt\/index.php?rest_route=%2Fwp%2Fv2%2Fmedia&parent=2247"}],"curies":[{"name":"wp","href":"https:\/\/api.w.org\/{rel}","templated":true}]}}