{"id":22291,"date":"2022-10-16T00:33:28","date_gmt":"2022-10-15T23:33:28","guid":{"rendered":"https:\/\/www.acasinhadamatematica.pt\/?page_id=22291"},"modified":"2022-10-16T00:37:52","modified_gmt":"2022-10-15T23:37:52","slug":"numeros-reais","status":"publish","type":"page","link":"https:\/\/www.acasinhadamatematica.pt\/?page_id=22291","title":{"rendered":"N\u00fameros reais"},"content":{"rendered":"\n<ul class=\"lcp_catlist\" id=\"lcp_instance_0\"><li><a href=\"https:\/\/www.acasinhadamatematica.pt\/?p=23026\">Qual \u00e9 o valor da express\u00e3o num\u00e9rica?<\/a>  5 de Novembro de 2022<\/li><li><a href=\"https:\/\/www.acasinhadamatematica.pt\/?p=23017\">Associa a cada express\u00e3o o resultado correto<\/a>  5 de Novembro de 2022<\/li><li><a href=\"https:\/\/www.acasinhadamatematica.pt\/?p=23007\">Uma atleta treina de bicicleta<\/a>  5 de Novembro de 2022<\/li><li><a href=\"https:\/\/www.acasinhadamatematica.pt\/?p=23003\">Quais s\u00e3o as afirma\u00e7\u00f5es verdadeiras?<\/a>  5 de Novembro de 2022<\/li><li><a href=\"https:\/\/www.acasinhadamatematica.pt\/?p=23002\">Calcula o valor exato<\/a>  4 de Novembro de 2022<\/li><li><a href=\"https:\/\/www.acasinhadamatematica.pt\/?p=22993\">\u00c9 um n\u00famero irracional ou racional?<\/a>  4 de Novembro de 2022<\/li><li><a href=\"https:\/\/www.acasinhadamatematica.pt\/?p=22998\">Calcula<\/a>  4 de Novembro de 2022<\/li><li><a href=\"https:\/\/www.acasinhadamatematica.pt\/?p=22982\">Calcula o valor das express\u00f5es<\/a>  4 de Novembro de 2022<\/li><li><a href=\"https:\/\/www.acasinhadamatematica.pt\/?p=22974\">Calcula o valor das seguintes express\u00f5es<\/a>  4 de Novembro de 2022<\/li><li><a href=\"https:\/\/www.acasinhadamatematica.pt\/?p=22963\">Figura constitu\u00edda por tr\u00eas semicircunfer\u00eancias<\/a>  4 de Novembro de 2022<\/li><li><a href=\"https:\/\/www.acasinhadamatematica.pt\/?p=22959\">Escreve um n\u00famero compreendido entre \\(3,14\\) e \\(\\pi \\)<\/a>  3 de Novembro de 2022<\/li><li><a href=\"https:\/\/www.acasinhadamatematica.pt\/?p=22956\">Quais s\u00e3o os n\u00fameros?<\/a>  3 de Novembro de 2022<\/li><li><a href=\"https:\/\/www.acasinhadamatematica.pt\/?p=22943\">Considera o conjunto<\/a>  3 de Novembro de 2022<\/li><li><a href=\"https:\/\/www.acasinhadamatematica.pt\/?p=22938\">Considera o conjunto<\/a>  3 de Novembro de 2022<\/li><li><a href=\"https:\/\/www.acasinhadamatematica.pt\/?p=22934\">Considera o conjunto<\/a>  3 de Novembro de 2022<\/li><li><a href=\"https:\/\/www.acasinhadamatematica.pt\/?p=22927\">Verdadeiro ou falso?<\/a>  3 de Novembro de 2022<\/li><li><a href=\"https:\/\/www.acasinhadamatematica.pt\/?p=22915\">Comprimento da aresta de um cubo<\/a>  2 de Novembro de 2022<\/li><li><a href=\"https:\/\/www.acasinhadamatematica.pt\/?p=22905\">Escreve um n\u00famero<\/a>  2 de Novembro de 2022<\/li><li><a href=\"https:\/\/www.acasinhadamatematica.pt\/?p=22901\">Copia e completa<\/a>  2 de Novembro de 2022<\/li><li><a href=\"https:\/\/www.acasinhadamatematica.pt\/?p=22896\">Verdadeiro ou falso?<\/a>  2 de Novembro de 2022<\/li><li><a href=\"https:\/\/www.acasinhadamatematica.pt\/?p=22893\">Dois n\u00fameros irracionais<\/a>  2 de Novembro de 2022<\/li><li><a href=\"https:\/\/www.acasinhadamatematica.pt\/?p=22882\">Qual \u00e9 o n\u00famero irracional?<\/a>  2 de Novembro de 2022<\/li><li><a href=\"https:\/\/www.acasinhadamatematica.pt\/?p=22869\">Quais s\u00e3o os n\u00fameros irracionais?<\/a>  2 de Novembro de 2022<\/li><li><a href=\"https:\/\/www.acasinhadamatematica.pt\/?p=22864\">Uma sonda sonora especial<\/a>  1 de Novembro de 2022<\/li><li><a href=\"https:\/\/www.acasinhadamatematica.pt\/?p=22857\">O nan\u00f3metro<\/a>  1 de Novembro de 2022<\/li><li><a href=\"https:\/\/www.acasinhadamatematica.pt\/?p=22851\">Seja <em>r<\/em> um n\u00famero real positivo<\/a>  1 de Novembro de 2022<\/li><li><a href=\"https:\/\/www.acasinhadamatematica.pt\/?p=22844\">A cidade de Nova Iorque<\/a>  1 de Novembro de 2022<\/li><li><a href=\"https:\/\/www.acasinhadamatematica.pt\/?p=22840\">Como se escreve o n\u00famero?<\/a>  1 de Novembro de 2022<\/li><li><a href=\"https:\/\/www.acasinhadamatematica.pt\/?p=22835\">Qual dos seguintes n\u00fameros \u00e9 superior a \u03c0?<\/a>  31 de Outubro de 2022<\/li><li><a href=\"https:\/\/www.acasinhadamatematica.pt\/?p=22823\">O Museu do Louvre<\/a>  31 de Outubro de 2022<\/li><li><a href=\"https:\/\/www.acasinhadamatematica.pt\/?p=22816\">Mol\u00e9culas de \u00e1gua<\/a>  31 de Outubro de 2022<\/li><li><a href=\"https:\/\/www.acasinhadamatematica.pt\/?p=22813\">A massa do Sol<\/a>  31 de Outubro de 2022<\/li><li><a href=\"https:\/\/www.acasinhadamatematica.pt\/?p=22806\">A aula de Matem\u00e1tica da Rita<\/a>  31 de Outubro de 2022<\/li><li><a href=\"https:\/\/www.acasinhadamatematica.pt\/?p=22803\">Calcula<\/a>  31 de Outubro de 2022<\/li><li><a href=\"https:\/\/www.acasinhadamatematica.pt\/?p=22788\">O di\u00e2metro da estrela gigante Antares<\/a>  30 de Outubro de 2022<\/li><li><a href=\"https:\/\/www.acasinhadamatematica.pt\/?p=22782\">Representa os n\u00fameros em nota\u00e7\u00e3o cient\u00edfica<\/a>  30 de Outubro de 2022<\/li><li><a href=\"https:\/\/www.acasinhadamatematica.pt\/?p=22773\">Observa as \u00e1reas de alguns desertos do mundo<\/a>  30 de Outubro de 2022<\/li><li><a href=\"https:\/\/www.acasinhadamatematica.pt\/?p=22769\">Sem recorrer \u00e0 calculadora<\/a>  30 de Outubro de 2022<\/li><li><a href=\"https:\/\/www.acasinhadamatematica.pt\/?p=22765\">Calcula<\/a>  30 de Outubro de 2022<\/li><li><a href=\"https:\/\/www.acasinhadamatematica.pt\/?p=22762\">Considera os n\u00fameros<\/a>  30 de Outubro de 2022<\/li><li><a href=\"https:\/\/www.acasinhadamatematica.pt\/?p=22761\">O produto de A por B<\/a>  30 de Outubro de 2022<\/li><li><a href=\"https:\/\/www.acasinhadamatematica.pt\/?p=22757\">Considera \\(A = 7 \\times {10^5}\\) e \\(B = 5 \\times {10^{ &#8211; 3}}\\)<\/a>  30 de Outubro de 2022<\/li><li><a href=\"https:\/\/www.acasinhadamatematica.pt\/?p=22750\">Calcula, apresentando o resultado em nota\u00e7\u00e3o cient\u00edfica<\/a>  30 de Outubro de 2022<\/li><li><a href=\"https:\/\/www.acasinhadamatematica.pt\/?p=22743\">N\u00famero de habitantes<\/a>  30 de Outubro de 2022<\/li><li><a href=\"https:\/\/www.acasinhadamatematica.pt\/?p=22740\">Coloca os s\u00edmbolos  ou =<\/a>  30 de Outubro de 2022<\/li><li><a href=\"https:\/\/www.acasinhadamatematica.pt\/?p=22736\">Considera os seguintes n\u00fameros<\/a>  30 de Outubro de 2022<\/li><li><a href=\"https:\/\/www.acasinhadamatematica.pt\/?p=22731\">Indica a ordem de grandeza<\/a>  30 de Outubro de 2022<\/li><li><a href=\"https:\/\/www.acasinhadamatematica.pt\/?p=22727\">Escreve cada n\u00famero<\/a>  30 de Outubro de 2022<\/li><li><a href=\"https:\/\/www.acasinhadamatematica.pt\/?p=22722\">Escreve em nota\u00e7\u00e3o cient\u00edfica<\/a>  30 de Outubro de 2022<\/li><li><a href=\"https:\/\/www.acasinhadamatematica.pt\/?p=22711\">Copia e completa<\/a>  29 de Outubro de 2022<\/li><li><a href=\"https:\/\/www.acasinhadamatematica.pt\/?p=22505\">A unidade astron\u00f3mica e o Sistema Solar<\/a>  25 de Outubro de 2022<\/li><li><a href=\"https:\/\/www.acasinhadamatematica.pt\/?p=22696\">Fra\u00e7\u00f5es equivalentes a fra\u00e7\u00f5es decimais<\/a>  22 de Outubro de 2022<\/li><li><a href=\"https:\/\/www.acasinhadamatematica.pt\/?p=22691\">Seja <em>n<\/em> un n\u00famero natural, diferente de 1<\/a>  22 de Outubro de 2022<\/li><li><a href=\"https:\/\/www.acasinhadamatematica.pt\/?p=22682\">A Clara, o Hugo e a Marta<\/a>  22 de Outubro de 2022<\/li><li><a href=\"https:\/\/www.acasinhadamatematica.pt\/?p=22669\">Verdadeiras ou falsas?<\/a>  22 de Outubro de 2022<\/li><li><a href=\"https:\/\/www.acasinhadamatematica.pt\/?p=22665\">A decomposi\u00e7\u00e3o decimal de um n\u00famero<\/a>  22 de Outubro de 2022<\/li><li><a href=\"https:\/\/www.acasinhadamatematica.pt\/?p=22661\">O n\u00famero racional \\(4,\\left( 5 \\right)\\)<\/a>  22 de Outubro de 2022<\/li><li><a href=\"https:\/\/www.acasinhadamatematica.pt\/?p=22650\">Considera as seguintes fra\u00e7\u00f5es<\/a>  22 de Outubro de 2022<\/li><li><a href=\"https:\/\/www.acasinhadamatematica.pt\/?p=22632\">Escrevendo sob a forma de pot\u00eancias de base 3<\/a>  22 de Outubro de 2022<\/li><li><a href=\"https:\/\/www.acasinhadamatematica.pt\/?p=22617\">Escreve sob a forma de pot\u00eancia de base 10<\/a>  22 de Outubro de 2022<\/li><li><a href=\"https:\/\/www.acasinhadamatematica.pt\/?p=22606\">Uma sequ\u00eancia de d\u00edzimas finitas<\/a>  22 de Outubro de 2022<\/li><li><a href=\"https:\/\/www.acasinhadamatematica.pt\/?p=22603\">Efetua a decomposi\u00e7\u00e3o decimal<\/a>  22 de Outubro de 2022<\/li><li><a href=\"https:\/\/www.acasinhadamatematica.pt\/?p=22595\">Disp\u00f5e, por ordem crescente<\/a>  22 de Outubro de 2022<\/li><li><a href=\"https:\/\/www.acasinhadamatematica.pt\/?p=22585\">Escreve sob a forma de d\u00edzima<\/a>  21 de Outubro de 2022<\/li><li><a href=\"https:\/\/www.acasinhadamatematica.pt\/?p=22573\">No cart\u00e3o<\/a>  21 de Outubro de 2022<\/li><li><a href=\"https:\/\/www.acasinhadamatematica.pt\/?p=22560\">Faz corresponder a cada express\u00e3o o seu valor num\u00e9rico<\/a>  21 de Outubro de 2022<\/li><li><a href=\"https:\/\/www.acasinhadamatematica.pt\/?p=22553\">Determina o valor das express\u00f5es num\u00e9ricas<\/a>  21 de Outubro de 2022<\/li><li><a href=\"https:\/\/www.acasinhadamatematica.pt\/?p=22550\">Decomp\u00f5e cada pot\u00eancia<\/a>  21 de Outubro de 2022<\/li><li><a href=\"https:\/\/www.acasinhadamatematica.pt\/?p=22547\">Seja\u00a0\\(a\\) um n\u00famero maior do de\u00a0\\(1\\)<\/a>  21 de Outubro de 2022<\/li><li><a href=\"https:\/\/www.acasinhadamatematica.pt\/?p=22543\">Seja \\(a\\) um n\u00famero maior do que \\(1\\)<\/a>  21 de Outubro de 2022<\/li><li><a href=\"https:\/\/www.acasinhadamatematica.pt\/?p=22538\">Coloca as seguintes pot\u00eancias por ordem crescente<\/a>  21 de Outubro de 2022<\/li><li><a href=\"https:\/\/www.acasinhadamatematica.pt\/?p=22527\">Determina o n\u00famero<\/a>  21 de Outubro de 2022<\/li><li><a href=\"https:\/\/www.acasinhadamatematica.pt\/?p=22499\">Efetua a decomposi\u00e7\u00e3o decimal<\/a>  20 de Outubro de 2022<\/li><li><a href=\"https:\/\/www.acasinhadamatematica.pt\/?p=22487\">Representa na reta num\u00e9rica<\/a>  20 de Outubro de 2022<\/li><li><a href=\"https:\/\/www.acasinhadamatematica.pt\/?p=22473\">Escreve na forma de fra\u00e7\u00e3o irredut\u00edvel<\/a>  20 de Outubro de 2022<\/li><li><a href=\"https:\/\/www.acasinhadamatematica.pt\/?p=22464\">Disp\u00f5e, por ordem crescente<\/a>  20 de Outubro de 2022<\/li><li><a href=\"https:\/\/www.acasinhadamatematica.pt\/?p=22458\">Compara os n\u00fameros<\/a>  20 de Outubro de 2022<\/li><li><a href=\"https:\/\/www.acasinhadamatematica.pt\/?p=22452\">Qual dos n\u00fameros \u00e9 maior?<\/a>  20 de Outubro de 2022<\/li><li><a href=\"https:\/\/www.acasinhadamatematica.pt\/?p=22444\">Considera os seguintes n\u00fameros<\/a>  19 de Outubro de 2022<\/li><li><a href=\"https:\/\/www.acasinhadamatematica.pt\/?p=22441\">Efetua a decomposi\u00e7\u00e3o decimal<\/a>  19 de Outubro de 2022<\/li><li><a href=\"https:\/\/www.acasinhadamatematica.pt\/?p=22438\">Representa na reta num\u00e9rica<\/a>  19 de Outubro de 2022<\/li><li><a href=\"https:\/\/www.acasinhadamatematica.pt\/?p=22428\">Considera os n\u00fameros seguintes<\/a>  19 de Outubro de 2022<\/li><li><a href=\"https:\/\/www.acasinhadamatematica.pt\/?p=22417\">Representa na forma de fra\u00e7\u00e3o<\/a>  19 de Outubro de 2022<\/li><li><a href=\"https:\/\/www.acasinhadamatematica.pt\/?p=22389\">Considera os n\u00fameros racionais<\/a>  18 de Outubro de 2022<\/li><li><a href=\"https:\/\/www.acasinhadamatematica.pt\/?p=22369\">Representa na forma de fra\u00e7\u00e3o<\/a>  18 de Outubro de 2022<\/li><li><a href=\"https:\/\/www.acasinhadamatematica.pt\/?p=22342\">Considera os seguintes n\u00fameros racionais<\/a>  17 de Outubro de 2022<\/li><li><a href=\"https:\/\/www.acasinhadamatematica.pt\/?p=22330\">Calcula o valor das express\u00f5es num\u00e9ricas<\/a>  16 de Outubro de 2022<\/li><li><a href=\"https:\/\/www.acasinhadamatematica.pt\/?p=22327\">Reduz a uma pot\u00eancia de expoente positivo<\/a>  16 de Outubro de 2022<\/li><li><a href=\"https:\/\/www.acasinhadamatematica.pt\/?p=22307\">Escreve sob a forma de pot\u00eancia de base \\( &#8211; 4\\)<\/a>  16 de Outubro de 2022<\/li><li><a href=\"https:\/\/www.acasinhadamatematica.pt\/?p=22300\">Escreve sob a forma de pot\u00eancia de expoente positivo<\/a>  16 de Outubro de 2022<\/li><li><a href=\"https:\/\/www.acasinhadamatematica.pt\/?p=22293\">Apresenta cada express\u00e3o na forma de pot\u00eancia<\/a>  16 de Outubro de 2022<\/li><li><a href=\"https:\/\/www.acasinhadamatematica.pt\/?p=22272\">Calcula o valor num\u00e9rico<\/a>  15 de Outubro de 2022<\/li><\/ul>\n","protected":false},"excerpt":{"rendered":"<p><ul id='GTTabs_ul_22291' class='GTTabs' style='display:none'>\n<li id='GTTabs_li_0_22291' class='GTTabs_curr'><a  id=\"22291_0\" onMouseOver=\"GTTabsShowLinks('Enunciado'); return true;\"  onMouseOut=\"GTTabsShowLinks();\"  class='GTTabsLinks'>Enunciado<\/a><\/li>\n<li id='GTTabs_li_1_22291'><a  id=\"22291_1\" onMouseOver=\"GTTabsShowLinks('Resolu\u00e7\u00e3o'); return true;\"  onMouseOut=\"GTTabsShowLinks();\"  class='GTTabsLinks'>Resolu\u00e7\u00e3o<\/a><\/li>\n<\/ul>\n\n\n<span class='GTTabs_titles'><b>Enunciado<\/b><\/span><\/p>\n<p>Calcula o valor num\u00e9rico de cada uma das seguintes express\u00f5es:<\/p>\n<table>\n\n<tr>\n<td style=\"width: 50%; text-align: left;\">\n<ol>\n<li>\\({0^3}\\)<\/li>\n<li>\\({7^2}\\)<\/li>\n<li>\\({\\left( { &#8211; 7} \\right)^2}\\)<\/li>\n<li>\\({10^2}\\)<\/li>\n<li>\\({\\left( { &#8211; 10} \\right)^3}\\)<\/li>\n<li>\\( &#8211; {10^2}\\)<\/li>\n<li>\\({\\left( {\\frac{3}{5}} \\right)^2}\\)<\/li>\n<\/ol>\n<\/td>\n<td style=\"width: 50%; text-align: left;\">\n<ol start=\"8\">\n<li>\\({\\left( { &#8211; \\frac{3}{5}} \\right)^2}\\)<\/li>\n<li>\\({\\left( { &#8211; \\frac{3}{5}} \\right)^3}\\)<\/li>\n<li>\\({\\left( {\\frac{3}{5}} \\right)^3}\\)<\/li>\n<li>\\({\\left( { &#8211; 0,3} \\right)^5}\\)<\/li>\n<li>\\({\\left( { &#8211; 0,3} \\right)^4}\\)<\/li>\n<li>\\({0,3^5}\\)<\/li>\n<li>\\({0,3^4}\\)<\/li>\n<\/ol>\n<\/td>\n<\/tr>\n\n<\/table>\n<p><span style=\"color: initial; font-size: revert;\"><span class='GTTabs_nav_next'><a href='#GTTabs_ul_22291' onClick='GTTabs_show(1,22291)'>Resolu\u00e7\u00e3o &gt;&gt;<\/a><\/span>\n\n\n<span class='GTTabs_titles'><b>Resolu\u00e7\u00e3o<\/b><\/span><\/span><br \/><\/p><span class='GTTabs_nav_prev'><a href='#GTTabs_ul_22291' onClick='GTTabs_show(0,22291)'>&lt;&lt; Enunciado<\/a><\/span>&hellip; <a href=\"https:\/\/www.acasinhadamatematica.pt\/?page_id=22291\" class=\"read-more\">Ler mais <\/a>","protected":false},"author":1,"featured_media":0,"parent":3494,"menu_order":3,"comment_status":"closed","ping_status":"closed","template":"","meta":{"footnotes":""},"class_list":["post-22291","page","type-page","status-publish","hentry"],"jetpack_sharing_enabled":true,"jetpack_likes_enabled":true,"_links":{"self":[{"href":"https:\/\/www.acasinhadamatematica.pt\/index.php?rest_route=\/wp\/v2\/pages\/22291","targetHints":{"allow":["GET"]}}],"collection":[{"href":"https:\/\/www.acasinhadamatematica.pt\/index.php?rest_route=\/wp\/v2\/pages"}],"about":[{"href":"https:\/\/www.acasinhadamatematica.pt\/index.php?rest_route=\/wp\/v2\/types\/page"}],"author":[{"embeddable":true,"href":"https:\/\/www.acasinhadamatematica.pt\/index.php?rest_route=\/wp\/v2\/users\/1"}],"replies":[{"embeddable":true,"href":"https:\/\/www.acasinhadamatematica.pt\/index.php?rest_route=%2Fwp%2Fv2%2Fcomments&post=22291"}],"version-history":[{"count":0,"href":"https:\/\/www.acasinhadamatematica.pt\/index.php?rest_route=\/wp\/v2\/pages\/22291\/revisions"}],"up":[{"embeddable":true,"href":"https:\/\/www.acasinhadamatematica.pt\/index.php?rest_route=\/wp\/v2\/pages\/3494"}],"wp:attachment":[{"href":"https:\/\/www.acasinhadamatematica.pt\/index.php?rest_route=%2Fwp%2Fv2%2Fmedia&parent=22291"}],"curies":[{"name":"wp","href":"https:\/\/api.w.org\/{rel}","templated":true}]}}