{"id":2,"date":"2009-11-28T23:04:27","date_gmt":"2009-11-28T23:04:27","guid":{"rendered":"https:\/\/www.acasinhadamatematica.pt\/?page_id=2"},"modified":"2010-07-20T18:50:49","modified_gmt":"2010-07-20T17:50:49","slug":"sobre","status":"publish","type":"page","link":"https:\/\/www.acasinhadamatematica.pt\/?page_id=2","title":{"rendered":"Acerca"},"content":{"rendered":"<p>Este \u00e9 um exemplo de uma p\u00e1gina do WordPress. Poderia edit\u00e1-la para colocar informa\u00e7\u00f5es sobre si ou sobre o seu site. \u00e9 poss\u00edvel criar tantas p\u00e1ginas deste tipo quantas pretender e gerir todo o conte\u00fado a partir do WordPress.<\/p>\n","protected":false},"excerpt":{"rendered":"<p>Este \u00e9 um exemplo de uma p\u00e1gina do WordPress. Poderia edit\u00e1-la para colocar informa\u00e7\u00f5es sobre si ou sobre o seu site. \u00e9 poss\u00edvel criar tantas p\u00e1ginas deste tipo quantas pretender e gerir todo o&#46;&#46;&#46;<\/p>\n","protected":false},"author":1,"featured_media":0,"parent":0,"menu_order":2,"comment_status":"open","ping_status":"closed","template":"","meta":{"footnotes":""},"class_list":["post-2","page","type-page","status-publish","hentry"],"jetpack_sharing_enabled":true,"jetpack_likes_enabled":true,"_links":{"self":[{"href":"https:\/\/www.acasinhadamatematica.pt\/index.php?rest_route=\/wp\/v2\/pages\/2","targetHints":{"allow":["GET"]}}],"collection":[{"href":"https:\/\/www.acasinhadamatematica.pt\/index.php?rest_route=\/wp\/v2\/pages"}],"about":[{"href":"https:\/\/www.acasinhadamatematica.pt\/index.php?rest_route=\/wp\/v2\/types\/page"}],"author":[{"embeddable":true,"href":"https:\/\/www.acasinhadamatematica.pt\/index.php?rest_route=\/wp\/v2\/users\/1"}],"replies":[{"embeddable":true,"href":"https:\/\/www.acasinhadamatematica.pt\/index.php?rest_route=%2Fwp%2Fv2%2Fcomments&post=2"}],"version-history":[{"count":1,"href":"https:\/\/www.acasinhadamatematica.pt\/index.php?rest_route=\/wp\/v2\/pages\/2\/revisions"}],"predecessor-version":[{"id":10,"href":"https:\/\/www.acasinhadamatematica.pt\/index.php?rest_route=\/wp\/v2\/pages\/2\/revisions\/10"}],"wp:attachment":[{"href":"https:\/\/www.acasinhadamatematica.pt\/index.php?rest_route=%2Fwp%2Fv2%2Fmedia&parent=2"}],"curies":[{"name":"wp","href":"https:\/\/api.w.org\/{rel}","templated":true}]}}